{"id":1822,"date":"2021-12-22T15:35:36","date_gmt":"2021-12-22T20:35:36","guid":{"rendered":"https:\/\/yci.org\/herstart\/programmes-de-benevolat-herstart\/"},"modified":"2025-05-20T00:59:27","modified_gmt":"2025-05-20T04:59:27","slug":"programmes-de-benevolat-herstart","status":"publish","type":"page","link":"https:\/\/yci.org\/herstart\/fr\/programmes-de-benevolat-herstart\/","title":{"rendered":"Programmes de b\u00e9n\u00e9volat HerStart"},"content":{"rendered":"\n<h1  data-animation-delay=\"0\" data-animation-duration=\"1\">\n\t\t\tProgrammes de volontariat HerStart\t<\/h1>\n\t<p>Les programmes de volontariat HerStart sont des occasions de volontaires enrichissantes qui correspondent \u00e0 vos comp\u00e9tences et \u00e0 vos int\u00e9r\u00eats, et qui vous permettent d&rsquo;\u00e9largir vos connaissances et de contribuer \u00e0 l&rsquo;\u00e9galit\u00e9 des sexes et au d\u00e9veloppement durable de fa\u00e7on nouvelle et dynamique.<\/p>\n<p>Trouvez la bonne occasion pour vous de faire du volontariat international.<\/p>\n\t\t\t<a href=\"https:\/\/yci.org\/herstart\/fr\/les-occasions\/\" target=\"_self\">\n\t\t\t\t\t\t\tVoir les occasions\n\t\t\t\t\t<\/a>\n\t\t\t<a href=\"#types\" target=\"_self\">\n\t\t\t\t\t\t\tEn savoir plus sur les volontaires\n\t\t\t\t\t<\/a>\n<h2>\n\t\t\tTypes de programmes de volontaire\t<\/h2>\n\t\t\t\t<img decoding=\"async\" src=\"https:\/\/yci.org\/herstart\/wp-content\/uploads\/sites\/7\/\/2020\/12\/elipses.svg\" alt=\"Underline detail\" itemprop=\"image\" height=\"8\" width=\"38\" title=\"elipses\" onerror=\"this.style.display='none'\" loading='lazy' \/>\n<h3>\n\t\t\tProgramme de b\u00e9n\u00e9volat international \t<\/h3>\n\t<p>Voyagez \u00e0 l&rsquo;\u00e9tranger pour acqu\u00e9rir une exp\u00e9rience en mati\u00e8re de d\u00e9veloppement international et d\u00e9velopper votre carri\u00e8re tout en vous associant \u00e0 des femmes pour stimuler l&rsquo;entrepreneuriat, l&rsquo;action climatique et l&rsquo;\u00e9galit\u00e9 entre les sexes. <\/p>\n\t\t\t<a href=\"\/herstart\/fr\/programme-de-benevolat-international\/\" target=\"_self\">\n\t\t\t\t\t\t\tApprenez-en davantage sur les programmes de volontaire\n\t\t\t\t\t<\/a>\n<h2>\n\t\t\tExp\u00e9riences con\u00e7ues pour votre avenir \t<\/h2>\n\t\t\t\t<img decoding=\"async\" src=\"https:\/\/yci.org\/herstart\/wp-content\/uploads\/sites\/7\/\/2020\/12\/elipses.svg\" alt=\"Underline detail\" itemprop=\"image\" height=\"8\" width=\"38\" title=\"elipses\" onerror=\"this.style.display='none'\" loading='lazy' \/>\n\t<p>Une volontaire HerStart repr\u00e9sente une exp\u00e9rience particuli\u00e8re pour les Canadiennes, construite autour de vos diverses comp\u00e9tences, connaissances et passions, notamment:<\/p>\n\t\t\t<a href=\"https:\/\/yci.org\/herstart\/opportunities\/\" target=\"_self\">\n\t\t\t\t\t\t\tExplorer toutes les occasions \n\t\t\t\t\t<\/a>\n\t\t\t\t<img decoding=\"async\" src=\"https:\/\/yci.org\/herstart\/wp-content\/uploads\/sites\/7\/\/2021\/01\/HerStart_Gender-Equality.svg\" alt=\"Ic\u00f4ne d&#039;un signe \u00e9gal avec une balance\" itemprop=\"image\" height=\"0\" width=\"0\" title=\"HerStart_Gender Equality\" onerror=\"this.style.display='none'\" loading='lazy' \/>\n\t<p>\u00c9galit\u00e9 entre les sexes <\/p>\n\t<p>Soutenir YCI et les partenaires mondiaux pour identifier les barri\u00e8res entre les sexes, concevoir des solutions adapt\u00e9es au genre et amplifier les points forts des femmes.\u00a0<\/p>\n\t\t\t<a href=\"https:\/\/yci.org\/herstart\/opportunities\/?role%5B%5D=gender-equality\" target=\"_self\">\n\t\t\t\t\t\t\tVoir les occasions \n\t\t\t\t\t<\/a>\n\t\t\t\t<img decoding=\"async\" src=\"https:\/\/yci.org\/herstart\/wp-content\/uploads\/sites\/7\/\/2021\/01\/HerStart_Climate-Action.svg\" alt=\"Ic\u00f4ne d&#039;un monde qui tourne\" itemprop=\"image\" height=\"0\" width=\"0\" title=\"HerStart_Climate Action\" onerror=\"this.style.display='none'\" loading='lazy' \/>\n\t<p>Action climatique <\/p>\n\t<p>Joignez-vous \u00e0 l&rsquo;\u00e9quipe pour soutenir la sensibilisation aux probl\u00e8mes environnementaux, la conception de solutions adapt\u00e9es au climat et la cr\u00e9ation d&rsquo;un r\u00e9seau d&rsquo;entreprises vertes.<\/p>\n\t\t\t<a href=\"https:\/\/yci.org\/herstart\/opportunities\/?role%5B%5D=climate-action\" target=\"_self\">\n\t\t\t\t\t\t\tVoir les occasions \n\t\t\t\t\t<\/a>\n\t\t\t\t<img decoding=\"async\" src=\"https:\/\/yci.org\/herstart\/wp-content\/uploads\/sites\/7\/\/2021\/01\/HerStart_Monitoring-Evaluation.svg\" alt=\"Icon of a magnifying glass looking at a plant\" itemprop=\"image\" height=\"0\" width=\"0\" title=\"HerStart_Monitoring &amp; Evaluation\" onerror=\"this.style.display='none'\" loading='lazy' \/>\n\t<p>Suivi &amp; \u00e9valuation <\/p>\n\t<p>Mettez \u00e0 profit vos comp\u00e9tences en mati\u00e8re de collecte de donn\u00e9es, d&rsquo;analyse et de r\u00e9daction de compte rendu sur des sujets essentiels tels que l&rsquo;autonomisation des femmes, l&rsquo;action climatique et l&rsquo;entrepreneuriat social. <\/p>\n\t\t\t<a href=\"https:\/\/yci.org\/herstart\/opportunities\/?role%5B%5D=monitoring-evaluation\" target=\"_self\">\n\t\t\t\t\t\t\tVoir les occasions \n\t\t\t\t\t<\/a>\n\t\t\t\t<img decoding=\"async\" src=\"https:\/\/yci.org\/herstart\/wp-content\/uploads\/sites\/7\/\/2021\/01\/HerStart_Communications.svg\" alt=\"Ic\u00f4ne d&#039;une bulle de dialogue avec des n\u0153uds de connexion\" itemprop=\"image\" height=\"0\" width=\"0\" title=\"HerStart_Communications\" onerror=\"this.style.display='none'\" loading='lazy' \/>\n\t<p>Communications &amp; formation<\/p>\n\t<p>Utilisez vos comp\u00e9tences cr\u00e9atives pour concevoir et mettre en place des formations et des supports de communication innovants pour vos cons\u0153urs, les partenaires et les femmes entrepreneurs de HerStart.\u00a0\u00a0<\/p>\n\t\t\t<a href=\"https:\/\/yci.org\/herstart\/opportunities\/?role%5B%5D=communications-training\" target=\"_self\">\n\t\t\t\t\t\t\tVoir les occasions \n\t\t\t\t\t<\/a>\n\t\t\t\t<img decoding=\"async\" src=\"https:\/\/yci.org\/herstart\/wp-content\/uploads\/sites\/7\/\/2021\/01\/HerStart_Impact-Financing.svg\" alt=\"Icon of a plant with a positive graph coming out of it\" itemprop=\"image\" height=\"0\" width=\"0\" title=\"HerStart_Impact Financing\" onerror=\"this.style.display='none'\" loading='lazy' \/>\n\t<p>Finances &amp; entrepreneuriat <\/p>\n\t<p>Soutenir le d\u00e9veloppement et la mise en \u0153uvre du nouveau Fonds catalytique HerStart qui offre des opportunit\u00e9s d&rsquo;aide financi\u00e8re aux entreprises sociales dirig\u00e9es par des femmes. \u00a0 \u00a0<\/p>\n\t\t\t<a href=\"https:\/\/yci.org\/herstart\/opportunities\/\" target=\"_self\">\n\t\t\t\t\t\t\tVoir les occasions \n\t\t\t\t\t<\/a>\n\t\t\t\t<img decoding=\"async\" src=\"https:\/\/yci.org\/herstart\/wp-content\/uploads\/sites\/7\/\/2021\/01\/HerStart_Partnerships-Resources.svg\" alt=\"Icon of shaking hands\" itemprop=\"image\" height=\"0\" width=\"0\" title=\"HerStart_Partnerships &amp; Resources\" onerror=\"this.style.display='none'\" loading='lazy' \/>\n\t<p>Participation des volontaires<\/p>\n\t<p>Soutenir YCI et ses partenaires mondiaux pour concevoir et mettre en \u0153uvre des strat\u00e9gies efficaces de recrutement et de gestion des b\u00e9n\u00e9voles afin d&rsquo;am\u00e9liorer la qualit\u00e9 de l&rsquo;exp\u00e9rience des volontaires chez HerStart.\u00a0<\/p>\n\t\t\t<a href=\"https:\/\/yci.org\/herstart\/opportunities\/\" target=\"_self\">\n\t\t\t\t\t\t\tVoir les occasions \n\t\t\t\t\t<\/a>\n\n","protected":false},"excerpt":{"rendered":"<p>Programmes de volontariat HerStart Les programmes de volontariat HerStart sont des occasions de volontaires enrichissantes qui correspondent \u00e0 vos comp\u00e9tences et \u00e0 vos int\u00e9r\u00eats, et qui vous permettent d&rsquo;\u00e9largir vos connaissances et de contribuer \u00e0 l&rsquo;\u00e9galit\u00e9 des sexes et au d\u00e9veloppement durable de fa\u00e7on nouvelle et dynamique. Trouvez la bonne occasion pour vous de faire&hellip;<\/p>\n","protected":false},"author":8,"featured_media":1222,"parent":0,"menu_order":0,"comment_status":"closed","ping_status":"closed","template":"","meta":{"_acf_changed":false,"inline_featured_image":false,"footnotes":""},"class_list":["post-1822","page","type-page","status-publish","has-post-thumbnail","hentry"],"acf":[],"yoast_head":"<!-- This site is optimized with the Yoast SEO plugin v27.3 - https:\/\/yoast.com\/product\/yoast-seo-wordpress\/ -->\n<title>Programmes de b\u00e9n\u00e9volat HerStart - HerStart<\/title>\n<meta name=\"description\" content=\"Des opportunit\u00e9s de b\u00e9n\u00e9volat int\u00e9ressantes qui correspondent \u00e0 vos comp\u00e9tences et \u00e0 vos int\u00e9r\u00eats. Trouvez l&#039;opportunit\u00e9 internationale ou \u00e0 virtuel qui vous convient.\" \/>\n<meta name=\"robots\" content=\"index, follow, max-snippet:-1, max-image-preview:large, max-video-preview:-1\" \/>\n<link rel=\"canonical\" href=\"https:\/\/yci.org\/herstart\/fr\/programmes-de-benevolat-herstart\/\" \/>\n<meta property=\"og:locale\" content=\"fr_FR\" \/>\n<meta property=\"og:type\" content=\"article\" \/>\n<meta property=\"og:title\" content=\"Programmes de b\u00e9n\u00e9volat HerStart - HerStart\" \/>\n<meta property=\"og:description\" content=\"Des opportunit\u00e9s de b\u00e9n\u00e9volat int\u00e9ressantes qui correspondent \u00e0 vos comp\u00e9tences et \u00e0 vos int\u00e9r\u00eats. Trouvez l&#039;opportunit\u00e9 internationale ou \u00e0 virtuel qui vous convient.\" \/>\n<meta property=\"og:url\" content=\"https:\/\/yci.org\/herstart\/fr\/programmes-de-benevolat-herstart\/\" \/>\n<meta property=\"og:site_name\" content=\"HerStart\" \/>\n<meta property=\"article:modified_time\" content=\"2025-05-20T04:59:27+00:00\" \/>\n<meta property=\"og:image\" content=\"https:\/\/yci.org\/herstart\/wp-content\/uploads\/sites\/7\/2021\/01\/alt-3-1.jpg\" \/>\n\t<meta property=\"og:image:width\" content=\"1100\" \/>\n\t<meta property=\"og:image:height\" content=\"1000\" \/>\n\t<meta property=\"og:image:type\" content=\"image\/jpeg\" \/>\n<meta name=\"twitter:card\" content=\"summary_large_image\" \/>\n<meta name=\"twitter:label1\" content=\"Dur\u00e9e de lecture estim\u00e9e\" \/>\n\t<meta name=\"twitter:data1\" content=\"2 minutes\" \/>\n<script type=\"application\/ld+json\" class=\"yoast-schema-graph\">{\"@context\":\"https:\\\/\\\/schema.org\",\"@graph\":[{\"@type\":\"WebPage\",\"@id\":\"https:\\\/\\\/yci.org\\\/herstart\\\/fr\\\/programmes-de-benevolat-herstart\\\/\",\"url\":\"https:\\\/\\\/yci.org\\\/herstart\\\/fr\\\/programmes-de-benevolat-herstart\\\/\",\"name\":\"Programmes de b\u00e9n\u00e9volat HerStart - HerStart\",\"isPartOf\":{\"@id\":\"https:\\\/\\\/yci.org\\\/herstart\\\/#website\"},\"primaryImageOfPage\":{\"@id\":\"https:\\\/\\\/yci.org\\\/herstart\\\/fr\\\/programmes-de-benevolat-herstart\\\/#primaryimage\"},\"image\":{\"@id\":\"https:\\\/\\\/yci.org\\\/herstart\\\/fr\\\/programmes-de-benevolat-herstart\\\/#primaryimage\"},\"thumbnailUrl\":\"https:\\\/\\\/yci.org\\\/herstart\\\/wp-content\\\/uploads\\\/sites\\\/7\\\/2021\\\/01\\\/alt-3-1.jpg\",\"datePublished\":\"2021-12-22T20:35:36+00:00\",\"dateModified\":\"2025-05-20T04:59:27+00:00\",\"description\":\"Des opportunit\u00e9s de b\u00e9n\u00e9volat int\u00e9ressantes qui correspondent \u00e0 vos comp\u00e9tences et \u00e0 vos int\u00e9r\u00eats. Trouvez l'opportunit\u00e9 internationale ou \u00e0 virtuel qui vous convient.\",\"breadcrumb\":{\"@id\":\"https:\\\/\\\/yci.org\\\/herstart\\\/fr\\\/programmes-de-benevolat-herstart\\\/#breadcrumb\"},\"inLanguage\":\"fr-FR\",\"potentialAction\":[{\"@type\":\"ReadAction\",\"target\":[\"https:\\\/\\\/yci.org\\\/herstart\\\/fr\\\/programmes-de-benevolat-herstart\\\/\"]}]},{\"@type\":\"ImageObject\",\"inLanguage\":\"fr-FR\",\"@id\":\"https:\\\/\\\/yci.org\\\/herstart\\\/fr\\\/programmes-de-benevolat-herstart\\\/#primaryimage\",\"url\":\"https:\\\/\\\/yci.org\\\/herstart\\\/wp-content\\\/uploads\\\/sites\\\/7\\\/2021\\\/01\\\/alt-3-1.jpg\",\"contentUrl\":\"https:\\\/\\\/yci.org\\\/herstart\\\/wp-content\\\/uploads\\\/sites\\\/7\\\/2021\\\/01\\\/alt-3-1.jpg\",\"width\":1100,\"height\":1000,\"caption\":\"Une femme portant un maillot de football tanzanien avec un bonnet en tricot regarde la cam\u00e9ra.\"},{\"@type\":\"BreadcrumbList\",\"@id\":\"https:\\\/\\\/yci.org\\\/herstart\\\/fr\\\/programmes-de-benevolat-herstart\\\/#breadcrumb\",\"itemListElement\":[{\"@type\":\"ListItem\",\"position\":1,\"name\":\"Home\",\"item\":\"https:\\\/\\\/yci.org\\\/herstart\\\/fr\\\/\"},{\"@type\":\"ListItem\",\"position\":2,\"name\":\"Programmes de b\u00e9n\u00e9volat HerStart\"}]},{\"@type\":\"WebSite\",\"@id\":\"https:\\\/\\\/yci.org\\\/herstart\\\/#website\",\"url\":\"https:\\\/\\\/yci.org\\\/herstart\\\/\",\"name\":\"HerStart\",\"description\":\"A Youth Challenge International Initiative\",\"potentialAction\":[{\"@type\":\"SearchAction\",\"target\":{\"@type\":\"EntryPoint\",\"urlTemplate\":\"https:\\\/\\\/yci.org\\\/herstart\\\/?s={search_term_string}\"},\"query-input\":{\"@type\":\"PropertyValueSpecification\",\"valueRequired\":true,\"valueName\":\"search_term_string\"}}],\"inLanguage\":\"fr-FR\"}]}<\/script>\n<!-- \/ Yoast SEO plugin. -->","yoast_head_json":{"title":"Programmes de b\u00e9n\u00e9volat HerStart - HerStart","description":"Des opportunit\u00e9s de b\u00e9n\u00e9volat int\u00e9ressantes qui correspondent \u00e0 vos comp\u00e9tences et \u00e0 vos int\u00e9r\u00eats. Trouvez l'opportunit\u00e9 internationale ou \u00e0 virtuel qui vous convient.","robots":{"index":"index","follow":"follow","max-snippet":"max-snippet:-1","max-image-preview":"max-image-preview:large","max-video-preview":"max-video-preview:-1"},"canonical":"https:\/\/yci.org\/herstart\/fr\/programmes-de-benevolat-herstart\/","og_locale":"fr_FR","og_type":"article","og_title":"Programmes de b\u00e9n\u00e9volat HerStart - HerStart","og_description":"Des opportunit\u00e9s de b\u00e9n\u00e9volat int\u00e9ressantes qui correspondent \u00e0 vos comp\u00e9tences et \u00e0 vos int\u00e9r\u00eats. Trouvez l'opportunit\u00e9 internationale ou \u00e0 virtuel qui vous convient.","og_url":"https:\/\/yci.org\/herstart\/fr\/programmes-de-benevolat-herstart\/","og_site_name":"HerStart","article_modified_time":"2025-05-20T04:59:27+00:00","og_image":[{"width":1100,"height":1000,"url":"https:\/\/yci.org\/herstart\/wp-content\/uploads\/sites\/7\/2021\/01\/alt-3-1.jpg","type":"image\/jpeg"}],"twitter_card":"summary_large_image","twitter_misc":{"Dur\u00e9e de lecture estim\u00e9e":"2 minutes"},"schema":{"@context":"https:\/\/schema.org","@graph":[{"@type":"WebPage","@id":"https:\/\/yci.org\/herstart\/fr\/programmes-de-benevolat-herstart\/","url":"https:\/\/yci.org\/herstart\/fr\/programmes-de-benevolat-herstart\/","name":"Programmes de b\u00e9n\u00e9volat HerStart - HerStart","isPartOf":{"@id":"https:\/\/yci.org\/herstart\/#website"},"primaryImageOfPage":{"@id":"https:\/\/yci.org\/herstart\/fr\/programmes-de-benevolat-herstart\/#primaryimage"},"image":{"@id":"https:\/\/yci.org\/herstart\/fr\/programmes-de-benevolat-herstart\/#primaryimage"},"thumbnailUrl":"https:\/\/yci.org\/herstart\/wp-content\/uploads\/sites\/7\/2021\/01\/alt-3-1.jpg","datePublished":"2021-12-22T20:35:36+00:00","dateModified":"2025-05-20T04:59:27+00:00","description":"Des opportunit\u00e9s de b\u00e9n\u00e9volat int\u00e9ressantes qui correspondent \u00e0 vos comp\u00e9tences et \u00e0 vos int\u00e9r\u00eats. Trouvez l'opportunit\u00e9 internationale ou \u00e0 virtuel qui vous convient.","breadcrumb":{"@id":"https:\/\/yci.org\/herstart\/fr\/programmes-de-benevolat-herstart\/#breadcrumb"},"inLanguage":"fr-FR","potentialAction":[{"@type":"ReadAction","target":["https:\/\/yci.org\/herstart\/fr\/programmes-de-benevolat-herstart\/"]}]},{"@type":"ImageObject","inLanguage":"fr-FR","@id":"https:\/\/yci.org\/herstart\/fr\/programmes-de-benevolat-herstart\/#primaryimage","url":"https:\/\/yci.org\/herstart\/wp-content\/uploads\/sites\/7\/2021\/01\/alt-3-1.jpg","contentUrl":"https:\/\/yci.org\/herstart\/wp-content\/uploads\/sites\/7\/2021\/01\/alt-3-1.jpg","width":1100,"height":1000,"caption":"Une femme portant un maillot de football tanzanien avec un bonnet en tricot regarde la cam\u00e9ra."},{"@type":"BreadcrumbList","@id":"https:\/\/yci.org\/herstart\/fr\/programmes-de-benevolat-herstart\/#breadcrumb","itemListElement":[{"@type":"ListItem","position":1,"name":"Home","item":"https:\/\/yci.org\/herstart\/fr\/"},{"@type":"ListItem","position":2,"name":"Programmes de b\u00e9n\u00e9volat HerStart"}]},{"@type":"WebSite","@id":"https:\/\/yci.org\/herstart\/#website","url":"https:\/\/yci.org\/herstart\/","name":"HerStart","description":"A Youth Challenge International Initiative","potentialAction":[{"@type":"SearchAction","target":{"@type":"EntryPoint","urlTemplate":"https:\/\/yci.org\/herstart\/?s={search_term_string}"},"query-input":{"@type":"PropertyValueSpecification","valueRequired":true,"valueName":"search_term_string"}}],"inLanguage":"fr-FR"}]}},"_links":{"self":[{"href":"https:\/\/yci.org\/herstart\/fr\/wp-json\/wp\/v2\/pages\/1822","targetHints":{"allow":["GET"]}}],"collection":[{"href":"https:\/\/yci.org\/herstart\/fr\/wp-json\/wp\/v2\/pages"}],"about":[{"href":"https:\/\/yci.org\/herstart\/fr\/wp-json\/wp\/v2\/types\/page"}],"author":[{"embeddable":true,"href":"https:\/\/yci.org\/herstart\/fr\/wp-json\/wp\/v2\/users\/8"}],"replies":[{"embeddable":true,"href":"https:\/\/yci.org\/herstart\/fr\/wp-json\/wp\/v2\/comments?post=1822"}],"version-history":[{"count":0,"href":"https:\/\/yci.org\/herstart\/fr\/wp-json\/wp\/v2\/pages\/1822\/revisions"}],"wp:featuredmedia":[{"embeddable":true,"href":"https:\/\/yci.org\/herstart\/fr\/wp-json\/wp\/v2\/media\/1222"}],"wp:attachment":[{"href":"https:\/\/yci.org\/herstart\/fr\/wp-json\/wp\/v2\/media?parent=1822"}],"curies":[{"name":"wp","href":"https:\/\/api.w.org\/{rel}","templated":true}]}}