{"id":1465,"date":"2020-11-12T11:32:22","date_gmt":"2020-11-12T16:32:22","guid":{"rendered":"https:\/\/yci.org\/herstart\/investir\/"},"modified":"2021-10-21T16:27:32","modified_gmt":"2021-10-21T20:27:32","slug":"investir","status":"publish","type":"page","link":"https:\/\/yci.org\/herstart\/fr\/investir\/","title":{"rendered":"Investir"},"content":{"rendered":"\n<h1>\n\t\tInvestir dans HerStart\n\t<\/h1>\n\t<p>Investir dans l&rsquo;\u00e9galit\u00e9 des sexes est le meilleur choix que vous pouvez faire pour notre avenir. HerStart facilite le soutien de la prochaine vague d&rsquo;entreprises sociales dirig\u00e9es par des femmes.<\/p>\n\t\t\t<a href=\"#ways-to-invest\" target=\"_self\" role=\"button\" rel=\"noopener\">\n\t\t\t\t\t\t\tInvestir d\u00e8s aujourd&rsquo;hui\n\t\t\t\t\t<\/a>\n\t<p>Aller \u00e0<\/p>\n<h2>\n\t\tPourquoi contribuer \u00e0 HerStart?\n\t<\/h2>\n\t\t\t\t<img decoding=\"async\" src=\"https:\/\/yci.org\/herstart\/wp-content\/uploads\/sites\/7\/\/2020\/12\/elipses.svg\" alt=\"Underline detail\" itemprop=\"image\" title=\"elipses\" onerror=\"this.style.display='none'\"  \/>\n\t<p>Si vous d\u00e9fendez l&rsquo;\u00e9galit\u00e9 des sexes, l&rsquo;action climatique, l&rsquo;entrepreneuriat social et le pouvoir des entreprises dirig\u00e9es par des femmes, HerStart est une fa\u00e7on unique de mettre votre argent \u00e0 contribution pour une bonne cause. Au cours des sept prochaines ann\u00e9es, HerStart soutiendra les jeunes femmes pour qu&rsquo;elles deviennent des entrepreneures sociales, et vous pourrez participer \u00e0 cette histoire remarquable.<\/p>\n\n<p>Le fonds catalyseur HerStart est un tremplin pour les jeunes entrepreneures sociales du Ghana, de la Tanzanie et de l&rsquo;Ouganda qui participent aux programmes HerStart. L&rsquo;objectif du fonds est simple\u00a0: rendre les entreprises dirig\u00e9es par des femmes r\u00e9silientes et durables en fournissant un financement d&rsquo;amor\u00e7age essentiel et un mentorat continu qui peut les aider \u00e0 prosp\u00e9rer.<\/p>\n<p>Ensemble, nous fa\u00e7onnons un \u00e9cosyst\u00e8me d&rsquo;entrepreneuriat social qui favorise une \u00e9conomie plus \u00e9galitaire, plus r\u00e9siliente face au climat et plus inclusive.<\/p>\n\t\t\t<a href=\"#ways-to-invest\" target=\"_self\" role=\"button\" rel=\"noopener\">\n\t\t\t\t\t\t\tInvestir d\u00e8s aujourd&rsquo;hui\n\t\t\t\t\t<\/a>\n\t\t\t\t<img loading=\"lazy\" decoding=\"async\" src=\"https:\/\/yci.org\/herstart\/wp-content\/uploads\/sites\/7\/2021\/01\/invest-hero.jpg\" alt=\"Une jeune femme entrepreneur se tenant devant une collection de v\u00e9los\" itemprop=\"image\" height=\"1000\" width=\"1100\" title=\"invest-hero\" onerror=\"this.style.display='none'\"  \/>\n<h2>\n\t\tDeux fa\u00e7ons d&rsquo;investir\n\t<\/h2>\n\t\t\t\t<img decoding=\"async\" src=\"https:\/\/yci.org\/herstart\/wp-content\/uploads\/sites\/7\/\/2020\/12\/elipses.svg\" alt=\"Underline detail\" itemprop=\"image\" title=\"elipses\" onerror=\"this.style.display='none'\"  \/>\n\t<p>Soutenez les femmes \u00e0 l&rsquo;\u00e9chelle mondiale et investissez d\u00e8s aujourd&rsquo;hui.<\/p>\n\t\t\t<a href=\"https:\/\/yci.akaraisin.com\/Donation\/Event\/DonationType.aspx?seid=24168&#038;mid=48&#038;Lang=en-CA\" target=\"_self\" role=\"button\" rel=\"noopener\">\n\t\t\t\t\t\t\tContribuer maintenant (en anglais)\n\t\t\t\t\t<\/a>\n\t<p>Utilisez la puissance de votre r\u00e9seau pour amplifier votre impact. Nous vous montrerons comment.<\/p>\n\t\t\t<a href=\"https:\/\/yci.akaraisin.com\/Common\/Event\/Home.aspx?seid=24185&#038;mid=8\" target=\"_self\" role=\"button\" rel=\"noopener\">\n\t\t\t\t\t\t\tCommencer la collecte de fonds (en anglais)\n\t\t\t\t\t<\/a>\n\n","protected":false},"excerpt":{"rendered":"<p>Investir dans HerStart Investir dans l&rsquo;\u00e9galit\u00e9 des sexes est le meilleur choix que vous pouvez faire pour notre avenir. HerStart facilite le soutien de la prochaine vague d&rsquo;entreprises sociales dirig\u00e9es par des femmes. Investir d\u00e8s aujourd&rsquo;hui Aller \u00e0 Pourquoi contribuer \u00e0 HerStart? Si vous d\u00e9fendez l&rsquo;\u00e9galit\u00e9 des sexes, l&rsquo;action climatique, l&rsquo;entrepreneuriat social et le pouvoir&hellip;<\/p>\n","protected":false},"author":6,"featured_media":0,"parent":0,"menu_order":0,"comment_status":"closed","ping_status":"closed","template":"","meta":{"_acf_changed":false,"inline_featured_image":false,"footnotes":""},"class_list":["post-1465","page","type-page","status-publish","hentry"],"acf":[],"yoast_head":"<!-- This site is optimized with the Yoast SEO plugin v27.5 - https:\/\/yoast.com\/product\/yoast-seo-wordpress\/ -->\n<title>Fonds catalytique HerStart : Investir dans l&#039;\u00e9galit\u00e9 des sexes au niveau mondial | HerStart<\/title>\n<meta name=\"description\" content=\"HerStart favorise l&#039;\u00e9galit\u00e9 des femmes dans le monde en d\u00e9veloppant des voies permettant aux femmes de devenir des entrepreneurs sociales afin de cr\u00e9er des effets d&#039;entra\u00eenement \u00e9conomiques durables.\" \/>\n<meta name=\"robots\" content=\"index, follow, max-snippet:-1, max-image-preview:large, max-video-preview:-1\" \/>\n<link rel=\"canonical\" href=\"https:\/\/yci.org\/herstart\/invest\/\" \/>\n<meta property=\"og:locale\" content=\"fr_FR\" \/>\n<meta property=\"og:type\" content=\"article\" \/>\n<meta property=\"og:title\" content=\"Fonds catalytique HerStart : Investir dans l&#039;\u00e9galit\u00e9 des sexes au niveau mondial | HerStart\" \/>\n<meta property=\"og:description\" content=\"HerStart favorise l&#039;\u00e9galit\u00e9 des femmes dans le monde en d\u00e9veloppant des voies permettant aux femmes de devenir des entrepreneurs sociales afin de cr\u00e9er des effets d&#039;entra\u00eenement \u00e9conomiques durables.\" \/>\n<meta property=\"og:url\" content=\"https:\/\/yci.org\/herstart\/invest\/\" \/>\n<meta property=\"og:site_name\" content=\"HerStart\" \/>\n<meta property=\"article:modified_time\" content=\"2021-10-21T20:27:32+00:00\" \/>\n<meta property=\"og:image\" content=\"https:\/\/yci.org\/herstart\/wp-content\/uploads\/sites\/7\/\/2020\/12\/elipses.svg\" \/>\n<meta name=\"twitter:card\" content=\"summary_large_image\" \/>\n<meta name=\"twitter:label1\" content=\"Dur\u00e9e de lecture estim\u00e9e\" \/>\n\t<meta name=\"twitter:data1\" content=\"1 minute\" \/>\n<script type=\"application\/ld+json\" class=\"yoast-schema-graph\">{\"@context\":\"https:\\\/\\\/schema.org\",\"@graph\":[{\"@type\":\"WebPage\",\"@id\":\"https:\\\/\\\/yci.org\\\/herstart\\\/invest\\\/\",\"url\":\"https:\\\/\\\/yci.org\\\/herstart\\\/invest\\\/\",\"name\":\"Fonds catalytique HerStart : Investir dans l'\u00e9galit\u00e9 des sexes au niveau mondial | HerStart\",\"isPartOf\":{\"@id\":\"https:\\\/\\\/yci.org\\\/herstart\\\/#website\"},\"primaryImageOfPage\":{\"@id\":\"https:\\\/\\\/yci.org\\\/herstart\\\/invest\\\/#primaryimage\"},\"image\":{\"@id\":\"https:\\\/\\\/yci.org\\\/herstart\\\/invest\\\/#primaryimage\"},\"thumbnailUrl\":\"https:\\\/\\\/yci.org\\\/herstart\\\/wp-content\\\/uploads\\\/sites\\\/7\\\/\\\/2020\\\/12\\\/elipses.svg\",\"datePublished\":\"2020-11-12T16:32:22+00:00\",\"dateModified\":\"2021-10-21T20:27:32+00:00\",\"description\":\"HerStart favorise l'\u00e9galit\u00e9 des femmes dans le monde en d\u00e9veloppant des voies permettant aux femmes de devenir des entrepreneurs sociales afin de cr\u00e9er des effets d'entra\u00eenement \u00e9conomiques durables.\",\"breadcrumb\":{\"@id\":\"https:\\\/\\\/yci.org\\\/herstart\\\/invest\\\/#breadcrumb\"},\"inLanguage\":\"fr-FR\",\"potentialAction\":[{\"@type\":\"ReadAction\",\"target\":[\"https:\\\/\\\/yci.org\\\/herstart\\\/invest\\\/\"]}]},{\"@type\":\"ImageObject\",\"inLanguage\":\"fr-FR\",\"@id\":\"https:\\\/\\\/yci.org\\\/herstart\\\/invest\\\/#primaryimage\",\"url\":\"https:\\\/\\\/yci.org\\\/herstart\\\/wp-content\\\/uploads\\\/sites\\\/7\\\/\\\/2020\\\/12\\\/elipses.svg\",\"contentUrl\":\"https:\\\/\\\/yci.org\\\/herstart\\\/wp-content\\\/uploads\\\/sites\\\/7\\\/\\\/2020\\\/12\\\/elipses.svg\"},{\"@type\":\"BreadcrumbList\",\"@id\":\"https:\\\/\\\/yci.org\\\/herstart\\\/invest\\\/#breadcrumb\",\"itemListElement\":[{\"@type\":\"ListItem\",\"position\":1,\"name\":\"Home\",\"item\":\"https:\\\/\\\/yci.org\\\/herstart\\\/fr\\\/\"},{\"@type\":\"ListItem\",\"position\":2,\"name\":\"Investir\"}]},{\"@type\":\"WebSite\",\"@id\":\"https:\\\/\\\/yci.org\\\/herstart\\\/#website\",\"url\":\"https:\\\/\\\/yci.org\\\/herstart\\\/\",\"name\":\"HerStart\",\"description\":\"A Youth Challenge International Initiative\",\"potentialAction\":[{\"@type\":\"SearchAction\",\"target\":{\"@type\":\"EntryPoint\",\"urlTemplate\":\"https:\\\/\\\/yci.org\\\/herstart\\\/?s={search_term_string}\"},\"query-input\":{\"@type\":\"PropertyValueSpecification\",\"valueRequired\":true,\"valueName\":\"search_term_string\"}}],\"inLanguage\":\"fr-FR\"}]}<\/script>\n<!-- \/ Yoast SEO plugin. -->","yoast_head_json":{"title":"Fonds catalytique HerStart : Investir dans l'\u00e9galit\u00e9 des sexes au niveau mondial | HerStart","description":"HerStart favorise l'\u00e9galit\u00e9 des femmes dans le monde en d\u00e9veloppant des voies permettant aux femmes de devenir des entrepreneurs sociales afin de cr\u00e9er des effets d'entra\u00eenement \u00e9conomiques durables.","robots":{"index":"index","follow":"follow","max-snippet":"max-snippet:-1","max-image-preview":"max-image-preview:large","max-video-preview":"max-video-preview:-1"},"canonical":"https:\/\/yci.org\/herstart\/invest\/","og_locale":"fr_FR","og_type":"article","og_title":"Fonds catalytique HerStart : Investir dans l'\u00e9galit\u00e9 des sexes au niveau mondial | HerStart","og_description":"HerStart favorise l'\u00e9galit\u00e9 des femmes dans le monde en d\u00e9veloppant des voies permettant aux femmes de devenir des entrepreneurs sociales afin de cr\u00e9er des effets d'entra\u00eenement \u00e9conomiques durables.","og_url":"https:\/\/yci.org\/herstart\/invest\/","og_site_name":"HerStart","article_modified_time":"2021-10-21T20:27:32+00:00","og_image":[{"url":"https:\/\/yci.org\/herstart\/wp-content\/uploads\/sites\/7\/\/2020\/12\/elipses.svg","type":"","width":"","height":""}],"twitter_card":"summary_large_image","twitter_misc":{"Dur\u00e9e de lecture estim\u00e9e":"1 minute"},"schema":{"@context":"https:\/\/schema.org","@graph":[{"@type":"WebPage","@id":"https:\/\/yci.org\/herstart\/invest\/","url":"https:\/\/yci.org\/herstart\/invest\/","name":"Fonds catalytique HerStart : Investir dans l'\u00e9galit\u00e9 des sexes au niveau mondial | HerStart","isPartOf":{"@id":"https:\/\/yci.org\/herstart\/#website"},"primaryImageOfPage":{"@id":"https:\/\/yci.org\/herstart\/invest\/#primaryimage"},"image":{"@id":"https:\/\/yci.org\/herstart\/invest\/#primaryimage"},"thumbnailUrl":"https:\/\/yci.org\/herstart\/wp-content\/uploads\/sites\/7\/\/2020\/12\/elipses.svg","datePublished":"2020-11-12T16:32:22+00:00","dateModified":"2021-10-21T20:27:32+00:00","description":"HerStart favorise l'\u00e9galit\u00e9 des femmes dans le monde en d\u00e9veloppant des voies permettant aux femmes de devenir des entrepreneurs sociales afin de cr\u00e9er des effets d'entra\u00eenement \u00e9conomiques durables.","breadcrumb":{"@id":"https:\/\/yci.org\/herstart\/invest\/#breadcrumb"},"inLanguage":"fr-FR","potentialAction":[{"@type":"ReadAction","target":["https:\/\/yci.org\/herstart\/invest\/"]}]},{"@type":"ImageObject","inLanguage":"fr-FR","@id":"https:\/\/yci.org\/herstart\/invest\/#primaryimage","url":"https:\/\/yci.org\/herstart\/wp-content\/uploads\/sites\/7\/\/2020\/12\/elipses.svg","contentUrl":"https:\/\/yci.org\/herstart\/wp-content\/uploads\/sites\/7\/\/2020\/12\/elipses.svg"},{"@type":"BreadcrumbList","@id":"https:\/\/yci.org\/herstart\/invest\/#breadcrumb","itemListElement":[{"@type":"ListItem","position":1,"name":"Home","item":"https:\/\/yci.org\/herstart\/fr\/"},{"@type":"ListItem","position":2,"name":"Investir"}]},{"@type":"WebSite","@id":"https:\/\/yci.org\/herstart\/#website","url":"https:\/\/yci.org\/herstart\/","name":"HerStart","description":"A Youth Challenge International Initiative","potentialAction":[{"@type":"SearchAction","target":{"@type":"EntryPoint","urlTemplate":"https:\/\/yci.org\/herstart\/?s={search_term_string}"},"query-input":{"@type":"PropertyValueSpecification","valueRequired":true,"valueName":"search_term_string"}}],"inLanguage":"fr-FR"}]}},"_links":{"self":[{"href":"https:\/\/yci.org\/herstart\/fr\/wp-json\/wp\/v2\/pages\/1465","targetHints":{"allow":["GET"]}}],"collection":[{"href":"https:\/\/yci.org\/herstart\/fr\/wp-json\/wp\/v2\/pages"}],"about":[{"href":"https:\/\/yci.org\/herstart\/fr\/wp-json\/wp\/v2\/types\/page"}],"author":[{"embeddable":true,"href":"https:\/\/yci.org\/herstart\/fr\/wp-json\/wp\/v2\/users\/6"}],"replies":[{"embeddable":true,"href":"https:\/\/yci.org\/herstart\/fr\/wp-json\/wp\/v2\/comments?post=1465"}],"version-history":[{"count":0,"href":"https:\/\/yci.org\/herstart\/fr\/wp-json\/wp\/v2\/pages\/1465\/revisions"}],"wp:attachment":[{"href":"https:\/\/yci.org\/herstart\/fr\/wp-json\/wp\/v2\/media?parent=1465"}],"curies":[{"name":"wp","href":"https:\/\/api.w.org\/{rel}","templated":true}]}}