{"id":1464,"date":"2020-11-12T11:31:54","date_gmt":"2020-11-12T16:31:54","guid":{"rendered":"https:\/\/yci.org\/herstart\/contactez-nous\/"},"modified":"2025-05-15T15:37:12","modified_gmt":"2025-05-15T19:37:12","slug":"nous-contacter","status":"publish","type":"page","link":"https:\/\/yci.org\/herstart\/fr\/nous-contacter\/","title":{"rendered":"Nous contacter"},"content":{"rendered":"\n<h1>\n\t\tContactez-nous\n\t<\/h1>\n\t<p>Contactez-nous, nous aimerions discuter avec vous.<\/p>\n\t<div class=\"wpforms-container wpforms-container-full\" id=\"wpforms-1534\"><form id=\"wpforms-form-1534\" class=\"wpforms-validate wpforms-form\" data-formid=\"1534\" method=\"post\" enctype=\"multipart\/form-data\" action=\"\/herstart\/fr\/wp-json\/wp\/v2\/pages\/1464\" data-token=\"1062c5d9110a380f21e93bb0c42d0dd1\" data-token-time=\"1776641180\"><noscript class=\"wpforms-error-noscript\">Veuillez activer JavaScript dans votre navigateur pour remplir ce formulaire.<\/noscript><div class=\"wpforms-field-container\"><div id=\"wpforms-1534-field_1-container\" class=\"wpforms-field wpforms-field-text\" data-field-id=\"1\"><label class=\"wpforms-field-label wpforms-label-hide\" for=\"wpforms-1534-field_1\">Nom<\/label><input type=\"text\" id=\"wpforms-1534-field_1\" class=\"wpforms-field-large\" name=\"wpforms[fields][1]\" placeholder=\"Nom\" ><\/div><div id=\"wpforms-1534-field_2-container\" class=\"wpforms-field wpforms-field-email\" data-field-id=\"2\"><label class=\"wpforms-field-label wpforms-label-hide\" for=\"wpforms-1534-field_2\">Courriel <span class=\"wpforms-required-label\">*<\/span><\/label><input type=\"email\" id=\"wpforms-1534-field_2\" class=\"wpforms-field-large wpforms-field-required\" name=\"wpforms[fields][2]\" placeholder=\"Courriel\" spellcheck=\"false\" required><\/div><div id=\"wpforms-1534-field_4-container\" class=\"wpforms-field wpforms-field-select wpforms-field-select-style-classic\" data-field-id=\"4\"><label class=\"wpforms-field-label wpforms-label-hide\" for=\"wpforms-1534-field_4\">Nature de la demande<\/label><select id=\"wpforms-1534-field_4\" class=\"wpforms-field-large\" name=\"wpforms[fields][4]\"><option value=\"\" class=\"placeholder\" disabled  selected='selected'>Nature de la demande<\/option><option value=\"Programmes de b\u00e9n\u00e9volat\"  class=\"choice-3 depth-1\"  >Programmes de b\u00e9n\u00e9volat<\/option><option value=\"Partenariats\"  class=\"choice-4 depth-1\"  >Partenariats<\/option><option value=\"Communications\"  class=\"choice-5 depth-1\"  >Communications<\/option><option value=\"Dons\"  class=\"choice-6 depth-1\"  >Dons<\/option><option value=\"Demande g\u00e9n\u00e9rale\"  class=\"choice-7 depth-1\"  >Demande g\u00e9n\u00e9rale<\/option><\/select><\/div><div id=\"wpforms-1534-field_3-container\" class=\"wpforms-field wpforms-field-textarea\" data-field-id=\"3\"><label class=\"wpforms-field-label wpforms-label-hide\" for=\"wpforms-1534-field_3\">Message<\/label><textarea id=\"wpforms-1534-field_3\" class=\"wpforms-field-large\" name=\"wpforms[fields][3]\" placeholder=\"Message\" ><\/textarea><\/div><\/div><!-- .wpforms-field-container --><div class=\"wpforms-submit-container\" ><input type=\"hidden\" name=\"wpforms[id]\" value=\"1534\"><input type=\"hidden\" name=\"page_title\" value=\"\"><input type=\"hidden\" name=\"page_url\" value=\"https:\/\/yci.org\/herstart\/fr\/wp-json\/wp\/v2\/pages\/1464\"><input type=\"hidden\" name=\"url_referer\" value=\"\"><button type=\"submit\" name=\"wpforms[submit]\" id=\"wpforms-submit-1534\" class=\"wpforms-submit\" data-alt-text=\"Envoi en cours...\" data-submit-text=\"Soumettre\" aria-live=\"assertive\" value=\"wpforms-submit\">Soumettre<\/button><\/div><\/form><\/div>  <!-- .wpforms-container -->\n\t\t\t\t<img loading=\"lazy\" decoding=\"async\" src=\"https:\/\/yci.org\/herstart\/wp-content\/uploads\/sites\/7\/2021\/01\/contact-hero.jpg\" alt=\"Un groupe de 14 jeunes femmes portant des foulards color\u00e9s et souriant en Tanzanie.\" itemprop=\"image\" height=\"1000\" width=\"1100\" title=\"contact-hero\" onerror=\"this.style.display='none'\"  \/>\n\n","protected":false},"excerpt":{"rendered":"<p>Contactez-nous Contactez-nous, nous aimerions discuter avec vous.<\/p>\n","protected":false},"author":6,"featured_media":1227,"parent":0,"menu_order":0,"comment_status":"closed","ping_status":"closed","template":"","meta":{"_acf_changed":false,"inline_featured_image":false,"footnotes":""},"class_list":["post-1464","page","type-page","status-publish","has-post-thumbnail","hentry"],"acf":[],"yoast_head":"<!-- This site is optimized with the Yoast SEO plugin v27.4 - https:\/\/yoast.com\/product\/yoast-seo-wordpress\/ -->\n<title>Contactez-nous | HerStart<\/title>\n<meta name=\"description\" content=\"HerStart favorise l&#039;\u00e9galit\u00e9 des femmes dans le monde en d\u00e9veloppant des voies permettant aux femmes de devenir des entrepreneurs sociales afin de cr\u00e9er des effets d&#039;entra\u00eenement \u00e9conomiques durables.\" \/>\n<meta name=\"robots\" content=\"index, follow, max-snippet:-1, max-image-preview:large, max-video-preview:-1\" \/>\n<link rel=\"canonical\" href=\"https:\/\/yci.org\/herstart\/contact\/\" \/>\n<meta property=\"og:locale\" content=\"fr_FR\" \/>\n<meta property=\"og:type\" content=\"article\" \/>\n<meta property=\"og:title\" content=\"Contactez-nous | HerStart\" \/>\n<meta property=\"og:description\" content=\"HerStart favorise l&#039;\u00e9galit\u00e9 des femmes dans le monde en d\u00e9veloppant des voies permettant aux femmes de devenir des entrepreneurs sociales afin de cr\u00e9er des effets d&#039;entra\u00eenement \u00e9conomiques durables.\" \/>\n<meta property=\"og:url\" content=\"https:\/\/yci.org\/herstart\/contact\/\" \/>\n<meta property=\"og:site_name\" content=\"HerStart\" \/>\n<meta property=\"article:modified_time\" content=\"2025-05-15T19:37:12+00:00\" \/>\n<meta property=\"og:image\" content=\"https:\/\/yci.org\/herstart\/wp-content\/uploads\/sites\/7\/2021\/01\/contact-hero.jpg\" \/>\n\t<meta property=\"og:image:width\" content=\"1100\" \/>\n\t<meta property=\"og:image:height\" content=\"1000\" \/>\n\t<meta property=\"og:image:type\" content=\"image\/jpeg\" \/>\n<meta name=\"twitter:card\" content=\"summary_large_image\" \/>\n<script type=\"application\/ld+json\" class=\"yoast-schema-graph\">{\"@context\":\"https:\\\/\\\/schema.org\",\"@graph\":[{\"@type\":\"WebPage\",\"@id\":\"https:\\\/\\\/yci.org\\\/herstart\\\/contact\\\/\",\"url\":\"https:\\\/\\\/yci.org\\\/herstart\\\/contact\\\/\",\"name\":\"Contactez-nous | HerStart\",\"isPartOf\":{\"@id\":\"https:\\\/\\\/yci.org\\\/herstart\\\/#website\"},\"primaryImageOfPage\":{\"@id\":\"https:\\\/\\\/yci.org\\\/herstart\\\/contact\\\/#primaryimage\"},\"image\":{\"@id\":\"https:\\\/\\\/yci.org\\\/herstart\\\/contact\\\/#primaryimage\"},\"thumbnailUrl\":\"https:\\\/\\\/yci.org\\\/herstart\\\/wp-content\\\/uploads\\\/sites\\\/7\\\/2021\\\/01\\\/contact-hero.jpg\",\"datePublished\":\"2020-11-12T16:31:54+00:00\",\"dateModified\":\"2025-05-15T19:37:12+00:00\",\"description\":\"HerStart favorise l'\u00e9galit\u00e9 des femmes dans le monde en d\u00e9veloppant des voies permettant aux femmes de devenir des entrepreneurs sociales afin de cr\u00e9er des effets d'entra\u00eenement \u00e9conomiques durables.\",\"breadcrumb\":{\"@id\":\"https:\\\/\\\/yci.org\\\/herstart\\\/contact\\\/#breadcrumb\"},\"inLanguage\":\"fr-FR\",\"potentialAction\":[{\"@type\":\"ReadAction\",\"target\":[\"https:\\\/\\\/yci.org\\\/herstart\\\/contact\\\/\"]}]},{\"@type\":\"ImageObject\",\"inLanguage\":\"fr-FR\",\"@id\":\"https:\\\/\\\/yci.org\\\/herstart\\\/contact\\\/#primaryimage\",\"url\":\"https:\\\/\\\/yci.org\\\/herstart\\\/wp-content\\\/uploads\\\/sites\\\/7\\\/2021\\\/01\\\/contact-hero.jpg\",\"contentUrl\":\"https:\\\/\\\/yci.org\\\/herstart\\\/wp-content\\\/uploads\\\/sites\\\/7\\\/2021\\\/01\\\/contact-hero.jpg\",\"width\":1100,\"height\":1000,\"caption\":\"Un groupe de 14 jeunes femmes portant des foulards color\u00e9s et souriant en Tanzanie.\"},{\"@type\":\"BreadcrumbList\",\"@id\":\"https:\\\/\\\/yci.org\\\/herstart\\\/contact\\\/#breadcrumb\",\"itemListElement\":[{\"@type\":\"ListItem\",\"position\":1,\"name\":\"Home\",\"item\":\"https:\\\/\\\/yci.org\\\/herstart\\\/fr\\\/\"},{\"@type\":\"ListItem\",\"position\":2,\"name\":\"Nous contacter\"}]},{\"@type\":\"WebSite\",\"@id\":\"https:\\\/\\\/yci.org\\\/herstart\\\/#website\",\"url\":\"https:\\\/\\\/yci.org\\\/herstart\\\/\",\"name\":\"HerStart\",\"description\":\"A Youth Challenge International Initiative\",\"potentialAction\":[{\"@type\":\"SearchAction\",\"target\":{\"@type\":\"EntryPoint\",\"urlTemplate\":\"https:\\\/\\\/yci.org\\\/herstart\\\/?s={search_term_string}\"},\"query-input\":{\"@type\":\"PropertyValueSpecification\",\"valueRequired\":true,\"valueName\":\"search_term_string\"}}],\"inLanguage\":\"fr-FR\"}]}<\/script>\n<!-- \/ Yoast SEO plugin. -->","yoast_head_json":{"title":"Contactez-nous | HerStart","description":"HerStart favorise l'\u00e9galit\u00e9 des femmes dans le monde en d\u00e9veloppant des voies permettant aux femmes de devenir des entrepreneurs sociales afin de cr\u00e9er des effets d'entra\u00eenement \u00e9conomiques durables.","robots":{"index":"index","follow":"follow","max-snippet":"max-snippet:-1","max-image-preview":"max-image-preview:large","max-video-preview":"max-video-preview:-1"},"canonical":"https:\/\/yci.org\/herstart\/contact\/","og_locale":"fr_FR","og_type":"article","og_title":"Contactez-nous | HerStart","og_description":"HerStart favorise l'\u00e9galit\u00e9 des femmes dans le monde en d\u00e9veloppant des voies permettant aux femmes de devenir des entrepreneurs sociales afin de cr\u00e9er des effets d'entra\u00eenement \u00e9conomiques durables.","og_url":"https:\/\/yci.org\/herstart\/contact\/","og_site_name":"HerStart","article_modified_time":"2025-05-15T19:37:12+00:00","og_image":[{"width":1100,"height":1000,"url":"https:\/\/yci.org\/herstart\/wp-content\/uploads\/sites\/7\/2021\/01\/contact-hero.jpg","type":"image\/jpeg"}],"twitter_card":"summary_large_image","schema":{"@context":"https:\/\/schema.org","@graph":[{"@type":"WebPage","@id":"https:\/\/yci.org\/herstart\/contact\/","url":"https:\/\/yci.org\/herstart\/contact\/","name":"Contactez-nous | HerStart","isPartOf":{"@id":"https:\/\/yci.org\/herstart\/#website"},"primaryImageOfPage":{"@id":"https:\/\/yci.org\/herstart\/contact\/#primaryimage"},"image":{"@id":"https:\/\/yci.org\/herstart\/contact\/#primaryimage"},"thumbnailUrl":"https:\/\/yci.org\/herstart\/wp-content\/uploads\/sites\/7\/2021\/01\/contact-hero.jpg","datePublished":"2020-11-12T16:31:54+00:00","dateModified":"2025-05-15T19:37:12+00:00","description":"HerStart favorise l'\u00e9galit\u00e9 des femmes dans le monde en d\u00e9veloppant des voies permettant aux femmes de devenir des entrepreneurs sociales afin de cr\u00e9er des effets d'entra\u00eenement \u00e9conomiques durables.","breadcrumb":{"@id":"https:\/\/yci.org\/herstart\/contact\/#breadcrumb"},"inLanguage":"fr-FR","potentialAction":[{"@type":"ReadAction","target":["https:\/\/yci.org\/herstart\/contact\/"]}]},{"@type":"ImageObject","inLanguage":"fr-FR","@id":"https:\/\/yci.org\/herstart\/contact\/#primaryimage","url":"https:\/\/yci.org\/herstart\/wp-content\/uploads\/sites\/7\/2021\/01\/contact-hero.jpg","contentUrl":"https:\/\/yci.org\/herstart\/wp-content\/uploads\/sites\/7\/2021\/01\/contact-hero.jpg","width":1100,"height":1000,"caption":"Un groupe de 14 jeunes femmes portant des foulards color\u00e9s et souriant en Tanzanie."},{"@type":"BreadcrumbList","@id":"https:\/\/yci.org\/herstart\/contact\/#breadcrumb","itemListElement":[{"@type":"ListItem","position":1,"name":"Home","item":"https:\/\/yci.org\/herstart\/fr\/"},{"@type":"ListItem","position":2,"name":"Nous contacter"}]},{"@type":"WebSite","@id":"https:\/\/yci.org\/herstart\/#website","url":"https:\/\/yci.org\/herstart\/","name":"HerStart","description":"A Youth Challenge International Initiative","potentialAction":[{"@type":"SearchAction","target":{"@type":"EntryPoint","urlTemplate":"https:\/\/yci.org\/herstart\/?s={search_term_string}"},"query-input":{"@type":"PropertyValueSpecification","valueRequired":true,"valueName":"search_term_string"}}],"inLanguage":"fr-FR"}]}},"_links":{"self":[{"href":"https:\/\/yci.org\/herstart\/fr\/wp-json\/wp\/v2\/pages\/1464","targetHints":{"allow":["GET"]}}],"collection":[{"href":"https:\/\/yci.org\/herstart\/fr\/wp-json\/wp\/v2\/pages"}],"about":[{"href":"https:\/\/yci.org\/herstart\/fr\/wp-json\/wp\/v2\/types\/page"}],"author":[{"embeddable":true,"href":"https:\/\/yci.org\/herstart\/fr\/wp-json\/wp\/v2\/users\/6"}],"replies":[{"embeddable":true,"href":"https:\/\/yci.org\/herstart\/fr\/wp-json\/wp\/v2\/comments?post=1464"}],"version-history":[{"count":0,"href":"https:\/\/yci.org\/herstart\/fr\/wp-json\/wp\/v2\/pages\/1464\/revisions"}],"wp:featuredmedia":[{"embeddable":true,"href":"https:\/\/yci.org\/herstart\/fr\/wp-json\/wp\/v2\/media\/1227"}],"wp:attachment":[{"href":"https:\/\/yci.org\/herstart\/fr\/wp-json\/wp\/v2\/media?parent=1464"}],"curies":[{"name":"wp","href":"https:\/\/api.w.org\/{rel}","templated":true}]}}