{"id":1460,"date":"2020-11-12T11:30:15","date_gmt":"2020-11-12T16:30:15","guid":{"rendered":"https:\/\/yci.org\/herstart\/notre-approche\/"},"modified":"2025-05-20T01:15:19","modified_gmt":"2025-05-20T05:15:19","slug":"notre-approche","status":"publish","type":"page","link":"https:\/\/yci.org\/herstart\/fr\/notre-approche\/","title":{"rendered":"Notre approche"},"content":{"rendered":"\n\n\t\t\t\t<img decoding=\"async\" src=\"https:\/\/yci.org\/herstart\/wp-content\/uploads\/sites\/7\/2024\/01\/59016582-4731-4707-A0F1-DD271E1CD541_1_201_a-scaled.jpg\" alt=\"59016582-4731-4707-A0F1-DD271E1CD541_1_201_a\" itemprop=\"image\" height=\"1707\" width=\"2560\" title=\"59016582-4731-4707-A0F1-DD271E1CD541_1_201_a\" onerror=\"this.style.display='none'\" loading='lazy' \/>\n<h1>\n\t\t\tHerStart: <br \/>un mod\u00e8le pour un avenir f\u00e9ministe\t<\/h1>\n\t<p>L&rsquo;initiative HerStart de YCI favorise l&rsquo;\u00e9galit\u00e9 au niveau mondial en d\u00e9veloppant des voies pour que les femmes deviennent des entrepreneures sociales et cr\u00e9ent un impact \u00e9conomique durable.<\/p>\n\t\t\t<a href=\"https:\/\/yci.org\/herstart\/fr\/investir\/\" target=\"_self\">\n\t\t\t\t\t\t\tInvestir dans les femmes\n\t\t\t\t\t<\/a>\n\t<p>Aller \u00e0<\/p>\n<h2>\n\t\t\tL&rsquo;\u00e9galit\u00e9 pour la croissance \u00e9conomique est au c\u0153ur de l&rsquo;initiative HerStart\t<\/h2>\n\t\t\t\t<img decoding=\"async\" src=\"https:\/\/yci.org\/herstart\/wp-content\/uploads\/sites\/7\/\/2020\/12\/elipses.svg\" alt=\"Underline detail\" itemprop=\"image\" height=\"8\" width=\"38\" title=\"elipses\" onerror=\"this.style.display='none'\" loading='lazy' \/>\n\t<p>Le pouvoir et le potentiel des jeunes, en particulier des jeunes femmes, seront n\u00e9cessaires pour atteindre l&rsquo;\u00e9galit\u00e9 des sexes et le d\u00e9veloppement \u00e9conomique durable. C&rsquo;est pourquoi YCI travaille avec un r\u00e9seau mondial de partenaires pour cr\u00e9er des occasions inclusives pour les jeunes d&rsquo;am\u00e9liorer leur vie et de soutenir le changement dans leurs communaut\u00e9s.<\/p>\n\t\t\t<a href=\"https:\/\/yci.org\/herstart\/the-program\/\" target=\"_self\">\n\t\t\t\t\t\t\tExplorer le programme \n\t\t\t\t\t<\/a>\n\t\t\t\t<img decoding=\"async\" src=\"https:\/\/yci.org\/herstart\/wp-content\/uploads\/sites\/7\/2025\/04\/1000x1000-45.jpg\" alt=\"1000x1000 (45)\" itemprop=\"image\" height=\"1000\" width=\"1000\" title=\"1000x1000 (45)\" onerror=\"this.style.display='none'\" loading='lazy' \/>\n<h2>\n\t\t\tOur Core Pillars\t<\/h2>\n\t\t\t\t<img decoding=\"async\" src=\"https:\/\/yci.org\/herstart\/wp-content\/uploads\/sites\/7\/\/2020\/12\/elipses.svg\" alt=\"Underline detail\" itemprop=\"image\" height=\"8\" width=\"38\" title=\"elipses\" onerror=\"this.style.display='none'\" loading='lazy' \/>\n\t<p>Au centre du programme Innovate the Future de HerStart se trouvent trois piliers qui s&rsquo;alignent sur les objectifs de d\u00e9veloppement durable (ODD) et sur la politique d&rsquo;aide internationale f\u00e9ministe du Canada, refl\u00e9tant des questions urgentes qui n\u00e9cessitent des ressources et des actions.<\/p>\n\t\t\t\t\t\t\t\t<a href=\"#\" id=\"fl-tabs--label-0\" data-index=\"0\" aria-selected=\"true\" aria-controls=\"fl-tabs--panel-0\" aria-expanded=\"true\" role=\"tab\" tabindex=\"0\">\t\t\t\tTransformation du genre\t\t\t\t<\/a>\n\t\t\t\t\t\t\t\t<a href=\"#\" id=\"fl-tabs--label-1\" data-index=\"1\" aria-selected=\"false\" aria-controls=\"fl-tabs--panel-1\" aria-expanded=\"false\" role=\"tab\" tabindex=\"0\">\t\t\t\tR\u00e9silience climatique\t\t\t\t<\/a>\n\t\t\t\t\t\t\t\t<a href=\"#\" id=\"fl-tabs--label-2\" data-index=\"2\" aria-selected=\"false\" aria-controls=\"fl-tabs--panel-2\" aria-expanded=\"false\" role=\"tab\" tabindex=\"0\">\t\t\t\tInclusion \u00e9conomique\t\t\t\t<\/a>\n\t\t\t\t\t\tTransformation du genre\n\t\t\t\t\t\t\t\t\t\t\t<p><img loading=\"lazy\" decoding=\"async\" src=\"https:\/\/yci.org\/herstart\/wp-content\/uploads\/sites\/7\/\/2021\/01\/tabphoto-sample.svg\" alt=\"\" width=\"300\" height=\"300\" \/><\/p>\n<p>Les jeunes femmes sont au c\u0153ur de HerStart. Nous travaillons avec elles pour \u00e9couter et comprendre leurs r\u00e9alit\u00e9s actuelles, en cr\u00e9ant des opportunit\u00e9s et un environnement favorable qui abordent et transforment les normes de genre, am\u00e9liorent l&rsquo;acc\u00e8s aux ressources et promeuvent le leadership pour des solutions d&rsquo;\u00e9galit\u00e9 des sexes parmi les jeunes femmes et les jeunes hommes.<\/p>\n\t\t\t\t\t\tR\u00e9silience climatique\n\t\t\t\t\t\t\t\t\t\t\t<p><img loading=\"lazy\" decoding=\"async\" src=\"https:\/\/yci.org\/herstart\/wp-content\/uploads\/sites\/7\/\/2021\/01\/grow-venture.svg\" alt=\"Icon: A tree\" width=\"300\" height=\"300\" \/><\/p>\n<p>Il est essentiel d&rsquo;am\u00e9liorer l&rsquo;att\u00e9nuation du changement climatique et l&rsquo;adaptation \u00e0 celui-ci pour garantir l&rsquo;\u00e9galit\u00e9 des chances \u00e9conomiques aux jeunes femmes et \u00e0 leurs communaut\u00e9s, aujourd&rsquo;hui, demain et \u00e0 l&rsquo;avenir. Nous travaillons avec des partenaires mondiaux, des jeunes et des b\u00e9n\u00e9voles canadiens pour am\u00e9liorer les connaissances et les comp\u00e9tences qui soutiennent l&rsquo;action et la justice climatiques, le d\u00e9veloppement d&rsquo;entreprises vertes et les programmes adapt\u00e9s au climat.<\/p>\n\t\t\t\t\t\tInclusion \u00e9conomique\n\t\t\t\t\t\t\t\t\t\t\t<p><img loading=\"lazy\" decoding=\"async\" src=\"https:\/\/yci.org\/herstart\/wp-content\/uploads\/sites\/7\/\/2021\/01\/spark-social-innovation.svg\" alt=\"Icon: A lightbulb representing an idea\" width=\"300\" height=\"300\" \/><\/p>\n<p>Pour r\u00e9aliser le potentiel de la croissance \u00e9conomique mondiale, nous devons donner la priorit\u00e9 \u00e0 des communaut\u00e9s plus inclusives et durables o\u00f9 tous peuvent participer de mani\u00e8re \u00e9gale. En \u00e9tablissant des partenariats avec des jeunes, en particulier des jeunes femmes, nous visons \u00e0 construire un \u00e9cosyst\u00e8me d&rsquo;entreprises sociales qui ont un impact positif non seulement sur l&rsquo;\u00e9conomie, mais aussi sur les femmes.<\/p>\n<h2>\n\t\t\tVoici comment vous pouvez vous joindre \u00e0 nous\t<\/h2>\n\t\t\t\t<img decoding=\"async\" src=\"https:\/\/yci.org\/herstart\/wp-content\/uploads\/sites\/7\/\/2020\/12\/elipses.svg\" alt=\"Underline detail\" itemprop=\"image\" height=\"8\" width=\"38\" title=\"elipses\" onerror=\"this.style.display='none'\" loading='lazy' \/>\n\t\t\t\t<img decoding=\"async\" src=\"https:\/\/yci.org\/herstart\/wp-content\/uploads\/sites\/7\/2025\/05\/1000x1000-1.png\" alt=\"1000x1000 (1)\" title=\"1000x1000 (1)\" itemprop=\"image\"\/>\n\t\t\t\t\t\t\t\t\t\t\t\tExplorez notre programme \u00ab Innovate the Future \u00bb (Innover l&rsquo;avenir)\n\t\t\t<!-- END .front -->\n\t\t\t\t\t\t<h3><a href=\"\/herstart\/fr\/programme-de-benevolat-international\/\">Explorez notre programme \u00ab Innovate the Future \u00bb (Innover l&rsquo;avenir)<\/a><\/h3><br \/><p><div class=\"single-orange-dot\"><img decoding=\"async\" src=\"\/herstart\/wp-content\/themes\/herstart\/assets\/images\/singleorangedot.svg\" \/><\/div><br \/><a href=\"https:\/\/yci.org\/herstart\/fr\/le-programme\/\">Le programme \u00ab Innovate the Future \u00bb de HerStart aide les jeunes femmes \u00e0 mettre en \u0153uvre leur pouvoir \u00e9conomique gr\u00e2ce \u00e0 l&rsquo;entrepreneuriat social et \u00e0 l&rsquo;investissement.<\/a><\/p><br \/>\t\t\t\t\t\n\t\t\t<!-- END .back -->\n\t\t <!-- ifb-flip-box -->\n\t <!-- flip-box -->\n\t\t\t\t<img decoding=\"async\" src=\"https:\/\/yci.org\/herstart\/wp-content\/uploads\/sites\/7\/2025\/05\/1000x1000-Who-We-Are.jpg\" alt=\"1000x1000 Who We Are\" title=\"1000x1000 Who We Are\" itemprop=\"image\"\/>\n\t\t\t\t\t\t\t\t\t\t\t\tFaire une demande de participation \u00e0 un programme de b\u00e9n\u00e9volat\n\t\t\t<!-- END .front -->\n\t\t\t\t\t\t<h3><a href=\"https:\/\/yci.org\/herstart\/fr\/programme-de-benevolat-international\/\">Faire une demande de participation \u00e0 un programme de b\u00e9n\u00e9volat<\/a><\/h3><p>\u00a0<div class=\"single-orange-dot\"><img decoding=\"async\" src=\"\/herstart\/wp-content\/themes\/herstart\/assets\/images\/singleorangedot.svg\" \/><\/div>\u00a0<a href=\"https:\/\/yci.org\/herstart\/fr\/programme-de-benevolat-international\/\">Nous offrons des programmes de b\u00e9n\u00e9volat internationals et virtuels uniques aux Canadiens qui veulent utiliser leurs comp\u00e9tences et soutenir les femmes pour qu&rsquo;elles dirigent leurs communaut\u00e9s. Faire une demande de participation \u00e0 un programme de b\u00e9n\u00e9volat.<\/a>\u00a0<\/p>\t\t\t\t\t\n\t\t\t<!-- END .back -->\n\t\t <!-- ifb-flip-box -->\n\t <!-- flip-box -->\n\t\t\t\t<img decoding=\"async\" src=\"https:\/\/yci.org\/herstart\/wp-content\/uploads\/sites\/7\/2025\/04\/1000x1000-23.jpg\" alt=\"1000x1000 (23)\" title=\"1000x1000 (23)\" itemprop=\"image\"\/>\n\t\t\t\t\t\t\t\t\t\t\t\tInvestir dans les femmes aujourd&rsquo;hui\n\t\t\t<!-- END .front -->\n\t\t\t\t\t\t<h3><a href=\"https:\/\/yci.org\/herstart\/fr\/investir\/\">Investir dans les femmes aujourd&rsquo;hui<\/a><\/h3><p><div class=\"single-orange-dot\"><img decoding=\"async\" src=\"\/herstart\/wp-content\/themes\/herstart\/assets\/images\/singleorangedot.svg\" \/><\/div><a href=\"https:\/\/yci.org\/herstart\/fr\/investir\/\">Vous pouvez investir dans l&rsquo;autonomisation \u00e9conomique et le leadership des femmes partout dans le monde. Soyez un catalyseur du changement social et faites un don ou recueillez des fonds avec nous.<\/a><\/p>\t\t\t\t\t\n\t\t\t<!-- END .back -->\n\t\t <!-- ifb-flip-box -->\n\t <!-- flip-box -->\n<h2>\n\t\t\tPourquoi se concentrer sur le pouvoir \u00e9conomique des femmes?\t<\/h2>\n\t\t\t\t<img decoding=\"async\" src=\"https:\/\/yci.org\/herstart\/wp-content\/uploads\/sites\/7\/\/2020\/12\/elipses.svg\" alt=\"Underline detail\" itemprop=\"image\" height=\"8\" width=\"38\" title=\"elipses\" onerror=\"this.style.display='none'\" loading='lazy' \/>\n\t<p>Partout dans le monde, les femmes font toujours face \u00e0 de la discrimination, \u00e0 des in\u00e9galit\u00e9s entre les sexes et \u00e0 des obstacles \u00e0 un travail valorisant. Pourtant, nous savons que lorsque les femmes ont l&rsquo;occasion de prosp\u00e9rer, tout le monde en profite. Nous avons encore beaucoup de chemin \u00e0 parcourir et HerStart est un pas en avant audacieux.<\/p>\n\t\t\t<a href=\"https:\/\/yci.org\/herstart\/stories\/\" target=\"_self\">\n\t\t\t\t\t\t\tVoir notre impact\n\t\t\t\t\t<\/a>\n\t\t3millards\n\t\t\t\t<img decoding=\"async\" src=\"https:\/\/yci.org\/herstart\/wp-content\/uploads\/sites\/7\/\/2020\/12\/elipses.svg\" alt=\"Underline detail\" itemprop=\"image\" height=\"8\" width=\"38\" title=\"elipses\" onerror=\"this.style.display='none'\" loading='lazy' \/>\n\t<p>\u00c0 l&rsquo;\u00e9chelle mondiale, plus de 2,7 milliards de femmes ne peuvent l\u00e9galement avoir le m\u00eame choix d&#8217;emplois que les hommes.<\/p>\n<p><a href=\"https:\/\/www.unwomen.org\/fr\/what-we-do\/economic-empowerment\/facts-and-figures\" target=\"_blank\" rel=\"noopener\">&#8211; UNwomen<\/a><\/p>\n\t\t1SUR 5\n\t\t\t\t<img decoding=\"async\" src=\"https:\/\/yci.org\/herstart\/wp-content\/uploads\/sites\/7\/\/2020\/12\/elipses.svg\" alt=\"Underline detail\" itemprop=\"image\" height=\"8\" width=\"38\" title=\"elipses\" onerror=\"this.style.display='none'\" loading='lazy' \/>\n\t<p>Plus d&rsquo;un jeune sur cinq n&rsquo;est pas en emploi, en \u00e9ducation ou en formation, dont 75 % sont des femmes.<\/p>\n<p>&#8211; <a href=\"https:\/\/www.ilo.org\/global\/topics\/youth-employment\/lang--fr\/index.htm\" target=\"_blank\" rel=\"noopener\">ILO 2020<\/a><\/p>\n\t\t40 %\n\t\t\t\t<img decoding=\"async\" src=\"https:\/\/yci.org\/herstart\/wp-content\/uploads\/sites\/7\/\/2020\/12\/elipses.svg\" alt=\"Underline detail\" itemprop=\"image\" height=\"8\" width=\"38\" title=\"elipses\" onerror=\"this.style.display='none'\" loading='lazy' \/>\n\t<p>Actuellement, 40 % des petites et moyennes entreprises (PME) en Afrique sont exploit\u00e9es par des femmes, mais seulement 2 % d&rsquo;entre elles ont r\u00e9ussi \u00e0 acc\u00e9der au financement et il y a un \u00e9cart de financement de 42 milliards de dollars entre les hommes et les femmes entrepreneurs.<\/p>\n<p>&#8211; <a href=\"https:\/\/www.findevcanada.ca\/fr\/nouvelles\/findev-canada-investit-dans-alitheia-idf-fonds-avec-une-optique-de-genre-cibler-les\" target=\"_blank\" rel=\"noopener\">FinDev Canada<\/a><\/p>\n<h2>\n\t\t\tUn engagement audacieux du Canada\t<\/h2>\n\t\t\t\t<img decoding=\"async\" src=\"https:\/\/yci.org\/herstart\/wp-content\/uploads\/sites\/7\/\/2020\/12\/elipses.svg\" alt=\"Underline detail\" itemprop=\"image\" height=\"8\" width=\"38\" title=\"elipses\" onerror=\"this.style.display='none'\" loading='lazy' \/>\n\t<p><a href=\"https:\/\/www.international.gc.ca\/world-monde\/issues_development-enjeux_developpement\/priorities-priorites\/policy-politique.aspx?lang=fra\" rel=\"noopener\" target=\"_blank\">La politique d&rsquo;aide internationale f\u00e9ministe du Canada<\/a> affirme que l&rsquo;\u00e9galit\u00e9 des sexes et l&rsquo;autonomisation des femmes et des filles sont essentielles pour changer la r\u00e9alit\u00e9 \u00e9conomique des jeunes femmes. Elle est <a href=\"https:\/\/www.foreignaffairs.com\/articles\/2020-03-09\/best-foreign-policy-puts-women-center\" rel=\"noopener\" target=\"_blank\">l&rsquo;une des quatre seules politiques de ce genre existant dans le monde aujourd&rsquo;hui<\/a>. Elle reconna\u00eet que, malgr\u00e9 les r\u00e9centes r\u00e9ductions de la pauvret\u00e9 mondiale, les femmes et les filles font toujours face \u00e0 des obstacles uniques pour b\u00e2tir un revenu durable. Se concentrer sur l&rsquo;aide aux femmes et aux filles pour prosp\u00e9rer est la meilleure fa\u00e7on de s&rsquo;attaquer aux causes profondes de la pauvret\u00e9.<\/p>\n<p><strong>\u00ab Le Canada a adopt\u00e9 une approche f\u00e9ministe parce que nous croyons fermement que les femmes et les filles ont la capacit\u00e9 d&rsquo;atteindre un v\u00e9ritable changement en termes de d\u00e9veloppement durable et de paix, m\u00eame si elles sont souvent les plus vuln\u00e9rables \u00e0 la pauvret\u00e9, \u00e0 la violence et au changement climatique. \u00bb &#8211; Gouvernement du Canada<\/strong><\/p>\n<p>Une approche f\u00e9ministe est logique et nous nous engageons \u00e0 habiliter les femmes \u00e0 l&rsquo;\u00e9chelle mondiale aussi.<\/p>\n\t\t\t<a href=\"https:\/\/yci.org\/herstart\/fr\/investir\/\" target=\"_self\">\n\t\t\t\t\t\t\tInvestir dans les femmes aujourd&rsquo;hui\n\t\t\t\t\t<\/a>\n\t\t\t\t<img decoding=\"async\" src=\"https:\/\/yci.org\/herstart\/wp-content\/uploads\/sites\/7\/2024\/01\/IMG_3778-1-scaled.jpg\" alt=\"IMG_3778 (1)\" itemprop=\"image\" height=\"1707\" width=\"2560\" title=\"IMG_3778 (1)\" onerror=\"this.style.display='none'\" loading='lazy' \/>\n\n","protected":false},"excerpt":{"rendered":"<p>HerStart: un mod\u00e8le pour un avenir f\u00e9ministe L&rsquo;initiative HerStart de YCI favorise l&rsquo;\u00e9galit\u00e9 au niveau mondial en d\u00e9veloppant des voies pour que les femmes deviennent des entrepreneures sociales et cr\u00e9ent un impact \u00e9conomique durable. Investir dans les femmes Aller \u00e0 L&rsquo;\u00e9galit\u00e9 pour la croissance \u00e9conomique est au c\u0153ur de l&rsquo;initiative HerStart Le pouvoir et le&hellip;<\/p>\n","protected":false},"author":6,"featured_media":0,"parent":0,"menu_order":0,"comment_status":"closed","ping_status":"closed","template":"","meta":{"_acf_changed":false,"inline_featured_image":false,"footnotes":""},"class_list":["post-1460","page","type-page","status-publish","hentry"],"acf":[],"yoast_head":"<!-- This site is optimized with the Yoast SEO plugin v27.3 - https:\/\/yoast.com\/product\/yoast-seo-wordpress\/ -->\n<title>D\u00e9velopper l&#039;inclusion \u00e9conomique des femmes pour l&#039;\u00e9galit\u00e9 des sexes | HerStart<\/title>\n<meta name=\"description\" content=\"HerStart favorise l&#039;\u00e9galit\u00e9 des femmes dans le monde en d\u00e9veloppant des voies permettant aux femmes de devenir des entrepreneurs sociaux afin de cr\u00e9er des effets d&#039;entra\u00eenement \u00e9conomiques durables.\" \/>\n<meta name=\"robots\" content=\"index, follow, max-snippet:-1, max-image-preview:large, max-video-preview:-1\" \/>\n<link rel=\"canonical\" href=\"https:\/\/yci.org\/herstart\/fr\/notre-approche\/\" \/>\n<meta property=\"og:locale\" content=\"fr_FR\" \/>\n<meta property=\"og:type\" content=\"article\" \/>\n<meta property=\"og:title\" content=\"D\u00e9velopper l&#039;inclusion \u00e9conomique des femmes pour l&#039;\u00e9galit\u00e9 des sexes | HerStart\" \/>\n<meta property=\"og:description\" content=\"HerStart favorise l&#039;\u00e9galit\u00e9 des femmes dans le monde en d\u00e9veloppant des voies permettant aux femmes de devenir des entrepreneurs sociaux afin de cr\u00e9er des effets d&#039;entra\u00eenement \u00e9conomiques durables.\" \/>\n<meta property=\"og:url\" content=\"https:\/\/yci.org\/herstart\/fr\/notre-approche\/\" \/>\n<meta property=\"og:site_name\" content=\"HerStart\" \/>\n<meta property=\"article:modified_time\" content=\"2025-05-20T05:15:19+00:00\" \/>\n<meta property=\"og:image\" content=\"https:\/\/yci.org\/herstart\/wp-content\/uploads\/sites\/7\/2024\/01\/59016582-4731-4707-A0F1-DD271E1CD541_1_201_a-scaled.jpg\" \/>\n<meta name=\"twitter:card\" content=\"summary_large_image\" \/>\n<meta name=\"twitter:label1\" content=\"Dur\u00e9e de lecture estim\u00e9e\" \/>\n\t<meta name=\"twitter:data1\" content=\"4 minutes\" \/>\n<script type=\"application\/ld+json\" class=\"yoast-schema-graph\">{\"@context\":\"https:\\\/\\\/schema.org\",\"@graph\":[{\"@type\":\"WebPage\",\"@id\":\"https:\\\/\\\/yci.org\\\/herstart\\\/fr\\\/notre-approche\\\/\",\"url\":\"https:\\\/\\\/yci.org\\\/herstart\\\/fr\\\/notre-approche\\\/\",\"name\":\"D\u00e9velopper l'inclusion \u00e9conomique des femmes pour l'\u00e9galit\u00e9 des sexes | HerStart\",\"isPartOf\":{\"@id\":\"https:\\\/\\\/yci.org\\\/herstart\\\/#website\"},\"primaryImageOfPage\":{\"@id\":\"https:\\\/\\\/yci.org\\\/herstart\\\/fr\\\/notre-approche\\\/#primaryimage\"},\"image\":{\"@id\":\"https:\\\/\\\/yci.org\\\/herstart\\\/fr\\\/notre-approche\\\/#primaryimage\"},\"thumbnailUrl\":\"https:\\\/\\\/yci.org\\\/herstart\\\/wp-content\\\/uploads\\\/sites\\\/7\\\/2024\\\/01\\\/59016582-4731-4707-A0F1-DD271E1CD541_1_201_a-scaled.jpg\",\"datePublished\":\"2020-11-12T16:30:15+00:00\",\"dateModified\":\"2025-05-20T05:15:19+00:00\",\"description\":\"HerStart favorise l'\u00e9galit\u00e9 des femmes dans le monde en d\u00e9veloppant des voies permettant aux femmes de devenir des entrepreneurs sociaux afin de cr\u00e9er des effets d'entra\u00eenement \u00e9conomiques durables.\",\"breadcrumb\":{\"@id\":\"https:\\\/\\\/yci.org\\\/herstart\\\/fr\\\/notre-approche\\\/#breadcrumb\"},\"inLanguage\":\"fr-FR\",\"potentialAction\":[{\"@type\":\"ReadAction\",\"target\":[\"https:\\\/\\\/yci.org\\\/herstart\\\/fr\\\/notre-approche\\\/\"]}]},{\"@type\":\"ImageObject\",\"inLanguage\":\"fr-FR\",\"@id\":\"https:\\\/\\\/yci.org\\\/herstart\\\/fr\\\/notre-approche\\\/#primaryimage\",\"url\":\"https:\\\/\\\/yci.org\\\/herstart\\\/wp-content\\\/uploads\\\/sites\\\/7\\\/2024\\\/01\\\/59016582-4731-4707-A0F1-DD271E1CD541_1_201_a-scaled.jpg\",\"contentUrl\":\"https:\\\/\\\/yci.org\\\/herstart\\\/wp-content\\\/uploads\\\/sites\\\/7\\\/2024\\\/01\\\/59016582-4731-4707-A0F1-DD271E1CD541_1_201_a-scaled.jpg\"},{\"@type\":\"BreadcrumbList\",\"@id\":\"https:\\\/\\\/yci.org\\\/herstart\\\/fr\\\/notre-approche\\\/#breadcrumb\",\"itemListElement\":[{\"@type\":\"ListItem\",\"position\":1,\"name\":\"Home\",\"item\":\"https:\\\/\\\/yci.org\\\/herstart\\\/fr\\\/\"},{\"@type\":\"ListItem\",\"position\":2,\"name\":\"Notre approche\"}]},{\"@type\":\"WebSite\",\"@id\":\"https:\\\/\\\/yci.org\\\/herstart\\\/#website\",\"url\":\"https:\\\/\\\/yci.org\\\/herstart\\\/\",\"name\":\"HerStart\",\"description\":\"A Youth Challenge International Initiative\",\"potentialAction\":[{\"@type\":\"SearchAction\",\"target\":{\"@type\":\"EntryPoint\",\"urlTemplate\":\"https:\\\/\\\/yci.org\\\/herstart\\\/?s={search_term_string}\"},\"query-input\":{\"@type\":\"PropertyValueSpecification\",\"valueRequired\":true,\"valueName\":\"search_term_string\"}}],\"inLanguage\":\"fr-FR\"}]}<\/script>\n<!-- \/ Yoast SEO plugin. -->","yoast_head_json":{"title":"D\u00e9velopper l'inclusion \u00e9conomique des femmes pour l'\u00e9galit\u00e9 des sexes | HerStart","description":"HerStart favorise l'\u00e9galit\u00e9 des femmes dans le monde en d\u00e9veloppant des voies permettant aux femmes de devenir des entrepreneurs sociaux afin de cr\u00e9er des effets d'entra\u00eenement \u00e9conomiques durables.","robots":{"index":"index","follow":"follow","max-snippet":"max-snippet:-1","max-image-preview":"max-image-preview:large","max-video-preview":"max-video-preview:-1"},"canonical":"https:\/\/yci.org\/herstart\/fr\/notre-approche\/","og_locale":"fr_FR","og_type":"article","og_title":"D\u00e9velopper l'inclusion \u00e9conomique des femmes pour l'\u00e9galit\u00e9 des sexes | HerStart","og_description":"HerStart favorise l'\u00e9galit\u00e9 des femmes dans le monde en d\u00e9veloppant des voies permettant aux femmes de devenir des entrepreneurs sociaux afin de cr\u00e9er des effets d'entra\u00eenement \u00e9conomiques durables.","og_url":"https:\/\/yci.org\/herstart\/fr\/notre-approche\/","og_site_name":"HerStart","article_modified_time":"2025-05-20T05:15:19+00:00","og_image":[{"url":"https:\/\/yci.org\/herstart\/wp-content\/uploads\/sites\/7\/2024\/01\/59016582-4731-4707-A0F1-DD271E1CD541_1_201_a-scaled.jpg","type":"","width":"","height":""}],"twitter_card":"summary_large_image","twitter_misc":{"Dur\u00e9e de lecture estim\u00e9e":"4 minutes"},"schema":{"@context":"https:\/\/schema.org","@graph":[{"@type":"WebPage","@id":"https:\/\/yci.org\/herstart\/fr\/notre-approche\/","url":"https:\/\/yci.org\/herstart\/fr\/notre-approche\/","name":"D\u00e9velopper l'inclusion \u00e9conomique des femmes pour l'\u00e9galit\u00e9 des sexes | HerStart","isPartOf":{"@id":"https:\/\/yci.org\/herstart\/#website"},"primaryImageOfPage":{"@id":"https:\/\/yci.org\/herstart\/fr\/notre-approche\/#primaryimage"},"image":{"@id":"https:\/\/yci.org\/herstart\/fr\/notre-approche\/#primaryimage"},"thumbnailUrl":"https:\/\/yci.org\/herstart\/wp-content\/uploads\/sites\/7\/2024\/01\/59016582-4731-4707-A0F1-DD271E1CD541_1_201_a-scaled.jpg","datePublished":"2020-11-12T16:30:15+00:00","dateModified":"2025-05-20T05:15:19+00:00","description":"HerStart favorise l'\u00e9galit\u00e9 des femmes dans le monde en d\u00e9veloppant des voies permettant aux femmes de devenir des entrepreneurs sociaux afin de cr\u00e9er des effets d'entra\u00eenement \u00e9conomiques durables.","breadcrumb":{"@id":"https:\/\/yci.org\/herstart\/fr\/notre-approche\/#breadcrumb"},"inLanguage":"fr-FR","potentialAction":[{"@type":"ReadAction","target":["https:\/\/yci.org\/herstart\/fr\/notre-approche\/"]}]},{"@type":"ImageObject","inLanguage":"fr-FR","@id":"https:\/\/yci.org\/herstart\/fr\/notre-approche\/#primaryimage","url":"https:\/\/yci.org\/herstart\/wp-content\/uploads\/sites\/7\/2024\/01\/59016582-4731-4707-A0F1-DD271E1CD541_1_201_a-scaled.jpg","contentUrl":"https:\/\/yci.org\/herstart\/wp-content\/uploads\/sites\/7\/2024\/01\/59016582-4731-4707-A0F1-DD271E1CD541_1_201_a-scaled.jpg"},{"@type":"BreadcrumbList","@id":"https:\/\/yci.org\/herstart\/fr\/notre-approche\/#breadcrumb","itemListElement":[{"@type":"ListItem","position":1,"name":"Home","item":"https:\/\/yci.org\/herstart\/fr\/"},{"@type":"ListItem","position":2,"name":"Notre approche"}]},{"@type":"WebSite","@id":"https:\/\/yci.org\/herstart\/#website","url":"https:\/\/yci.org\/herstart\/","name":"HerStart","description":"A Youth Challenge International Initiative","potentialAction":[{"@type":"SearchAction","target":{"@type":"EntryPoint","urlTemplate":"https:\/\/yci.org\/herstart\/?s={search_term_string}"},"query-input":{"@type":"PropertyValueSpecification","valueRequired":true,"valueName":"search_term_string"}}],"inLanguage":"fr-FR"}]}},"_links":{"self":[{"href":"https:\/\/yci.org\/herstart\/fr\/wp-json\/wp\/v2\/pages\/1460","targetHints":{"allow":["GET"]}}],"collection":[{"href":"https:\/\/yci.org\/herstart\/fr\/wp-json\/wp\/v2\/pages"}],"about":[{"href":"https:\/\/yci.org\/herstart\/fr\/wp-json\/wp\/v2\/types\/page"}],"author":[{"embeddable":true,"href":"https:\/\/yci.org\/herstart\/fr\/wp-json\/wp\/v2\/users\/6"}],"replies":[{"embeddable":true,"href":"https:\/\/yci.org\/herstart\/fr\/wp-json\/wp\/v2\/comments?post=1460"}],"version-history":[{"count":0,"href":"https:\/\/yci.org\/herstart\/fr\/wp-json\/wp\/v2\/pages\/1460\/revisions"}],"wp:attachment":[{"href":"https:\/\/yci.org\/herstart\/fr\/wp-json\/wp\/v2\/media?parent=1460"}],"curies":[{"name":"wp","href":"https:\/\/api.w.org\/{rel}","templated":true}]}}