{"id":1459,"date":"2020-12-21T13:17:05","date_gmt":"2020-12-21T18:17:05","guid":{"rendered":"https:\/\/yci.org\/herstart\/page-daccueil\/"},"modified":"2025-05-20T01:14:32","modified_gmt":"2025-05-20T05:14:32","slug":"page-daccueil","status":"publish","type":"page","link":"https:\/\/yci.org\/herstart\/fr\/","title":{"rendered":"Page d&rsquo;accueil"},"content":{"rendered":"\n\n\t\t\t\t<img decoding=\"async\" src=\"https:\/\/yci.org\/herstart\/wp-content\/uploads\/sites\/7\/2025\/04\/1000x1000-2-2.jpg\" alt=\"1000x1000 (2)\" itemprop=\"image\" height=\"1000\" width=\"1000\" title=\"1000x1000 (2)\" onerror=\"this.style.display='none'\" loading='lazy' \/>\n<h1>\n\t\t\tHerStart, <br \/> notre avenir\t<\/h1>\n\t<p>Youth Challenge International s&rsquo;est associ\u00e9e \u00e0 des milliers de jeunes pour faire progresser l&rsquo;\u00e9galit\u00e9 des femmes \u00e0 l&rsquo;\u00e9chelle mondiale et cr\u00e9er un \u00e9cosyst\u00e8me d&rsquo;entrepreneuriat social avec un impact positif pour toutes et tous.<\/p>\n<p>Venez cr\u00e9er un avenir meilleur avec nous.<\/p>\n\t\t\t<a href=\"https:\/\/yci.org\/herstart\/fr\/programme-de-benevolat-international\/\" target=\"_self\">\n\t\t\t\t\t\t\tPostuler maintenant\n\t\t\t\t\t<\/a>\n\t\t\t<a href=\"https:\/\/yci.akaraisin.com\/ui\/CirclesofImpact\" target=\"_self\">\n\t\t\t\t\t\t\tInvestir dans les femmes\n\t\t\t\t\t<\/a>\n<h2>\n\t\t\tVoici comment vous pouvez vous joindre \u00e0 nous\t<\/h2>\n\t\t\t\t<img decoding=\"async\" src=\"https:\/\/yci.org\/herstart\/wp-content\/uploads\/sites\/7\/\/2020\/12\/elipses.svg\" alt=\"Underline detail\" itemprop=\"image\" height=\"8\" width=\"38\" title=\"elipses\" onerror=\"this.style.display='none'\" loading='lazy' \/>\n\t\t\t\t<img decoding=\"async\" src=\"https:\/\/yci.org\/herstart\/wp-content\/uploads\/sites\/7\/2025\/04\/1000x1000-4-1.jpg\" alt=\"1000x1000 (4)\" title=\"1000x1000 (4)\" itemprop=\"image\"\/>\n\t\t\t\t\t\t\t\t\t\t\t\tExplorez notre programme Innover l&rsquo;avenir\n\t\t\t<!-- END .front -->\n\t\t\t\t\t\t<h3><a href=\"https:\/\/yci.org\/herstart\/fr\/le-programme\/\">Explorez notre programme \u00ab Innovate the Future \u00bb (Innover l&rsquo;avenir)<\/a><\/h3><p><div class=\"single-orange-dot\"><img decoding=\"async\" src=\"\/herstart\/wp-content\/themes\/herstart\/assets\/images\/singleorangedot.svg\" \/><\/div><a href=\"https:\/\/yci.org\/herstart\/fr\/le-programme\/\">Le programme \u00ab Innovate the Future \u00bb de HerStart aide les jeunes femmes \u00e0 mettre en \u0153uvre leur pouvoir \u00e9conomique gr\u00e2ce \u00e0 l&rsquo;entrepreneuriat social et \u00e0 l&rsquo;investissement.<\/a><\/p>\t\t\t\t\t\n\t\t\t<!-- END .back -->\n\t\t <!-- ifb-flip-box -->\n\t <!-- flip-box -->\n\t\t\t\t<img decoding=\"async\" src=\"https:\/\/yci.org\/herstart\/wp-content\/uploads\/sites\/7\/2025\/04\/Homepage-hero-option-1.jpg\" alt=\"Homepage hero option 1\" title=\"Homepage hero option 1\" itemprop=\"image\"\/>\n\t\t\t\t\t\t\t\t\t\t\t\t<p>Faire une demande de participation \u00e0 un programme de volontariat<\/p>\n\t\t\t<!-- END .front -->\n\t\t\t\t\t\t<h3><a href=\"https:\/\/yci.org\/herstart\/fr\/programme-de-benevolat-international\/\">Faire une demande de participation \u00e0 un programme de b\u00e9n\u00e9volat<\/a><\/h3><p><div class=\"single-orange-dot\"><img decoding=\"async\" src=\"\/herstart\/wp-content\/themes\/herstart\/assets\/images\/singleorangedot.svg\" \/><\/div><a href=\"https:\/\/yci.org\/herstart\/fr\/programme-de-benevolat-international\/\">Nous offrons des programmes de b\u00e9n\u00e9volat internationale et virtuels uniques aux Canadiens qui veulent utiliser leurs comp\u00e9tences et soutenir les femmes pour qu&rsquo;elles dirigent leurs communaut\u00e9s. Faire une demande de participation \u00e0 un programme de b\u00e9n\u00e9volat.<\/a><\/p>\t\t\t\t\t\n\t\t\t<!-- END .back -->\n\t\t <!-- ifb-flip-box -->\n\t <!-- flip-box -->\n\t\t\t\t<img decoding=\"async\" src=\"https:\/\/yci.org\/herstart\/wp-content\/uploads\/sites\/7\/2025\/04\/1000x1000-2-1.jpg\" alt=\"1000x1000 (2)\" title=\"1000x1000 (2)\" itemprop=\"image\"\/>\n\t\t\t\t\t\t\t\t\t\t\t\tInvestir dans les femmes aujourd&rsquo;hui\n\t\t\t<!-- END .front -->\n\t\t\t\t\t\t<h3><a href=\"https:\/\/yci.org\/herstart\/fr\/investir\/\">Investir dans les femmes aujourd&rsquo;hui<\/a><\/h3><br \/><p><div class=\"single-orange-dot\"><img decoding=\"async\" src=\"\/herstart\/wp-content\/themes\/herstart\/assets\/images\/singleorangedot.svg\" \/><\/div><br \/><a href=\"https:\/\/yci.org\/herstart\/fr\/investir\/\">Vous pouvez investir dans l&rsquo;autonomisation \u00e9conomique et le leadership des femmes partout dans le monde. Soyez un catalyseur du changement social et faites un don ou recueillez des fonds avec nous.<\/a><\/p><br \/>\t\t\t\t\t\n\t\t\t<!-- END .back -->\n\t\t <!-- ifb-flip-box -->\n\t <!-- flip-box -->\n<h2>\n\t\t\tUn catalyseur pour la jeunesse et l&rsquo;\u00e9galit\u00e9\t<\/h2>\n\t\t\t\t<img decoding=\"async\" src=\"https:\/\/yci.org\/herstart\/wp-content\/uploads\/sites\/7\/\/2020\/12\/elipses.svg\" alt=\"Underline detail\" itemprop=\"image\" height=\"8\" width=\"38\" title=\"elipses\" onerror=\"this.style.display='none'\" loading='lazy' \/>\n\t<p>Depuis plus de 30 ans, l&rsquo;\u00e9galit\u00e9 des sexes est une priorit\u00e9 chez YCI. Nous <a href=\"https:\/\/www.yci.org\/solutions\/\" target=\"_blank\" rel=\"noopener\">concevons des programmes inclusifs<\/a> qui aident \u00e0 surmonter les obstacles li\u00e9s au genre et \u00e0 soutenir l&rsquo;autonomisation \u00e9conomique et le leadership communautaire des jeunes femmes.<\/p>\n<p>HerStart est une initiative de YCI visant \u00e0 promouvoir l&rsquo;\u00e9galit\u00e9 des sexes en cr\u00e9ant des opportunit\u00e9s pour les femmes de d\u00e9velopper les comp\u00e9tences, la confiance et le financement dont elles ont besoin pour r\u00e9aliser leurs r\u00eaves et atteindre leurs objectifs. Nous collaborons avec les jeunes, les organismes partenaires et les communaut\u00e9s pour identifier leurs besoins et d\u00e9velopper des moyens pour les femmes de cr\u00e9er des entreprises, des emplois et un impact \u00e9conomique durable.<\/p>\n<p>Le programme HerStart \u00ab Innovate the Future \u00bb offre \u00e0 10 000 femmes au Ghana, en Tanzanie et en Ouganda l&rsquo;acc\u00e8s \u00e0 la formation, aux ressources et aux r\u00e9seaux d&rsquo;entrepreneuriat social pour lancer ou d\u00e9velopper avec succ\u00e8s leurs activit\u00e9s.<\/p>\n\t\t\t<a href=\"https:\/\/yci.org\/herstart\/fr\/notre-approche\/\" target=\"_self\">\n\t\t\t\t\t\t\tVoir comment nous travaillons\n\t\t\t\t\t<\/a>\n\t\t\t\t<img decoding=\"async\" src=\"https:\/\/yci.org\/herstart\/wp-content\/uploads\/sites\/7\/2025\/04\/1000x1000-10.jpg\" alt=\"1000x1000 (10)\" itemprop=\"image\" height=\"1000\" width=\"1000\" title=\"1000x1000 (10)\" onerror=\"this.style.display='none'\" loading='lazy' \/>\n<h2>\n\t\t\t\u00c9couter notre r\u00e9seau\t<\/h2>\n\t\t\t\t<img decoding=\"async\" src=\"https:\/\/yci.org\/herstart\/wp-content\/uploads\/sites\/7\/\/2020\/12\/elipses.svg\" alt=\"Underline detail\" itemprop=\"image\" height=\"8\" width=\"38\" title=\"elipses\" onerror=\"this.style.display='none'\" loading='lazy' \/>\n\t<div class=\"herstart-slider--testimonials\"><div class=\"herstart-slider--main\"><div class=\"herstart--single-testimonial\"><div class=\"herstart--single-testimonial-img\"><img loading=\"lazy\" decoding=\"async\" width=\"1000\" height=\"1000\" src=\"https:\/\/yci.org\/herstart\/wp-content\/uploads\/sites\/7\/2023\/09\/1000x1000-35.jpg\" class=\"attachment-post-thumbnail size-post-thumbnail wp-post-image\" alt=\"\" srcset=\"https:\/\/yci.org\/herstart\/wp-content\/uploads\/sites\/7\/2023\/09\/1000x1000-35.jpg 1000w, https:\/\/yci.org\/herstart\/wp-content\/uploads\/sites\/7\/2023\/09\/1000x1000-35-300x300.jpg 300w, https:\/\/yci.org\/herstart\/wp-content\/uploads\/sites\/7\/2023\/09\/1000x1000-35-150x150.jpg 150w, https:\/\/yci.org\/herstart\/wp-content\/uploads\/sites\/7\/2023\/09\/1000x1000-35-768x768.jpg 768w\" sizes=\"auto, (max-width: 1000px) 100vw, 1000px\" \/><\/div><div class=\"herstart--single-testimonial-desc\"><div>\u00ab La bourse HerStart m'a pouss\u00e9e \u00e0 aller plus loin et \u00e0 d\u00e9velopper mes capacit\u00e9s. Participer \u00e0 cette opportunit\u00e9 est un excellent catalyseur pour renforcer votre confiance et vos capacit\u00e9s tout en contribuant \u00e0 quelque chose de vraiment important. \u00bb<\/div>                            <p>&#8212;  Zachary, Programme et boursier des partenariats, Ghana<\/p>\n                        <\/div><\/div><div class=\"herstart--single-testimonial\"><div class=\"herstart--single-testimonial-img\"><img loading=\"lazy\" decoding=\"async\" width=\"1379\" height=\"1370\" src=\"https:\/\/yci.org\/herstart\/wp-content\/uploads\/sites\/7\/2021\/01\/Natasha-Ruth-2022.jpg\" class=\"attachment-post-thumbnail size-post-thumbnail wp-post-image\" alt=\"\" srcset=\"https:\/\/yci.org\/herstart\/wp-content\/uploads\/sites\/7\/2021\/01\/Natasha-Ruth-2022.jpg 1379w, https:\/\/yci.org\/herstart\/wp-content\/uploads\/sites\/7\/2021\/01\/Natasha-Ruth-2022-300x298.jpg 300w, https:\/\/yci.org\/herstart\/wp-content\/uploads\/sites\/7\/2021\/01\/Natasha-Ruth-2022-1024x1017.jpg 1024w, https:\/\/yci.org\/herstart\/wp-content\/uploads\/sites\/7\/2021\/01\/Natasha-Ruth-2022-150x150.jpg 150w, https:\/\/yci.org\/herstart\/wp-content\/uploads\/sites\/7\/2021\/01\/Natasha-Ruth-2022-768x763.jpg 768w\" sizes=\"auto, (max-width: 1379px) 100vw, 1379px\" \/><\/div><div class=\"herstart--single-testimonial-desc\"><div>Participer \u00e0 HerStart et recevoir le Fonds Catalyst a chang\u00e9 ma vie. J'ai commenc\u00e9 \u00e0 croire en moi et je suis maintenant une source d'inspiration pour les membres de ma communaut\u00e9.<\/div>                            <p>&#8212; Natasha Ruth, entrepreneuse HerStart en Ouganda<\/p>\n                        <\/div><\/div><div class=\"herstart--single-testimonial\"><div class=\"herstart--single-testimonial-img\"><img loading=\"lazy\" decoding=\"async\" width=\"3201\" height=\"3941\" src=\"https:\/\/yci.org\/herstart\/wp-content\/uploads\/sites\/7\/2024\/01\/Aimi-2023.png\" class=\"attachment-post-thumbnail size-post-thumbnail wp-post-image\" alt=\"\" srcset=\"https:\/\/yci.org\/herstart\/wp-content\/uploads\/sites\/7\/2024\/01\/Aimi-2023.png 3201w, https:\/\/yci.org\/herstart\/wp-content\/uploads\/sites\/7\/2024\/01\/Aimi-2023-244x300.png 244w, https:\/\/yci.org\/herstart\/wp-content\/uploads\/sites\/7\/2024\/01\/Aimi-2023-832x1024.png 832w, https:\/\/yci.org\/herstart\/wp-content\/uploads\/sites\/7\/2024\/01\/Aimi-2023-768x946.png 768w, https:\/\/yci.org\/herstart\/wp-content\/uploads\/sites\/7\/2024\/01\/Aimi-2023-1248x1536.png 1248w, https:\/\/yci.org\/herstart\/wp-content\/uploads\/sites\/7\/2024\/01\/Aimi-2023-1663x2048.png 1663w\" sizes=\"auto, (max-width: 3201px) 100vw, 3201px\" \/><\/div><div class=\"herstart--single-testimonial-desc\"><div>J'ai am\u00e9lior\u00e9 mes comp\u00e9tences en mati\u00e8re de communication et d'\u00e9valuation, et j'ai acquis une compr\u00e9hension pratique du r\u00f4le crucial que jouent les partenariats dans le d\u00e9veloppement durable.<\/div>                            <p>&#8212; Aimi, HerStart Fellow en Tanzanie<\/p>\n                        <\/div><\/div><div class=\"herstart--single-testimonial\"><div class=\"herstart--single-testimonial-img\"><img loading=\"lazy\" decoding=\"async\" width=\"1920\" height=\"2560\" src=\"https:\/\/yci.org\/herstart\/wp-content\/uploads\/sites\/7\/2021\/01\/Millicent-BTU-scaled.jpg\" class=\"attachment-post-thumbnail size-post-thumbnail wp-post-image\" alt=\"\" srcset=\"https:\/\/yci.org\/herstart\/wp-content\/uploads\/sites\/7\/2021\/01\/Millicent-BTU-scaled.jpg 1920w, https:\/\/yci.org\/herstart\/wp-content\/uploads\/sites\/7\/2021\/01\/Millicent-BTU-225x300.jpg 225w, https:\/\/yci.org\/herstart\/wp-content\/uploads\/sites\/7\/2021\/01\/Millicent-BTU-768x1024.jpg 768w, https:\/\/yci.org\/herstart\/wp-content\/uploads\/sites\/7\/2021\/01\/Millicent-BTU-1152x1536.jpg 1152w, https:\/\/yci.org\/herstart\/wp-content\/uploads\/sites\/7\/2021\/01\/Millicent-BTU-1536x2048.jpg 1536w\" sizes=\"auto, (max-width: 1920px) 100vw, 1920px\" \/><\/div><div class=\"herstart--single-testimonial-desc\"><div>Le programme HerStart d'YCI a suscit\u00e9 une nouvelle vision de l'entrepreneuriat gr\u00e2ce \u00e0 sa formation. De nombreuses entreprises sociales dirig\u00e9es par des jeunes femmes voient le jour.<\/div>                            <p>&#8212; Millicent de l'Universit\u00e9 technique de Bolgatanga, partenaire de HerStart au Ghana<\/p>\n                        <\/div><\/div><\/div><div class=\"herstart-slider--nav-container\"><div class=\"herstart-slider--nav\"><div class=\"herstart--single-testimonial\"><div class=\"herstart--single-testimonial-img\"><img loading=\"lazy\" decoding=\"async\" width=\"1000\" height=\"1000\" src=\"https:\/\/yci.org\/herstart\/wp-content\/uploads\/sites\/7\/2023\/09\/1000x1000-35.jpg\" class=\"attachment-post-thumbnail size-post-thumbnail wp-post-image\" alt=\"\" srcset=\"https:\/\/yci.org\/herstart\/wp-content\/uploads\/sites\/7\/2023\/09\/1000x1000-35.jpg 1000w, https:\/\/yci.org\/herstart\/wp-content\/uploads\/sites\/7\/2023\/09\/1000x1000-35-300x300.jpg 300w, https:\/\/yci.org\/herstart\/wp-content\/uploads\/sites\/7\/2023\/09\/1000x1000-35-150x150.jpg 150w, https:\/\/yci.org\/herstart\/wp-content\/uploads\/sites\/7\/2023\/09\/1000x1000-35-768x768.jpg 768w\" sizes=\"auto, (max-width: 1000px) 100vw, 1000px\" \/><\/div><\/div><div class=\"herstart--single-testimonial\"><div class=\"herstart--single-testimonial-img\"><img loading=\"lazy\" decoding=\"async\" width=\"1379\" height=\"1370\" src=\"https:\/\/yci.org\/herstart\/wp-content\/uploads\/sites\/7\/2021\/01\/Natasha-Ruth-2022.jpg\" class=\"attachment-post-thumbnail size-post-thumbnail wp-post-image\" alt=\"\" srcset=\"https:\/\/yci.org\/herstart\/wp-content\/uploads\/sites\/7\/2021\/01\/Natasha-Ruth-2022.jpg 1379w, https:\/\/yci.org\/herstart\/wp-content\/uploads\/sites\/7\/2021\/01\/Natasha-Ruth-2022-300x298.jpg 300w, https:\/\/yci.org\/herstart\/wp-content\/uploads\/sites\/7\/2021\/01\/Natasha-Ruth-2022-1024x1017.jpg 1024w, https:\/\/yci.org\/herstart\/wp-content\/uploads\/sites\/7\/2021\/01\/Natasha-Ruth-2022-150x150.jpg 150w, https:\/\/yci.org\/herstart\/wp-content\/uploads\/sites\/7\/2021\/01\/Natasha-Ruth-2022-768x763.jpg 768w\" sizes=\"auto, (max-width: 1379px) 100vw, 1379px\" \/><\/div><\/div><div class=\"herstart--single-testimonial\"><div class=\"herstart--single-testimonial-img\"><img loading=\"lazy\" decoding=\"async\" width=\"3201\" height=\"3941\" src=\"https:\/\/yci.org\/herstart\/wp-content\/uploads\/sites\/7\/2024\/01\/Aimi-2023.png\" class=\"attachment-post-thumbnail size-post-thumbnail wp-post-image\" alt=\"\" srcset=\"https:\/\/yci.org\/herstart\/wp-content\/uploads\/sites\/7\/2024\/01\/Aimi-2023.png 3201w, https:\/\/yci.org\/herstart\/wp-content\/uploads\/sites\/7\/2024\/01\/Aimi-2023-244x300.png 244w, https:\/\/yci.org\/herstart\/wp-content\/uploads\/sites\/7\/2024\/01\/Aimi-2023-832x1024.png 832w, https:\/\/yci.org\/herstart\/wp-content\/uploads\/sites\/7\/2024\/01\/Aimi-2023-768x946.png 768w, https:\/\/yci.org\/herstart\/wp-content\/uploads\/sites\/7\/2024\/01\/Aimi-2023-1248x1536.png 1248w, https:\/\/yci.org\/herstart\/wp-content\/uploads\/sites\/7\/2024\/01\/Aimi-2023-1663x2048.png 1663w\" sizes=\"auto, (max-width: 3201px) 100vw, 3201px\" \/><\/div><\/div><div class=\"herstart--single-testimonial\"><div class=\"herstart--single-testimonial-img\"><img loading=\"lazy\" decoding=\"async\" width=\"1920\" height=\"2560\" src=\"https:\/\/yci.org\/herstart\/wp-content\/uploads\/sites\/7\/2021\/01\/Millicent-BTU-scaled.jpg\" class=\"attachment-post-thumbnail size-post-thumbnail wp-post-image\" alt=\"\" srcset=\"https:\/\/yci.org\/herstart\/wp-content\/uploads\/sites\/7\/2021\/01\/Millicent-BTU-scaled.jpg 1920w, https:\/\/yci.org\/herstart\/wp-content\/uploads\/sites\/7\/2021\/01\/Millicent-BTU-225x300.jpg 225w, https:\/\/yci.org\/herstart\/wp-content\/uploads\/sites\/7\/2021\/01\/Millicent-BTU-768x1024.jpg 768w, https:\/\/yci.org\/herstart\/wp-content\/uploads\/sites\/7\/2021\/01\/Millicent-BTU-1152x1536.jpg 1152w, https:\/\/yci.org\/herstart\/wp-content\/uploads\/sites\/7\/2021\/01\/Millicent-BTU-1536x2048.jpg 1536w\" sizes=\"auto, (max-width: 1920px) 100vw, 1920px\" \/><\/div><\/div><\/div><\/div><\/div>\n\n","protected":false},"excerpt":{"rendered":"<p>Le programme HerStart d&rsquo;YCI a suscit\u00e9 une nouvelle vision de l&rsquo;entrepreneuriat gr\u00e2ce \u00e0 sa formation. De nombreuses entreprises sociales dirig\u00e9es par des jeunes femmes voient le jour.<\/p>\n","protected":false},"author":6,"featured_media":0,"parent":0,"menu_order":0,"comment_status":"closed","ping_status":"closed","template":"","meta":{"_acf_changed":false,"inline_featured_image":false,"footnotes":""},"class_list":["post-1459","page","type-page","status-publish","hentry"],"acf":[],"yoast_head":"<!-- This site is optimized with the Yoast SEO plugin v27.3 - https:\/\/yoast.com\/product\/yoast-seo-wordpress\/ -->\n<title>D\u00e9velopper l&#039;esprit d&#039;entreprise des jeunes femmes pour l&#039;\u00e9galit\u00e9 mondiale | HerStart<\/title>\n<meta name=\"description\" content=\"HerStart favorise l&#039;\u00e9galit\u00e9 des femmes dans le monde en d\u00e9veloppant des voies permettant aux femmes de devenir des entrepreneurs sociaux afin de cr\u00e9er des effets d&#039;entra\u00eenement \u00e9conomiques durables.\" \/>\n<meta name=\"robots\" content=\"index, follow, max-snippet:-1, max-image-preview:large, max-video-preview:-1\" \/>\n<link rel=\"canonical\" href=\"https:\/\/yci.org\/herstart\/fr\/\" \/>\n<meta property=\"og:locale\" content=\"fr_FR\" \/>\n<meta property=\"og:type\" content=\"article\" \/>\n<meta property=\"og:title\" content=\"D\u00e9velopper l&#039;esprit d&#039;entreprise des jeunes femmes pour l&#039;\u00e9galit\u00e9 mondiale | HerStart\" \/>\n<meta property=\"og:description\" content=\"HerStart favorise l&#039;\u00e9galit\u00e9 des femmes dans le monde en d\u00e9veloppant des voies permettant aux femmes de devenir des entrepreneurs sociaux afin de cr\u00e9er des effets d&#039;entra\u00eenement \u00e9conomiques durables.\" \/>\n<meta property=\"og:url\" content=\"https:\/\/yci.org\/herstart\/fr\/\" \/>\n<meta property=\"og:site_name\" content=\"HerStart\" \/>\n<meta property=\"article:modified_time\" content=\"2025-05-20T05:14:32+00:00\" \/>\n<meta property=\"og:image\" content=\"https:\/\/yci.org\/herstart\/wp-content\/uploads\/sites\/7\/2025\/04\/1000x1000-2-2.jpg\" \/>\n<meta name=\"twitter:card\" content=\"summary_large_image\" \/>\n<meta name=\"twitter:label1\" content=\"Dur\u00e9e de lecture estim\u00e9e\" \/>\n\t<meta name=\"twitter:data1\" content=\"2 minutes\" \/>\n<script type=\"application\/ld+json\" class=\"yoast-schema-graph\">{\"@context\":\"https:\\\/\\\/schema.org\",\"@graph\":[{\"@type\":\"WebPage\",\"@id\":\"https:\\\/\\\/yci.org\\\/herstart\\\/fr\\\/\",\"url\":\"https:\\\/\\\/yci.org\\\/herstart\\\/fr\\\/\",\"name\":\"D\u00e9velopper l'esprit d'entreprise des jeunes femmes pour l'\u00e9galit\u00e9 mondiale | HerStart\",\"isPartOf\":{\"@id\":\"https:\\\/\\\/yci.org\\\/herstart\\\/#website\"},\"primaryImageOfPage\":{\"@id\":\"https:\\\/\\\/yci.org\\\/herstart\\\/fr\\\/#primaryimage\"},\"image\":{\"@id\":\"https:\\\/\\\/yci.org\\\/herstart\\\/fr\\\/#primaryimage\"},\"thumbnailUrl\":\"https:\\\/\\\/yci.org\\\/herstart\\\/wp-content\\\/uploads\\\/sites\\\/7\\\/2025\\\/04\\\/1000x1000-2-2.jpg\",\"datePublished\":\"2020-12-21T18:17:05+00:00\",\"dateModified\":\"2025-05-20T05:14:32+00:00\",\"description\":\"HerStart favorise l'\u00e9galit\u00e9 des femmes dans le monde en d\u00e9veloppant des voies permettant aux femmes de devenir des entrepreneurs sociaux afin de cr\u00e9er des effets d'entra\u00eenement \u00e9conomiques durables.\",\"breadcrumb\":{\"@id\":\"https:\\\/\\\/yci.org\\\/herstart\\\/fr\\\/#breadcrumb\"},\"inLanguage\":\"fr-FR\",\"potentialAction\":[{\"@type\":\"ReadAction\",\"target\":[\"https:\\\/\\\/yci.org\\\/herstart\\\/fr\\\/\"]}]},{\"@type\":\"ImageObject\",\"inLanguage\":\"fr-FR\",\"@id\":\"https:\\\/\\\/yci.org\\\/herstart\\\/fr\\\/#primaryimage\",\"url\":\"https:\\\/\\\/yci.org\\\/herstart\\\/wp-content\\\/uploads\\\/sites\\\/7\\\/2025\\\/04\\\/1000x1000-2-2.jpg\",\"contentUrl\":\"https:\\\/\\\/yci.org\\\/herstart\\\/wp-content\\\/uploads\\\/sites\\\/7\\\/2025\\\/04\\\/1000x1000-2-2.jpg\"},{\"@type\":\"BreadcrumbList\",\"@id\":\"https:\\\/\\\/yci.org\\\/herstart\\\/fr\\\/#breadcrumb\",\"itemListElement\":[{\"@type\":\"ListItem\",\"position\":1,\"name\":\"Home\",\"item\":\"https:\\\/\\\/yci.org\\\/herstart\\\/fr\\\/\"},{\"@type\":\"ListItem\",\"position\":2,\"name\":\"Page d&rsquo;accueil\"}]},{\"@type\":\"WebSite\",\"@id\":\"https:\\\/\\\/yci.org\\\/herstart\\\/#website\",\"url\":\"https:\\\/\\\/yci.org\\\/herstart\\\/\",\"name\":\"HerStart\",\"description\":\"A Youth Challenge International Initiative\",\"potentialAction\":[{\"@type\":\"SearchAction\",\"target\":{\"@type\":\"EntryPoint\",\"urlTemplate\":\"https:\\\/\\\/yci.org\\\/herstart\\\/?s={search_term_string}\"},\"query-input\":{\"@type\":\"PropertyValueSpecification\",\"valueRequired\":true,\"valueName\":\"search_term_string\"}}],\"inLanguage\":\"fr-FR\"}]}<\/script>\n<!-- \/ Yoast SEO plugin. -->","yoast_head_json":{"title":"D\u00e9velopper l'esprit d'entreprise des jeunes femmes pour l'\u00e9galit\u00e9 mondiale | HerStart","description":"HerStart favorise l'\u00e9galit\u00e9 des femmes dans le monde en d\u00e9veloppant des voies permettant aux femmes de devenir des entrepreneurs sociaux afin de cr\u00e9er des effets d'entra\u00eenement \u00e9conomiques durables.","robots":{"index":"index","follow":"follow","max-snippet":"max-snippet:-1","max-image-preview":"max-image-preview:large","max-video-preview":"max-video-preview:-1"},"canonical":"https:\/\/yci.org\/herstart\/fr\/","og_locale":"fr_FR","og_type":"article","og_title":"D\u00e9velopper l'esprit d'entreprise des jeunes femmes pour l'\u00e9galit\u00e9 mondiale | HerStart","og_description":"HerStart favorise l'\u00e9galit\u00e9 des femmes dans le monde en d\u00e9veloppant des voies permettant aux femmes de devenir des entrepreneurs sociaux afin de cr\u00e9er des effets d'entra\u00eenement \u00e9conomiques durables.","og_url":"https:\/\/yci.org\/herstart\/fr\/","og_site_name":"HerStart","article_modified_time":"2025-05-20T05:14:32+00:00","og_image":[{"url":"https:\/\/yci.org\/herstart\/wp-content\/uploads\/sites\/7\/2025\/04\/1000x1000-2-2.jpg","type":"","width":"","height":""}],"twitter_card":"summary_large_image","twitter_misc":{"Dur\u00e9e de lecture estim\u00e9e":"2 minutes"},"schema":{"@context":"https:\/\/schema.org","@graph":[{"@type":"WebPage","@id":"https:\/\/yci.org\/herstart\/fr\/","url":"https:\/\/yci.org\/herstart\/fr\/","name":"D\u00e9velopper l'esprit d'entreprise des jeunes femmes pour l'\u00e9galit\u00e9 mondiale | HerStart","isPartOf":{"@id":"https:\/\/yci.org\/herstart\/#website"},"primaryImageOfPage":{"@id":"https:\/\/yci.org\/herstart\/fr\/#primaryimage"},"image":{"@id":"https:\/\/yci.org\/herstart\/fr\/#primaryimage"},"thumbnailUrl":"https:\/\/yci.org\/herstart\/wp-content\/uploads\/sites\/7\/2025\/04\/1000x1000-2-2.jpg","datePublished":"2020-12-21T18:17:05+00:00","dateModified":"2025-05-20T05:14:32+00:00","description":"HerStart favorise l'\u00e9galit\u00e9 des femmes dans le monde en d\u00e9veloppant des voies permettant aux femmes de devenir des entrepreneurs sociaux afin de cr\u00e9er des effets d'entra\u00eenement \u00e9conomiques durables.","breadcrumb":{"@id":"https:\/\/yci.org\/herstart\/fr\/#breadcrumb"},"inLanguage":"fr-FR","potentialAction":[{"@type":"ReadAction","target":["https:\/\/yci.org\/herstart\/fr\/"]}]},{"@type":"ImageObject","inLanguage":"fr-FR","@id":"https:\/\/yci.org\/herstart\/fr\/#primaryimage","url":"https:\/\/yci.org\/herstart\/wp-content\/uploads\/sites\/7\/2025\/04\/1000x1000-2-2.jpg","contentUrl":"https:\/\/yci.org\/herstart\/wp-content\/uploads\/sites\/7\/2025\/04\/1000x1000-2-2.jpg"},{"@type":"BreadcrumbList","@id":"https:\/\/yci.org\/herstart\/fr\/#breadcrumb","itemListElement":[{"@type":"ListItem","position":1,"name":"Home","item":"https:\/\/yci.org\/herstart\/fr\/"},{"@type":"ListItem","position":2,"name":"Page d&rsquo;accueil"}]},{"@type":"WebSite","@id":"https:\/\/yci.org\/herstart\/#website","url":"https:\/\/yci.org\/herstart\/","name":"HerStart","description":"A Youth Challenge International Initiative","potentialAction":[{"@type":"SearchAction","target":{"@type":"EntryPoint","urlTemplate":"https:\/\/yci.org\/herstart\/?s={search_term_string}"},"query-input":{"@type":"PropertyValueSpecification","valueRequired":true,"valueName":"search_term_string"}}],"inLanguage":"fr-FR"}]}},"_links":{"self":[{"href":"https:\/\/yci.org\/herstart\/fr\/wp-json\/wp\/v2\/pages\/1459","targetHints":{"allow":["GET"]}}],"collection":[{"href":"https:\/\/yci.org\/herstart\/fr\/wp-json\/wp\/v2\/pages"}],"about":[{"href":"https:\/\/yci.org\/herstart\/fr\/wp-json\/wp\/v2\/types\/page"}],"author":[{"embeddable":true,"href":"https:\/\/yci.org\/herstart\/fr\/wp-json\/wp\/v2\/users\/6"}],"replies":[{"embeddable":true,"href":"https:\/\/yci.org\/herstart\/fr\/wp-json\/wp\/v2\/comments?post=1459"}],"version-history":[{"count":0,"href":"https:\/\/yci.org\/herstart\/fr\/wp-json\/wp\/v2\/pages\/1459\/revisions"}],"wp:attachment":[{"href":"https:\/\/yci.org\/herstart\/fr\/wp-json\/wp\/v2\/media?parent=1459"}],"curies":[{"name":"wp","href":"https:\/\/api.w.org\/{rel}","templated":true}]}}