{"id":47596,"date":"2026-04-15T13:49:33","date_gmt":"2026-04-15T18:49:33","guid":{"rendered":"https:\/\/yci.org\/?page_id=47596"},"modified":"2026-05-07T14:19:28","modified_gmt":"2026-05-07T19:19:28","slug":"skills-generator-human-x-tech","status":"publish","type":"page","link":"https:\/\/yci.org\/fr\/skills-generator-human-x-tech\/","title":{"rendered":"Skills Generator"},"content":{"rendered":"<img decoding=\"async\" src=\"https:\/\/yci.org\/wp-content\/uploads\/Centring-Frame-Sky-Blue.svg\" alt=\"Cadre de centrage - Bleu ciel\" itemprop=\"image\" title=\"Cadre de centrage - Bleu ciel\" onerror=\"this.style.display='none'\"  \/>\n<h1>\n\t\t\tSkills Generator: Human x Tech\t<\/h1>\n\t<p>In the AI era, strong &#8220;human&#8221; skills matter more than ever.<\/p>\n<p><strong>Skills Generator: Human x Tech <\/strong>is a free training series to learn how to use tech to solve real-world problems and get ready for the future of work.<\/p>\n\t\t\t<a href=\"https:\/\/airtable.com\/app11Koe6sjwarVrR\/shrDQbICjXw7mWse3\"  target=\"_self\">\n\t\t\t\t\t\t\tSpots are limited! Sign up\n\t\t\t\t\t<\/a>\n\t<p>YCI alumni ideating innovative solutions to local challenges<\/p>\n<h2>\n\t\t\tThe future is not AI, it&#8217;s humans who use tech for good\t<\/h2>\n\t<p>Youth across Ontario told us they want to better understand AI and use it in ways that matter for their careers and communities.<\/p>\n<p>So we built something new. <strong>Skills Generator: Human x Tech<\/strong> is a 10-week training and networking opportunity, co-designed with young people, to help you get ready for future jobs, while making real impact.<\/p>\n<p>With our partners, we bridge the gap between AI tools and the human skills needed to use them ethically and effectively.<\/p>\n\t\t\t<a href=\"https:\/\/airtable.com\/app11Koe6sjwarVrR\/shrDQbICjXw7mWse3\"  target=\"_self\">\n\t\t\t\t\t\t\tLevel up your career today\n\t\t\t\t\t<\/a>\n<h3>\n\t\t\tUpcoming Dates &#038; Deadlines\t<\/h3>\n\t<p><strong>Markham Cohort: <\/strong><\/p>\n<p>June 2 &#8211; August 4, 2026<\/p>\n<p><em>Sign up by May 13!<\/em><\/p>\n<p><strong>Vaughan Cohort: <\/strong><\/p>\n<p>Sept 25 &#8211; Nov 26, 2026<\/p>\n<p><em>Sign up by August 18!<\/em><\/p>\n\t\t\t<a href=\"https:\/\/airtable.com\/app11Koe6sjwarVrR\/shrDQbICjXw7mWse3\"  target=\"_self\">\n\t\t\t\t\t\t\tSign up here\n\t\t\t\t\t<\/a>\n\t\t\t<a href=\"https:\/\/yci.org\/fr\/relier\/\"  target=\"_self\">\n\t\t\t\t\t\t\tFollow for future cohorts\n\t\t\t\t\t<\/a>\n\t\t\t\t<img decoding=\"async\" src=\"https:\/\/yci.org\/wp-content\/uploads\/youth-working-on-lightbulb-paper-3-scaled.jpeg\" alt=\"youth working on lightbulb paper 3\" itemprop=\"image\" title=\"youth working on lightbulb paper 3\" onerror=\"this.style.display='none'\"  \/>\n\t<p>A team of YCI participants engage in an interactive ideation process during a past Solutions Lab event.<\/p>\n<h2>\n\t\t\tSkills That Matter. Tech That Works. Impact That Lasts.\t<\/h2>\n\t<p>Through a curated series of workshops, mentorship and events, you&#8217;ll learn how to solve local challenges by applying new <strong>AI knowledge, a design thinking mindset<\/strong> et<strong> leadership skills<\/strong>.<\/p>\n<p>Whether you want to <strong>jumpstart your career, meet new people or make a difference in your neighborhood,<\/strong> this program is for you.<\/p>\n<p>In 2026, we are piloting the program in <strong>Markham and Vaughan<\/strong>, Ontario. But after that? We want to scale across Canada. Be sure to follow along for future cohorts in new cities!<\/p>\n<p>&nbsp;<\/p>\n<h2>\n\t\t\tDetails for 2026 cohorts\t<\/h2>\n\t<p>Double check that you meet the elgibility requirements for one of the upcoming cohorts!<\/p>\n\t\t\t\t<img decoding=\"async\" src=\"https:\/\/yci.org\/wp-content\/uploads\/YCI-Icon-For-Good.svg\" alt=\"YCI - Ic\u00f4ne - Pour de bon\" itemprop=\"image\" title=\"YCI - Ic\u00f4ne - Pour de bon\" onerror=\"this.style.display='none'\"  \/>\n<h3>\n\t\t\tQui\t<\/h3>\n\t<p>We are looking for diverse cohorts of young people who are&#8230;<\/p>\n<ul>\n<li>Between <strong>18-24<\/strong> years old<\/li>\n<li>Able to attend a few in-person events in <strong>York Region <\/strong>(Markham or Vaughan; local transit stipend)<\/li>\n<li>Have access to computer &amp; internet (tell us if you need support)<\/li>\n<li>Available during full schedule (~<strong>3 hours\/week, for 10 weeks<\/strong>)<\/li>\n<li>Priority given for youth experiencing barriers to employment &amp; education<\/li>\n<li>Open to all academic and work backgrounds<\/li>\n<li><strong>No previous experience or knowledge required!\u00a0<\/strong>Come as you are.<\/li>\n<\/ul>\n\t\t\t\t<img decoding=\"async\" src=\"https:\/\/yci.org\/wp-content\/uploads\/YCI-Icon-Strategic-Collaborations.svg\" alt=\"Deux pi\u00e8ces de puzzle embo\u00eet\u00e9es, d\u00e9limit\u00e9es en blanc sur un fond circulaire fonc\u00e9 avec des bordures vertes et bleues.\" itemprop=\"image\" title=\"YCI - Icon - Collaborations strat\u00e9giques\" onerror=\"this.style.display='none'\"  \/>\n<h3>\n\t\t\tCe qu'il faut faire\t<\/h3>\n\t<p>You will build in-demand skills, knowledge and networks through:<\/p>\n<ul>\n<li>\u00a0<strong>1 Kick Off session<\/strong> that includes an &#8216;AI in Action&#8217; panel + networking<\/li>\n<li><strong>6 interactive online workshops<\/strong> on in-demand topics like AI, ethical issues, critical thinking, design thinking and leadership<\/li>\n<li><strong>1 Solutions Lab<\/strong>\u00a0where you work with a team of peers and a mentor from your local government to solve a local issue using AI tools<\/li>\n<li><strong>Mentorship Chats<\/strong>\u00a0to help you navigate your future, connect you to the right resources and improve your team&#8217;s solution<\/li>\n<li><strong>1 AI for Good Pitch Day\u00a0<\/strong>where you showcase your solutions, celebrate each team and build community connection<\/li>\n<li><strong>1 Level Up session <\/strong>to map out what&#8217;s next for your career and give us feedback to make the program even better<\/li>\n<\/ul>\n<p>&nbsp;<\/p>\n<p>&nbsp;<\/p>\n<p>&nbsp;<\/p>\n\t\t\t\t<img decoding=\"async\" src=\"https:\/\/yci.org\/wp-content\/uploads\/YCI-Icon-Current-Openings.svg\" alt=\"Ic\u00f4ne minimaliste d&#039;un drapeau avec un point \u00e0 l&#039;int\u00e9rieur, entour\u00e9 d&#039;un cercle sombre et de deux lignes courbes color\u00e9es.\" itemprop=\"image\" title=\"YCI - Icon - Offres d&#039;emploi actuelles\" onerror=\"this.style.display='none'\"  \/>\n<h3>\n\t\t\tWhen &#038; Where\t<\/h3>\n\t<p>10 weeks part-time, ~3 hours\/week on average, hybrid (virtual and in-person components).<\/p>\n<p><strong>Markham Cohort: <\/strong><\/p>\n<p><strong>June 2 &#8211; August 4, 2026<\/strong><\/p>\n<p><em>In-person events:<\/em><\/p>\n<ul>\n<li>June 2, 2pm-5pm<\/li>\n<li>July 17, 9am-5pm<\/li>\n<li>July 28, 4pm-6pm<\/li>\n<\/ul>\n<p><em>Virtual workshops &amp; meetings:<\/em><\/p>\n<p>2 hours on Tuesday afternoons: June 9, June 16, June 23, June 30, July 7, July 21, August 4<\/p>\n<p><strong>Vaughan Cohort: <\/strong><\/p>\n<p><strong>September 25 &#8211; November 26, 2026<\/strong><\/p>\n<p><em>In-person events:<\/em><\/p>\n<ul>\n<li>Sept 25, 2pm-5pm<\/li>\n<li>Nov 6, 9am-5pm<\/li>\n<li>Nov 20th, 4pm-6pm<\/li>\n<\/ul>\n<p><em>Virtual workshops &amp; meetings:<\/em><\/p>\n<p>2 hours on Thursday afternoons: Oct 1, Oct 8, Oct 15, Oct 22, Oct 29, Nov 12, Nov 26<\/p>\n\t\t\t\t<img decoding=\"async\" src=\"https:\/\/yci.org\/wp-content\/uploads\/1000x1000-42.jpg\" alt=\"Un homme et une femme discutent de notes autocollantes color\u00e9es \u00e0 une table o\u00f9 se trouvent un ordinateur portable et des marqueurs.\" itemprop=\"image\" title=\"1000x1000 (42)\" onerror=\"this.style.display='none'\"  \/>\n\t<p>YCI volunteers diving into the human-centred design process to accelerate innovative solutions for people and planet.<\/p>\n<h2>\n\t\t\tWhat will you gain?<br \/>\t<\/h2>\n\t\t\t\t<img decoding=\"async\" src=\"https:\/\/yci.org\/wp-content\/uploads\/YCI-Icon-Building-Knowledge.svg\" alt=\"YCI - Icon - Construire la connaissance\" itemprop=\"image\" title=\"YCI - Icon - Construire la connaissance\" onerror=\"this.style.display='none'\"  \/>\n\t<p><strong>Strengthen Future-Ready Skills<\/strong><\/p>\n<p>Gain foundational knowledge and skills in areas like AI, problem-solving, critical thinking and teamwork in a fun, friendly environment designed for youth.<\/p>\n\t\t\t\t<img decoding=\"async\" src=\"https:\/\/yci.org\/wp-content\/uploads\/YCI-Icon-Matsering-Skills.svg\" alt=\"YCI - Ic\u00f4ne - Matsering Skills\" itemprop=\"image\" title=\"YCI - Ic\u00f4ne - Matsering Skills\" onerror=\"this.style.display='none'\"  \/>\n\t<p><strong>Set Your Resume Apart<\/strong><\/p>\n<p>Add in-demand skills and experience to your next application by completing a program that sets you apart in a competitive job market.<\/p>\n\t\t\t\t<img decoding=\"async\" src=\"https:\/\/yci.org\/wp-content\/uploads\/YCI-Icon-Accessing-Resources.svg\" alt=\"YCI - Ic\u00f4ne - Acc\u00e8s aux ressources\" itemprop=\"image\" title=\"YCI - Ic\u00f4ne - Acc\u00e8s aux ressources\" onerror=\"this.style.display='none'\"  \/>\n\t<p><strong>Turn Theory into Action<\/strong><\/p>\n<p>Gain real-world experience by collaborating in teams at the Solutions Lab, using AI and your new skill sets to tackle problems with local government and community partners.<\/p>\n\t\t\t\t<img decoding=\"async\" src=\"https:\/\/yci.org\/wp-content\/uploads\/YCI-Icon-Connected-Collective.svg\" alt=\"YCI - Icon - Connected Collective\" itemprop=\"image\" title=\"YCI - Icon - Connected Collective\" onerror=\"this.style.display='none'\"  \/>\n\t<p><strong>Build Your Networks<\/strong><\/p>\n<p>Connect with local leaders, innovators and other young people who will expose you to new ideas and open doors for future opportunities.<\/p>\n\t\t\t\t<img decoding=\"async\" src=\"https:\/\/yci.org\/wp-content\/uploads\/YCI-Icon-Real-Results.svg\" alt=\"Ic\u00f4ne simple d&#039;une montagne surmont\u00e9e d&#039;un drapeau \u00e0 l&#039;int\u00e9rieur d&#039;une bordure circulaire aux accents verts et bleus.\" itemprop=\"image\" title=\"YCI - Icon - R\u00e9sultats r\u00e9els\" onerror=\"this.style.display='none'\"  \/>\n\t<p><strong>Celebrate Your Impact<\/strong><\/p>\n<p>Share your team&#8217;s solution at the AI for Good: Pitch Day, showing that you&#8217;re ready to lead the tech of tomorrow.<\/p>\n<h2>\n\t\t\tThe partners fueling Skills Generator with us:\t<\/h2>\n\t<p>We have brough together local and national experts to make this experience incredible!<\/p>\n\t\t\t\t<a href=\"https:\/\/yci.org\/fr\/\" target=\"_self\" itemprop=\"url\">\n\t\t\t\t<img decoding=\"async\" src=\"https:\/\/yci.org\/wp-content\/uploads\/Trillium-logo-768x231-1.png\" alt=\"Trillium-logo-768x231\" itemprop=\"image\" title=\"Trillium-logo-768x231\" onerror=\"this.style.display='none'\"  \/>\n\t\t\t\t<\/a>\n\t\t\t\t<a href=\"https:\/\/weareloop.com\" target=\"_blank\" rel=\"noopener\"  itemprop=\"url\">\n\t\t\t\t<img decoding=\"async\" src=\"https:\/\/yci.org\/wp-content\/uploads\/Markham_cmyk-1.jpg\" alt=\"Markham_cmyk (1)\" itemprop=\"image\" title=\"Markham_cmyk (1)\" onerror=\"this.style.display='none'\"  \/>\n\t\t\t\t<\/a>\n\t\t\t\t<img decoding=\"async\" src=\"https:\/\/yci.org\/wp-content\/uploads\/new_vaughan_logo_colour-1024x394-1-e1778181333672.jpg\" alt=\"new_vaughan_logo_colour-1024x394\" itemprop=\"image\" title=\"new_vaughan_logo_colour-1024x394\" onerror=\"this.style.display='none'\"  \/>\n\t\t\t\t<img decoding=\"async\" src=\"https:\/\/yci.org\/wp-content\/uploads\/MediaSmarts_Eng_Logo_w_tag.png\" alt=\"MediaSmarts_Eng_Logo_w_tag\" itemprop=\"image\" title=\"MediaSmarts_Eng_Logo_w_tag\" onerror=\"this.style.display='none'\"  \/>\n\t\t\t\t<img decoding=\"async\" src=\"https:\/\/yci.org\/wp-content\/uploads\/nulens-logo.png\" alt=\"nulens logo\" itemprop=\"image\" title=\"nulens logo\" onerror=\"this.style.display='none'\"  \/>\n<h2>\n\t\t\tGet inspired by YCI Alumni\t<\/h2>\n\t\t\t<a href=\"\/fr\/feed\/\"  target=\"_self\">\n\t\t\t\t\t\t\tExplorer les histoires d'impact\n\t\t\t\t\t<\/a>\n\t\t\t\t<img decoding=\"async\" src=\"https:\/\/yci.org\/wp-content\/uploads\/1000x1000-38.jpg\" alt=\"Un homme \u00e0 lunettes est assis et \u00e9coute pr\u00e8s d&#039;une banni\u00e8re de HerStart Youth Challenge International.\" itemprop=\"image\" title=\"1000x1000 (38)\" onerror=\"this.style.display='none'\"  \/>\n<blockquote><p>\"YCI offre une opportunit\u00e9 unique de s'immerger dans un travail significatif qui contribue au changement global. C'est l'occasion d'avoir un impact r\u00e9el, d'acqu\u00e9rir des comp\u00e9tences pr\u00e9cieuses et de collaborer avec des personnes passionn\u00e9es qui se consacrent \u00e0 l'am\u00e9lioration des vies et des communaut\u00e9s\".<\/p><\/blockquote>\nLeo, boursier international HerStart, Tanzanie\t\n\t\t\t\t<img decoding=\"async\" src=\"https:\/\/yci.org\/wp-content\/uploads\/1000x1000-39.jpg\" alt=\"Une jeune femme v\u00eatue d&#039;un blazer noir et d&#039;un jean sourit sur un trottoir de la ville au cr\u00e9puscule.\" itemprop=\"image\" title=\"1000x1000 (39)\" onerror=\"this.style.display='none'\"  \/>\n<blockquote><p>\"Je n'avais jamais fait de b\u00e9n\u00e9volat ni particip\u00e9 \u00e0 une action environnementale auparavant ; cela m'a ouvert un tout nouveau monde de passion et d'enthousiasme pour l'avenir.<\/p><\/blockquote>\nWateen, chef d'\u00e9quipe du Climate Futures Lab, Canada\t\n\t\t\t\t<img decoding=\"async\" src=\"https:\/\/yci.org\/wp-content\/uploads\/1000x1000-41.jpg\" alt=\"Une femme souriante est assise devant un ordinateur portable HP avec une banni\u00e8re de Youth Challenge International derri\u00e8re elle.\" itemprop=\"image\" title=\"1000x1000 (41)\" onerror=\"this.style.display='none'\"  \/>\n<blockquote><p>\"J'ai rejoint HerStart parce que j'y ai vu une chance de transformer mon id\u00e9e en une entreprise sociale qui b\u00e9n\u00e9ficierait \u00e0 l'environnement et \u00e0 ma communaut\u00e9. Le programme m'a aid\u00e9e \u00e0 apprendre la gestion financi\u00e8re et \u00e0 pr\u00e9senter mon entreprise au reste du monde.\"<\/p><\/blockquote>\nEmily, entrepreneuse HerStart, Ouganda\t\n\t\t\t\t<img decoding=\"async\" src=\"https:\/\/yci.org\/wp-content\/uploads\/1000x1000-40.jpg\" alt=\"Une femme souriante aux longs cheveux noirs se tient \u00e0 l&#039;int\u00e9rieur \u00e0 c\u00f4t\u00e9 d&#039;une banni\u00e8re de Youth Challenge International.\" itemprop=\"image\" title=\"1000x1000 (40)\" onerror=\"this.style.display='none'\"  \/>\n<blockquote><p>\"Si vous avez le privil\u00e8ge de participer \u00e0 la bourse HerStart, vous serez \u00e9tonn\u00e9 de la croissance que vous conna\u00eetrez et de l'impact dont vous serez t\u00e9moin, \u00e0 la fois en vous-m\u00eame et dans les incroyables communaut\u00e9s que vous aiderez \u00e0 soutenir\".<\/p><\/blockquote>\nShania, boursi\u00e8re internationale HerStart, Ghana\t\n\t\t\t\t<img decoding=\"async\" src=\"https:\/\/yci.org\/wp-content\/uploads\/1000x600-tab-2.jpg\" alt=\"Quatre personnes peignent ensemble \u00e0 une table couverte de mat\u00e9riel d&#039;art dans une pi\u00e8ce lumineuse et anim\u00e9e.\" itemprop=\"image\" title=\"Onglet 1000x600 (2)\" onerror=\"this.style.display='none'\"  \/>\n<blockquote><p>\"C'est exaltant d'avoir transform\u00e9 un sujet qui me passionne tant en un projet concret dans le monde r\u00e9el, tout en \u00e9tant soutenu par un groupe formidable de mentors et de pairs\".<\/p><\/blockquote>\nClimate Leader, Youth Climate Leadership Program, Canada\t\n<h2>\n\t\t\tThe future of tech is human.\t<\/h2>\n\t<p>Join YCI and our partners to learn how to <strong>navigate AI tools,<\/strong> while doubling down on the <strong>human-first skills<\/strong> that machines can&#8217;t replicate.<\/p>\n\t\t\t<a href=\"https:\/\/airtable.com\/app11Koe6sjwarVrR\/shrDQbICjXw7mWse3\"  target=\"_blank\" rel=\"noopener\">\n\t\t\t\t\t\t\tReady? Submit your info here\n\t\t\t\t\t<\/a>","protected":false},"excerpt":{"rendered":"<p>Skills Generator: Human x Tech In the AI era, strong &#8220;human&#8221; skills matter more than ever. Skills Generator: Human x Tech is a free training series to learn how to use tech to solve real-world problems and get ready for the future of work. Spots are limited! Sign up YCI alumni ideating innovative solutions to&hellip;<\/p>","protected":false},"author":14,"featured_media":46867,"parent":0,"menu_order":0,"comment_status":"closed","ping_status":"closed","template":"","meta":{"_acf_changed":false,"inline_featured_image":false,"footnotes":""},"class_list":["post-47596","page","type-page","status-publish","has-post-thumbnail","hentry"],"acf":[],"yoast_head":"<!-- This site is optimized with the Yoast SEO plugin v27.6 - https:\/\/yoast.com\/product\/yoast-seo-wordpress\/ -->\n<title>Skills Generator - YCI - Youth Challenge International<\/title>\n<meta name=\"description\" content=\"Explore international and domestic programs for young people to build knowledge, skills and networks to accelerate youth innovation.\" \/>\n<meta name=\"robots\" content=\"index, follow, max-snippet:-1, max-image-preview:large, max-video-preview:-1\" \/>\n<link rel=\"canonical\" href=\"https:\/\/yci.org\/fr\/skills-generator-human-x-tech\/\" \/>\n<meta property=\"og:locale\" content=\"fr_FR\" \/>\n<meta property=\"og:type\" content=\"article\" \/>\n<meta property=\"og:title\" content=\"Skills Generator - YCI - Youth Challenge International\" \/>\n<meta property=\"og:description\" content=\"Explore international and domestic programs for young people to build knowledge, skills and networks to accelerate youth innovation.\" \/>\n<meta property=\"og:url\" content=\"https:\/\/yci.org\/fr\/skills-generator-human-x-tech\/\" \/>\n<meta property=\"og:site_name\" content=\"YCI - Youth Challenge International\" \/>\n<meta property=\"article:modified_time\" content=\"2026-05-07T19:19:28+00:00\" \/>\n<meta property=\"og:image\" content=\"https:\/\/yci.org\/wp-content\/uploads\/yci-feature-image-1.jpg\" \/>\n\t<meta property=\"og:image:width\" content=\"1789\" \/>\n\t<meta property=\"og:image:height\" content=\"1208\" \/>\n\t<meta property=\"og:image:type\" content=\"image\/jpeg\" \/>\n<meta name=\"twitter:card\" content=\"summary_large_image\" \/>\n<meta name=\"twitter:label1\" content=\"Dur\u00e9e de lecture estim\u00e9e\" \/>\n\t<meta name=\"twitter:data1\" content=\"8 minutes\" \/>\n<script type=\"application\/ld+json\" class=\"yoast-schema-graph\">{\"@context\":\"https:\\\/\\\/schema.org\",\"@graph\":[{\"@type\":\"WebPage\",\"@id\":\"https:\\\/\\\/yci.org\\\/skills-generator-human-x-tech\\\/\",\"url\":\"https:\\\/\\\/yci.org\\\/skills-generator-human-x-tech\\\/\",\"name\":\"Skills Generator - YCI - Youth Challenge International\",\"isPartOf\":{\"@id\":\"https:\\\/\\\/yci.org\\\/#website\"},\"primaryImageOfPage\":{\"@id\":\"https:\\\/\\\/yci.org\\\/skills-generator-human-x-tech\\\/#primaryimage\"},\"image\":{\"@id\":\"https:\\\/\\\/yci.org\\\/skills-generator-human-x-tech\\\/#primaryimage\"},\"thumbnailUrl\":\"https:\\\/\\\/yci.org\\\/wp-content\\\/uploads\\\/yci-feature-image-1.jpg\",\"datePublished\":\"2026-04-15T18:49:33+00:00\",\"dateModified\":\"2026-05-07T19:19:28+00:00\",\"description\":\"Explore international and domestic programs for young people to build knowledge, skills and networks to accelerate youth innovation.\",\"breadcrumb\":{\"@id\":\"https:\\\/\\\/yci.org\\\/skills-generator-human-x-tech\\\/#breadcrumb\"},\"inLanguage\":\"fr-FR\",\"potentialAction\":[{\"@type\":\"ReadAction\",\"target\":[\"https:\\\/\\\/yci.org\\\/skills-generator-human-x-tech\\\/\"]}]},{\"@type\":\"ImageObject\",\"inLanguage\":\"fr-FR\",\"@id\":\"https:\\\/\\\/yci.org\\\/skills-generator-human-x-tech\\\/#primaryimage\",\"url\":\"https:\\\/\\\/yci.org\\\/wp-content\\\/uploads\\\/yci-feature-image-1.jpg\",\"contentUrl\":\"https:\\\/\\\/yci.org\\\/wp-content\\\/uploads\\\/yci-feature-image-1.jpg\",\"width\":1789,\"height\":1208,\"caption\":\"YCI.ORG logo with abstract human figures in a circular blue and green design on a dark background.\"},{\"@type\":\"BreadcrumbList\",\"@id\":\"https:\\\/\\\/yci.org\\\/skills-generator-human-x-tech\\\/#breadcrumb\",\"itemListElement\":[{\"@type\":\"ListItem\",\"position\":1,\"name\":\"Home\",\"item\":\"https:\\\/\\\/yci.org\\\/\"},{\"@type\":\"ListItem\",\"position\":2,\"name\":\"Skills Generator\"}]},{\"@type\":\"WebSite\",\"@id\":\"https:\\\/\\\/yci.org\\\/#website\",\"url\":\"https:\\\/\\\/yci.org\\\/\",\"name\":\"YCI - Youth Challenge International\",\"description\":\"We are driven by youth and their potential to affect positive change in the world\",\"potentialAction\":[{\"@type\":\"SearchAction\",\"target\":{\"@type\":\"EntryPoint\",\"urlTemplate\":\"https:\\\/\\\/yci.org\\\/?s={search_term_string}\"},\"query-input\":{\"@type\":\"PropertyValueSpecification\",\"valueRequired\":true,\"valueName\":\"search_term_string\"}}],\"inLanguage\":\"fr-FR\"}]}<\/script>\n<!-- \/ Yoast SEO plugin. -->","yoast_head_json":{"title":"Skills Generator - YCI - Youth Challenge International","description":"\u00c9tudier les programmes nationaux et internationaux destin\u00e9s aux jeunes afin d'acqu\u00e9rir des connaissances, des comp\u00e9tences et des r\u00e9seaux pour acc\u00e9l\u00e9rer l'innovation chez les jeunes.","robots":{"index":"index","follow":"follow","max-snippet":"max-snippet:-1","max-image-preview":"max-image-preview:large","max-video-preview":"max-video-preview:-1"},"canonical":"https:\/\/yci.org\/fr\/skills-generator-human-x-tech\/","og_locale":"fr_FR","og_type":"article","og_title":"Skills Generator - YCI - Youth Challenge International","og_description":"Explore international and domestic programs for young people to build knowledge, skills and networks to accelerate youth innovation.","og_url":"https:\/\/yci.org\/fr\/skills-generator-human-x-tech\/","og_site_name":"YCI - Youth Challenge International","article_modified_time":"2026-05-07T19:19:28+00:00","og_image":[{"width":1789,"height":1208,"url":"https:\/\/yci.org\/wp-content\/uploads\/yci-feature-image-1.jpg","type":"image\/jpeg"}],"twitter_card":"summary_large_image","twitter_misc":{"Dur\u00e9e de lecture estim\u00e9e":"8 minutes"},"schema":{"@context":"https:\/\/schema.org","@graph":[{"@type":"WebPage","@id":"https:\/\/yci.org\/skills-generator-human-x-tech\/","url":"https:\/\/yci.org\/skills-generator-human-x-tech\/","name":"Skills Generator - YCI - Youth Challenge International","isPartOf":{"@id":"https:\/\/yci.org\/#website"},"primaryImageOfPage":{"@id":"https:\/\/yci.org\/skills-generator-human-x-tech\/#primaryimage"},"image":{"@id":"https:\/\/yci.org\/skills-generator-human-x-tech\/#primaryimage"},"thumbnailUrl":"https:\/\/yci.org\/wp-content\/uploads\/yci-feature-image-1.jpg","datePublished":"2026-04-15T18:49:33+00:00","dateModified":"2026-05-07T19:19:28+00:00","description":"\u00c9tudier les programmes nationaux et internationaux destin\u00e9s aux jeunes afin d'acqu\u00e9rir des connaissances, des comp\u00e9tences et des r\u00e9seaux pour acc\u00e9l\u00e9rer l'innovation chez les jeunes.","breadcrumb":{"@id":"https:\/\/yci.org\/skills-generator-human-x-tech\/#breadcrumb"},"inLanguage":"fr-FR","potentialAction":[{"@type":"ReadAction","target":["https:\/\/yci.org\/skills-generator-human-x-tech\/"]}]},{"@type":"ImageObject","inLanguage":"fr-FR","@id":"https:\/\/yci.org\/skills-generator-human-x-tech\/#primaryimage","url":"https:\/\/yci.org\/wp-content\/uploads\/yci-feature-image-1.jpg","contentUrl":"https:\/\/yci.org\/wp-content\/uploads\/yci-feature-image-1.jpg","width":1789,"height":1208,"caption":"YCI.ORG logo with abstract human figures in a circular blue and green design on a dark background."},{"@type":"BreadcrumbList","@id":"https:\/\/yci.org\/skills-generator-human-x-tech\/#breadcrumb","itemListElement":[{"@type":"ListItem","position":1,"name":"Home","item":"https:\/\/yci.org\/"},{"@type":"ListItem","position":2,"name":"Skills Generator"}]},{"@type":"WebSite","@id":"https:\/\/yci.org\/#website","url":"https:\/\/yci.org\/","name":"YCI - Youth Challenge International","description":"Nous sommes motiv\u00e9s par les jeunes et leur potentiel \u00e0 apporter des changements positifs dans le monde.","potentialAction":[{"@type":"SearchAction","target":{"@type":"EntryPoint","urlTemplate":"https:\/\/yci.org\/?s={search_term_string}"},"query-input":{"@type":"PropertyValueSpecification","valueRequired":true,"valueName":"search_term_string"}}],"inLanguage":"fr-FR"}]}},"_links":{"self":[{"href":"https:\/\/yci.org\/fr\/wp-json\/wp\/v2\/pages\/47596","targetHints":{"allow":["GET"]}}],"collection":[{"href":"https:\/\/yci.org\/fr\/wp-json\/wp\/v2\/pages"}],"about":[{"href":"https:\/\/yci.org\/fr\/wp-json\/wp\/v2\/types\/page"}],"author":[{"embeddable":true,"href":"https:\/\/yci.org\/fr\/wp-json\/wp\/v2\/users\/14"}],"replies":[{"embeddable":true,"href":"https:\/\/yci.org\/fr\/wp-json\/wp\/v2\/comments?post=47596"}],"version-history":[{"count":0,"href":"https:\/\/yci.org\/fr\/wp-json\/wp\/v2\/pages\/47596\/revisions"}],"wp:featuredmedia":[{"embeddable":true,"href":"https:\/\/yci.org\/fr\/wp-json\/wp\/v2\/media\/46867"}],"wp:attachment":[{"href":"https:\/\/yci.org\/fr\/wp-json\/wp\/v2\/media?parent=47596"}],"curies":[{"name":"wp","href":"https:\/\/api.w.org\/{rel}","templated":true}]}}