{"id":47461,"date":"2025-06-24T19:56:48","date_gmt":"2025-06-25T00:56:48","guid":{"rendered":"https:\/\/yci.org\/?page_id=47461"},"modified":"2025-06-24T20:00:36","modified_gmt":"2025-06-25T01:00:36","slug":"responsable-du-developpement-des-entreprises-et-des-partenariats","status":"publish","type":"page","link":"https:\/\/yci.org\/fr\/careers\/business-development-partnerships-manager\/","title":{"rendered":"Responsable du d\u00e9veloppement commercial et des partenariats"},"content":{"rendered":"\n<h1>\n\t\t\tBusiness Development &#038; Partnerships Manager\t<\/h1>\n\t<p>Full Time | Toronto or Ottawa, Canada<\/p>\n<h2>\n\t\t\tPosition Details\t<\/h2>\n\t<ul>\n<li><strong>Location:<\/strong> Toronto or Ottawa, Canada (hybrid)<\/li>\n<li><strong>Contract Type:<\/strong> Full-time, one year fixed-term (renewable)<\/li>\n<li><strong>Compensation:<\/strong> $100,000 CAD + benefits ($90k base + $10k annual performance incentive)<\/li>\n<li><strong>Start Date:<\/strong> August or September 2025<\/li>\n<\/ul>\n\t\t\t<a href=\"#\" target=\"_blank\" rel=\"noopener\">\n\t\t\t\t\t\t\tBack To Posts\n\t\t\t\t\t<\/a>\n<h3>\n\t\t\tHow To Apply\t<\/h3>\n\t<strong>Application Deadline:<\/strong><br \/>\nSunday, July 13, 2025\n<p>Applications will be reviewed on a rolling basis as they are received, so we encourage early submissions. No phone calls or emails about the position can be accepted. We thank all applicants for their interest; however, only those selected for an interview will be contacted.<\/p>\n\t\t\t<a href=\"https:\/\/airtable.com\/apppizQj6fMGAVPHC\/shrhn0fO4LMLn3y6Z\" target=\"_blank\" rel=\"noopener\">\n\t\t\t\t\t\t\tStart Your Application\n\t\t\t\t\t<\/a>\n<h2>\n\t\t\tBackground\t<\/h2>\n\t<p><strong>Youth Challenge International (YCI)<\/strong> is accelerating youth innovation for good. Together with young leaders and innovators, we are creating a better future where people, planet and profit can thrive. We are going all in on the bold ideas, skills and ventures that will get us there. In over 30 countries, YCI has teamed up with young people and partner organizations to transform complex challenges into sustainable solutions; collectively, we learn fast, fail smart and turn insights into action. We believe that a better world can &#8211; and will &#8211; be built by the next generation.<\/p>\n<p>YCI has a proven track record of successful programs, strong partnerships and a deep commitment to youth economic empowerment. With a solid foundation in Canada and Sub-Saharan Africa, YCI has built strong youth leadership and innovation ecosystems in collaboration with governments, funders and local partners.<\/p>\n<p>As YCI expands its footprint and launches new initiatives across Canada and internationally, the organization is seeking a Business Development &amp; Partnerships Manager to drive strategic growth, diversify revenue streams and strengthen high-impact collaborations.<\/p>\n<h2>\n\t\t\tPurpose of the Role\t<\/h2>\n\t<p>Reporting to the CEO, this position will lead YCI&#8217;s institutional business development and partnership building. This role is critical to identifying opportunities, designing fundable initiatives and mobilizing strategic relationships with donors, corporates, foundations and multilateral organizations.<\/p>\n<h2>\n\t\t\tKey Responsibilities\t<\/h2>\n\t<h4><strong>Strategic Business Development<\/strong><\/h4>\n<ul>\n<li>Design and lead the implementation of YCI&#8217;s global business development strategy to achieve ambitious growth targets aligned with the organization&#8217;s mission and long-term vision.<\/li>\n<li>Stay up to date on the landscape for new funding and collaboration opportunities across bilateral, multilateral, philanthropic, corporate and impact investment sectors.<\/li>\n<li>Leverage insights from market trends, donor priorities and youth-focused sectors to shape innovative funding models and cross-sectoral initiatives.<\/li>\n<li>Lead the development of business cases and concept notes for new programs that align with YCI&#8217;s core pillars: youth innovation, climate action, gender equality and inclusive economic development.<\/li>\n<\/ul>\n<p>&nbsp;<\/p>\n<h4><strong>Donor Engagement &amp; Proposal Leadership<\/strong><\/h4>\n<ul>\n<li>Proactively build and maintain relationships with current and prospective funders to position YCI as a partner of choice for youth-centered solutions.<\/li>\n<li>Lead high-quality proposal development processes from concept through submission, including narrative writing, logic frameworks and cost proposals.<\/li>\n<li>Coordinate internal proposal support teams and manage external collaborators to strengthen competitive submissions.<\/li>\n<li>Develop proposal templates, knowledge repositories and proposal review processes to increase efficiency and organizational memory.<\/li>\n<\/ul>\n<p>&nbsp;<\/p>\n<h4><strong>Partnership Cultivation &amp; Stewardship<\/strong><\/h4>\n<ul>\n<li>Forge strategic partnerships with diverse stakeholders, including private sector, foundations, social enterprises, peer organizations and academic institutions to co-create high-impact initiatives and joint ventures.<\/li>\n<li>Structure and support senior leadership with negotiation of partnership agreements, including memoranda of understanding, revenue-sharing models and co-funding arrangements.<\/li>\n<li>Maintain an active partnership engagement calendar and develop tailored relationship cultivation plans.<\/li>\n<li>Represent YCI in national and international forums, funder meetings and collaborative platforms.<\/li>\n<\/ul>\n<p>&nbsp;<\/p>\n<h4><strong>Organizational Leadership &amp; Cross-Functional Integration<\/strong><\/h4>\n<ul>\n<li>Serve as a key advisor on business development strategy, growth pathways and partnership viability.<\/li>\n<li>Lead business development planning processes in coordination with YCI&#8217;s global strategy.<\/li>\n<li>Coordinate business development activities with staff and interns.<\/li>\n<li>Drive internal collaboration to ensure alignment with YCI&#8217;s brand, values and results-based approach.<\/li>\n<\/ul>\n<p>&nbsp;<\/p>\n<h4><strong>Innovation &amp; Portfolio Diversification<\/strong><\/h4>\n<ul>\n<li>Identify and incubate new lines of business, including fee-for-service offerings, social enterprise models and innovation funding platforms.<\/li>\n<li>Support adaptive programming and agile proposal design.<\/li>\n<li>Champion risk-informed decision-making in assessing new funding and partnership opportunities.<\/li>\n<\/ul>\n<p>&nbsp;<\/p>\n<h3>\n\t\t\tExpected Deliverables\t<\/h3>\n\t<ul>\n<li>Annual business development strategy and partnership engagement plan.<\/li>\n<li>Quarterly pipeline reports and donor engagement summaries.<\/li>\n<li>Submission of high-quality funding proposals.<\/li>\n<li>Signed partnership agreements with new or renewed funders.<\/li>\n<li>Strategic input into new program concepts and organizational innovation.<\/li>\n<\/ul>\n<h2>\n\t\t\tSkills &#038; Experience\t<\/h2>\n\t<h4><strong>Education<\/strong><\/h4>\n<ul>\n<li>Post graduate degree in International Development, Business Administration, Entrepreneurship, Public Policy, Social Innovation or a related field.<\/li>\n<\/ul>\n<p>&nbsp;<\/p>\n<h4><strong>Professional Experience<\/strong><\/h4>\n<ul>\n<li>Minimum 8-10 years of progressively senior experience in business development or partnerships in the international development, non-profit or social enterprise sectors.<\/li>\n<li>Proven success leading funding acquisition with bilateral and multilateral donors and philanthropic foundations.<\/li>\n<li>Experience managing complex, multi-country or multi-partner proposals.<\/li>\n<li>Knowledge of youth livelihoods, gender equality, innovation and climate action.<\/li>\n<\/ul>\n<p>&nbsp;<\/p>\n<h4><strong>Skills and Competencies<\/strong><\/h4>\n<ul>\n<li>Excellent written communication and proposal development skills.<\/li>\n<li>Strong relationship-building and donor engagement capabilities.<\/li>\n<li>Knowledge of partnership structures and funding mechanisms.<\/li>\n<li>Financial literacy and experience developing proposal budgets.<\/li>\n<li>Familiarity with CRM systems and business development tracking tools.<\/li>\n<\/ul>\n<p>&nbsp;<\/p>\n<h4><strong>Values &amp; Perspective<\/strong><\/h4>\n<ul>\n<li>Passion for YCI&#8217;s mission and commitment to equity, sustainability and systems change.<\/li>\n<li>Demonstrated alignment with youth-centered and inclusive development practices.<\/li>\n<\/ul>\n<h2>\n\t\t\tProtection Against Sexual Exploitation and Abuse Policy\u00a0\t<\/h2>\n\t<p>Youth Challenge International (YCI) commits to a zero-tolerance policy towards sexual exploitation and abuse (SEA) and considers any such acts a gross misconduct and grounds for dismissal. YCI recognizes the unequal power dynamics inherent in international development work and our responsibility to protect the human rights of the communities we serve and provide an environment free of sexual exploitation and abuse.<\/p>\n<p>Protection from Sexual Exploitation and Abuse (PSEA) is everyone&#8217;s responsibility, and all employees are required to sign and adhere to the PSEA Policy and Code of Conduct, at all times.\u00a0 All employees must ensure that they understand and act in accordance with this clause.<\/p>\n<h2>\n\t\t\tHow to Apply\t<\/h2>\n\t<p><strong>Application Deadline:<\/strong> \u00a0Sunday July 13, 2025<\/p>\n<p>Applications will be reviewed on a rolling basis as they are received, so we encourage early submissions. No phone calls or emails about the position can be accepted. We thank all applicants for their interest; however, only those selected for an interview will be contacted.<\/p>\n<p><strong>Application Submission: Click the button below to start your application<\/strong><\/p>\n<p>YCI encourages applications from all backgrounds. To achieve our goals, we rely on the unique experiences and viewpoints of our staff, volunteers and partners. We understand that diverse perspectives are required for an inclusive culture to thrive &#8211; a culture that is respectful and welcoming to all.\u00a0 We are committed to creating a place of inclusion for employees, candidates, volunteers, partners and participants of all backgrounds, ages, religions, races, gender identities, physical abilities and sexual orientations.<\/p>\n<p>YCI uses a people-focused approach to evaluating applicants. We do not utilize artificial intelligence during the recruitment process.<\/p>\n\t\t\t<a href=\"https:\/\/airtable.com\/apppizQj6fMGAVPHC\/shrhn0fO4LMLn3y6Z\" target=\"_blank\" rel=\"noopener\">\n\t\t\t\t\t\t\tStart Your Application\n\t\t\t\t\t<\/a>\n<h2>\n\t\t\tGet Opportunity Alerts\t<\/h2>\n\t<style id=\"wpforms-css-vars-46039\">\n\t\t\t\t#wpforms-46039 {\n\t\t\t\t\n\t\t\t}\n\t\t\t<\/style><div class=\"wpforms-container wpforms-container-full wpforms-render-modern\" id=\"wpforms-46039\"><form id=\"wpforms-form-46039\" class=\"wpforms-validate wpforms-form wpforms-ajax-form\" data-formid=\"46039\" method=\"post\" enctype=\"multipart\/form-data\" action=\"\/fr\/wp-json\/wp\/v2\/pages\/47461\" data-token=\"604df4c4d212d76b90351ba707b547ad\" data-token-time=\"1777901649\"><noscript class=\"wpforms-error-noscript\">Veuillez activer JavaScript dans votre navigateur pour remplir ce formulaire.<\/noscript><div id=\"wpforms-error-noscript\" style=\"display: none;\">Veuillez activer JavaScript dans votre navigateur pour remplir ce formulaire.<\/div><div class=\"wpforms-field-container\"><div id=\"wpforms-46039-field_12-container\" class=\"wpforms-field wpforms-field-layout\" data-field-id=\"12\"><div class=\"wpforms-field-layout-rows wpforms-field-large\"><div class=\"wpforms-layout-row\"><div class=\"wpforms-layout-column wpforms-layout-column-50\"><div id=\"wpforms-46039-field_9-container\" class=\"wpforms-field wpforms-field-name\" data-field-id=\"9\"><label class=\"wpforms-field-label\" for=\"wpforms-46039-field_9\">Name (Required) <span class=\"wpforms-required-label\" aria-hidden=\"true\">*<\/span><\/label><input type=\"text\" id=\"wpforms-46039-field_9\" class=\"wpforms-field-large wpforms-field-required\" name=\"wpforms[fields][9]\" aria-errormessage=\"wpforms-46039-field_9-error\" required><\/div><\/div><div class=\"wpforms-layout-column wpforms-layout-column-50\"><div id=\"wpforms-46039-field_10-container\" class=\"wpforms-field wpforms-field-email\" data-field-id=\"10\"><label class=\"wpforms-field-label\" for=\"wpforms-46039-field_10\">Email (Required) <span class=\"wpforms-required-label\" aria-hidden=\"true\">*<\/span><\/label><input type=\"email\" id=\"wpforms-46039-field_10\" class=\"wpforms-field-large wpforms-field-required\" name=\"wpforms[fields][10]\" spellcheck=\"false\" aria-errormessage=\"wpforms-46039-field_10-error\" required><\/div><\/div><\/div><\/div><\/div><\/div><!-- .wpforms-field-container --><div class=\"wpforms-submit-container\" ><input type=\"hidden\" name=\"wpforms[id]\" value=\"46039\"><input type=\"hidden\" name=\"page_title\" value=\"\"><input type=\"hidden\" name=\"page_url\" value=\"https:\/\/yci.org\/fr\/wp-json\/wp\/v2\/pages\/47461\"><input type=\"hidden\" name=\"url_referer\" value=\"\"><button type=\"submit\" name=\"wpforms[submit]\" id=\"wpforms-submit-46039\" class=\"wpforms-submit btn-round orange\" data-alt-text=\"Submitting...\" data-submit-text=\"Sign Me Up\" aria-live=\"assertive\" value=\"wpforms-submit\">Sign Me Up<\/button><img decoding=\"async\" src=\"https:\/\/yci.org\/wp-content\/plugins\/wpforms\/assets\/images\/submit-spin.svg\" class=\"wpforms-submit-spinner\" style=\"display: none;\" width=\"26\" height=\"26\" alt=\"Chargement en cours\"><\/div><\/form><\/div>  <!-- .wpforms-container -->\n<h3>\n\t\t\tSee the Impact. Follow Along.\t<\/h3>\n\n","protected":false},"excerpt":{"rendered":"<p>Responsable du d\u00e9veloppement commercial et des partenariats Temps plein Toronto ou Ottawa, Canada D\u00e9tails du poste Lieu : Toronto ou Ottawa, Canada (hybride) Type de contrat : Temps plein, dur\u00e9e d\u00e9termin\u00e9e d'un an (renouvelable) R\u00e9mun\u00e9ration : $100,000 CAD + avantages ($90k base + $10k incitation \u00e0 la performance annuelle) Date de d\u00e9but : Ao\u00fbt ou septembre 2025 Retour aux postes Comment postuler Date limite de candidature : Dimanche, juillet...<\/p>","protected":false},"author":14,"featured_media":47231,"parent":46269,"menu_order":0,"comment_status":"closed","ping_status":"closed","template":"","meta":{"_acf_changed":false,"inline_featured_image":false,"footnotes":""},"class_list":["post-47461","page","type-page","status-publish","has-post-thumbnail","hentry"],"acf":[],"yoast_head":"<!-- This site is optimized with the Yoast SEO plugin v27.5 - https:\/\/yoast.com\/product\/yoast-seo-wordpress\/ -->\n<title>Business Development &amp; Partnerships Manager - YCI - Youth Challenge International<\/title>\n<meta name=\"robots\" content=\"index, follow, max-snippet:-1, max-image-preview:large, max-video-preview:-1\" \/>\n<link rel=\"canonical\" href=\"https:\/\/yci.org\/fr\/carrieres\/responsable-du-developpement-des-entreprises-et-des-partenariats\/\" \/>\n<meta property=\"og:locale\" content=\"fr_FR\" \/>\n<meta property=\"og:type\" content=\"article\" \/>\n<meta property=\"og:title\" content=\"Business Development &amp; Partnerships Manager - YCI - Youth Challenge International\" \/>\n<meta property=\"og:description\" content=\"Business Development &#038; Partnerships Manager Full Time | Toronto or Ottawa, Canada Position Details Location: Toronto or Ottawa, Canada (hybrid) Contract Type: Full-time, one year fixed-term (renewable) Compensation: $100,000 CAD + benefits ($90k base + $10k annual performance incentive) Start Date: August or September 2025 Back To Posts How To Apply Application Deadline: Sunday, July&hellip;\" \/>\n<meta property=\"og:url\" content=\"https:\/\/yci.org\/fr\/carrieres\/responsable-du-developpement-des-entreprises-et-des-partenariats\/\" \/>\n<meta property=\"og:site_name\" content=\"YCI - Youth Challenge International\" \/>\n<meta property=\"article:modified_time\" content=\"2025-06-25T01:00:36+00:00\" \/>\n<meta property=\"og:image\" content=\"https:\/\/yci.org\/wp-content\/uploads\/YCI-Logo-Favicon-Dark-BG-scaled.png\" \/>\n\t<meta property=\"og:image:width\" content=\"2560\" \/>\n\t<meta property=\"og:image:height\" content=\"2560\" \/>\n\t<meta property=\"og:image:type\" content=\"image\/png\" \/>\n<meta name=\"twitter:card\" content=\"summary_large_image\" \/>\n<meta name=\"twitter:label1\" content=\"Dur\u00e9e de lecture estim\u00e9e\" \/>\n\t<meta name=\"twitter:data1\" content=\"1 minute\" \/>\n<script type=\"application\/ld+json\" class=\"yoast-schema-graph\">{\"@context\":\"https:\\\/\\\/schema.org\",\"@graph\":[{\"@type\":\"WebPage\",\"@id\":\"https:\\\/\\\/yci.org\\\/careers\\\/business-development-partnerships-manager\\\/\",\"url\":\"https:\\\/\\\/yci.org\\\/careers\\\/business-development-partnerships-manager\\\/\",\"name\":\"Business Development & Partnerships Manager - YCI - Youth Challenge International\",\"isPartOf\":{\"@id\":\"https:\\\/\\\/yci.org\\\/#website\"},\"primaryImageOfPage\":{\"@id\":\"https:\\\/\\\/yci.org\\\/careers\\\/business-development-partnerships-manager\\\/#primaryimage\"},\"image\":{\"@id\":\"https:\\\/\\\/yci.org\\\/careers\\\/business-development-partnerships-manager\\\/#primaryimage\"},\"thumbnailUrl\":\"https:\\\/\\\/yci.org\\\/wp-content\\\/uploads\\\/YCI-Logo-Favicon-Dark-BG-scaled.png\",\"datePublished\":\"2025-06-25T00:56:48+00:00\",\"dateModified\":\"2025-06-25T01:00:36+00:00\",\"breadcrumb\":{\"@id\":\"https:\\\/\\\/yci.org\\\/careers\\\/business-development-partnerships-manager\\\/#breadcrumb\"},\"inLanguage\":\"fr-FR\",\"potentialAction\":[{\"@type\":\"ReadAction\",\"target\":[\"https:\\\/\\\/yci.org\\\/careers\\\/business-development-partnerships-manager\\\/\"]}]},{\"@type\":\"ImageObject\",\"inLanguage\":\"fr-FR\",\"@id\":\"https:\\\/\\\/yci.org\\\/careers\\\/business-development-partnerships-manager\\\/#primaryimage\",\"url\":\"https:\\\/\\\/yci.org\\\/wp-content\\\/uploads\\\/YCI-Logo-Favicon-Dark-BG-scaled.png\",\"contentUrl\":\"https:\\\/\\\/yci.org\\\/wp-content\\\/uploads\\\/YCI-Logo-Favicon-Dark-BG-scaled.png\",\"width\":2560,\"height\":2560},{\"@type\":\"BreadcrumbList\",\"@id\":\"https:\\\/\\\/yci.org\\\/careers\\\/business-development-partnerships-manager\\\/#breadcrumb\",\"itemListElement\":[{\"@type\":\"ListItem\",\"position\":1,\"name\":\"Home\",\"item\":\"https:\\\/\\\/yci.org\\\/\"},{\"@type\":\"ListItem\",\"position\":2,\"name\":\"Work With Us\",\"item\":\"https:\\\/\\\/yci.org\\\/careers\\\/\"},{\"@type\":\"ListItem\",\"position\":3,\"name\":\"Business Development &#038; Partnerships Manager\"}]},{\"@type\":\"WebSite\",\"@id\":\"https:\\\/\\\/yci.org\\\/#website\",\"url\":\"https:\\\/\\\/yci.org\\\/\",\"name\":\"YCI - Youth Challenge International\",\"description\":\"We are driven by youth and their potential to affect positive change in the world\",\"potentialAction\":[{\"@type\":\"SearchAction\",\"target\":{\"@type\":\"EntryPoint\",\"urlTemplate\":\"https:\\\/\\\/yci.org\\\/?s={search_term_string}\"},\"query-input\":{\"@type\":\"PropertyValueSpecification\",\"valueRequired\":true,\"valueName\":\"search_term_string\"}}],\"inLanguage\":\"fr-FR\"}]}<\/script>\n<!-- \/ Yoast SEO plugin. -->","yoast_head_json":{"title":"Responsable du d\u00e9veloppement commercial et des partenariats - YCI - Youth Challenge International","robots":{"index":"index","follow":"follow","max-snippet":"max-snippet:-1","max-image-preview":"max-image-preview:large","max-video-preview":"max-video-preview:-1"},"canonical":"https:\/\/yci.org\/fr\/carrieres\/responsable-du-developpement-des-entreprises-et-des-partenariats\/","og_locale":"fr_FR","og_type":"article","og_title":"Business Development & Partnerships Manager - YCI - Youth Challenge International","og_description":"Business Development &#038; Partnerships Manager Full Time | Toronto or Ottawa, Canada Position Details Location: Toronto or Ottawa, Canada (hybrid) Contract Type: Full-time, one year fixed-term (renewable) Compensation: $100,000 CAD + benefits ($90k base + $10k annual performance incentive) Start Date: August or September 2025 Back To Posts How To Apply Application Deadline: Sunday, July&hellip;","og_url":"https:\/\/yci.org\/fr\/carrieres\/responsable-du-developpement-des-entreprises-et-des-partenariats\/","og_site_name":"YCI - Youth Challenge International","article_modified_time":"2025-06-25T01:00:36+00:00","og_image":[{"width":2560,"height":2560,"url":"https:\/\/yci.org\/wp-content\/uploads\/YCI-Logo-Favicon-Dark-BG-scaled.png","type":"image\/png"}],"twitter_card":"summary_large_image","twitter_misc":{"Dur\u00e9e de lecture estim\u00e9e":"1 minute"},"schema":{"@context":"https:\/\/schema.org","@graph":[{"@type":"WebPage","@id":"https:\/\/yci.org\/careers\/business-development-partnerships-manager\/","url":"https:\/\/yci.org\/careers\/business-development-partnerships-manager\/","name":"Responsable du d\u00e9veloppement commercial et des partenariats - YCI - Youth Challenge International","isPartOf":{"@id":"https:\/\/yci.org\/#website"},"primaryImageOfPage":{"@id":"https:\/\/yci.org\/careers\/business-development-partnerships-manager\/#primaryimage"},"image":{"@id":"https:\/\/yci.org\/careers\/business-development-partnerships-manager\/#primaryimage"},"thumbnailUrl":"https:\/\/yci.org\/wp-content\/uploads\/YCI-Logo-Favicon-Dark-BG-scaled.png","datePublished":"2025-06-25T00:56:48+00:00","dateModified":"2025-06-25T01:00:36+00:00","breadcrumb":{"@id":"https:\/\/yci.org\/careers\/business-development-partnerships-manager\/#breadcrumb"},"inLanguage":"fr-FR","potentialAction":[{"@type":"ReadAction","target":["https:\/\/yci.org\/careers\/business-development-partnerships-manager\/"]}]},{"@type":"ImageObject","inLanguage":"fr-FR","@id":"https:\/\/yci.org\/careers\/business-development-partnerships-manager\/#primaryimage","url":"https:\/\/yci.org\/wp-content\/uploads\/YCI-Logo-Favicon-Dark-BG-scaled.png","contentUrl":"https:\/\/yci.org\/wp-content\/uploads\/YCI-Logo-Favicon-Dark-BG-scaled.png","width":2560,"height":2560},{"@type":"BreadcrumbList","@id":"https:\/\/yci.org\/careers\/business-development-partnerships-manager\/#breadcrumb","itemListElement":[{"@type":"ListItem","position":1,"name":"Home","item":"https:\/\/yci.org\/"},{"@type":"ListItem","position":2,"name":"Work With Us","item":"https:\/\/yci.org\/careers\/"},{"@type":"ListItem","position":3,"name":"Business Development &#038; Partnerships Manager"}]},{"@type":"WebSite","@id":"https:\/\/yci.org\/#website","url":"https:\/\/yci.org\/","name":"YCI - Youth Challenge International","description":"Nous sommes motiv\u00e9s par les jeunes et leur potentiel \u00e0 apporter des changements positifs dans le monde.","potentialAction":[{"@type":"SearchAction","target":{"@type":"EntryPoint","urlTemplate":"https:\/\/yci.org\/?s={search_term_string}"},"query-input":{"@type":"PropertyValueSpecification","valueRequired":true,"valueName":"search_term_string"}}],"inLanguage":"fr-FR"}]}},"_links":{"self":[{"href":"https:\/\/yci.org\/fr\/wp-json\/wp\/v2\/pages\/47461","targetHints":{"allow":["GET"]}}],"collection":[{"href":"https:\/\/yci.org\/fr\/wp-json\/wp\/v2\/pages"}],"about":[{"href":"https:\/\/yci.org\/fr\/wp-json\/wp\/v2\/types\/page"}],"author":[{"embeddable":true,"href":"https:\/\/yci.org\/fr\/wp-json\/wp\/v2\/users\/14"}],"replies":[{"embeddable":true,"href":"https:\/\/yci.org\/fr\/wp-json\/wp\/v2\/comments?post=47461"}],"version-history":[{"count":0,"href":"https:\/\/yci.org\/fr\/wp-json\/wp\/v2\/pages\/47461\/revisions"}],"up":[{"embeddable":true,"href":"https:\/\/yci.org\/fr\/wp-json\/wp\/v2\/pages\/46269"}],"wp:featuredmedia":[{"embeddable":true,"href":"https:\/\/yci.org\/fr\/wp-json\/wp\/v2\/media\/47231"}],"wp:attachment":[{"href":"https:\/\/yci.org\/fr\/wp-json\/wp\/v2\/media?parent=47461"}],"curies":[{"name":"wp","href":"https:\/\/api.w.org\/{rel}","templated":true}]}}