{"id":46983,"date":"2025-04-06T19:08:52","date_gmt":"2025-04-07T00:08:52","guid":{"rendered":"https:\/\/yci2025.wpenginepowered.com\/?page_id=46983"},"modified":"2025-04-06T19:10:46","modified_gmt":"2025-04-07T00:10:46","slug":"termes","status":"publish","type":"page","link":"https:\/\/yci.org\/fr\/terms\/","title":{"rendered":"Conditions"},"content":{"rendered":"<h1>\n\t\tConditions d'utilisation\n\t<\/h1>\n<h2>\n\t\tDroit d'auteur\n\t<\/h2>\n\t<p>Copyright \u00a9 2025 Youth Challenge International.<\/p>\n<p>Youth Challenge International conserve les droits d'auteur de tous les textes et graphiques, sauf mention contraire. Tous les droits sont r\u00e9serv\u00e9s.<\/p>\n<p>Ces pages sont produites et \u00e9dit\u00e9es par Youth Challenge International \u00e0 partir de contenus fournis par ses employ\u00e9s, ses partenaires et le public.<\/p>\n<p>Youth Challenge International ou ses employ\u00e9s d\u00e9clinent toute responsabilit\u00e9 quant aux cons\u00e9quences d'\u00e9ventuelles erreurs ou omissions ou quant \u00e0 la nature et au contenu de ces pages ou de toute autre page li\u00e9e.<\/p>\n<h2>\n\t\tDons\n\t<\/h2>\n\t<p>Youth Challenge International est un organisme de bienfaisance enregistr\u00e9 aupr\u00e8s de l'Agence du revenu du Canada (num\u00e9ro d'organisme de bienfaisance 11906 9078 RR0001) et un re\u00e7u fiscal sera d\u00e9livr\u00e9 pour tous les dons sup\u00e9rieurs \u00e0 $20. Les dons de bienfaisance pour lesquels un re\u00e7u fiscal a \u00e9t\u00e9 \u00e9mis ne sont pas \u00e9ligibles pour un remboursement selon les r\u00e8glements de l'ARC.<\/p>\n<p>Pour que la d\u00e9ductibilit\u00e9 fiscale soit accord\u00e9e, tous les dons aux organisations caritatives doivent \u00eatre \"d\u00e9sint\u00e9ress\u00e9s\". Cela signifie qu'aucun don \u00e0 YCI ne peut rester sous le contr\u00f4le ou la direction, m\u00eame partielle, du donateur.<\/p>\n<p>YCI est heureux d'accepter des dons provenant de n'importe o\u00f9. Toutefois, les dons effectu\u00e9s par des r\u00e9sidents de pays autres que le Canada ne donnent pas droit \u00e0 des d\u00e9ductions fiscales.<\/p>\n<p>100% de votre don \u00e0 YCI sert \u00e0 garantir que les jeunes qui participent \u00e0 nos projets en tirent le plus grand b\u00e9n\u00e9fice. Pour mener \u00e0 bien un projet, il est essentiel de disposer d'un personnel ad\u00e9quat, d'un suivi, d'une \u00e9valuation, de services financiers, d'un marketing, d'un espace de bureau et d'autres d\u00e9penses vari\u00e9es. Ces services de soutien \u00e0 la gestion de projet sont n\u00e9cessaires \u00e0 la r\u00e9alisation du projet. Les gens sont souvent r\u00e9ticents \u00e0 l'id\u00e9e qu'une partie de leur don soit consacr\u00e9e \u00e0 ces services d'appui, mais il est important de comprendre que sans eux, le projet ne pourrait pas se r\u00e9aliser. C'est pourquoi 10% de votre don soutiennent ces fonctions ici au Canada et 90% sont utilis\u00e9s pour les d\u00e9penses du programme dans le pays concern\u00e9.<\/p>\n<h2>\n\t\t Financement\n\t<\/h2>\n\t<p>Les projets mondiaux de Youth Challenge International sont financ\u00e9s par des ressources et des dons re\u00e7us du public et du gouvernement canadien. Le soutien volontaire des donateurs priv\u00e9s et des entreprises peut \u00e9galement inclure des dons en nature. Les subventions accord\u00e9es par Global Affairs Canada sont attribu\u00e9es \u00e0 Youth Challenge International sur la base d'un processus comp\u00e9titif o\u00f9 YCI peut d\u00e9montrer son expertise, son infrastructure solide et son utilisation responsable des fonds publics pour des projets internationaux.<\/p>\n<p>YCI travaille en partenariat avec Global Affairs Canada et fait r\u00e9guli\u00e8rement l'objet d'audits de conformit\u00e9.<\/p>","protected":false},"excerpt":{"rendered":"<p>Conditions d'utilisation Copyright Copyright \u00a9 2025 Youth Challenge International. Youth Challenge International conserve les droits d'auteur pour tous les textes et graphiques, sauf mention contraire. Tous les droits sont r\u00e9serv\u00e9s. Ces pages sont produites et \u00e9dit\u00e9es par Youth Challenge International \u00e0 partir de contenus fournis par ses employ\u00e9s, ses partenaires et le public. Aucune responsabilit\u00e9 n'est accept\u00e9e par Youth Challenge...<\/p>","protected":false},"author":8,"featured_media":46867,"parent":0,"menu_order":0,"comment_status":"closed","ping_status":"closed","template":"","meta":{"_acf_changed":false,"inline_featured_image":false,"footnotes":""},"class_list":["post-46983","page","type-page","status-publish","has-post-thumbnail","hentry"],"acf":[],"yoast_head":"<!-- This site is optimized with the Yoast SEO plugin v27.4 - https:\/\/yoast.com\/product\/yoast-seo-wordpress\/ -->\n<title>Terms - YCI - Youth Challenge International<\/title>\n<meta name=\"robots\" content=\"index, follow, max-snippet:-1, max-image-preview:large, max-video-preview:-1\" \/>\n<link rel=\"canonical\" href=\"https:\/\/yci.org\/fr\/termes\/\" \/>\n<meta property=\"og:locale\" content=\"fr_FR\" \/>\n<meta property=\"og:type\" content=\"article\" \/>\n<meta property=\"og:title\" content=\"Terms - YCI - Youth Challenge International\" \/>\n<meta property=\"og:description\" content=\"Terms of Use Copyright Copyright \u00a9 2025 Youth Challenge International. Youth Challenge International retains the copyright for all text and graphics unless otherwise credited. All rights reserved. These pages are produced and edited by Youth Challenge International from content provided by its employees, its partners and the public. No liability is accepted by Youth Challenge&hellip;\" \/>\n<meta property=\"og:url\" content=\"https:\/\/yci.org\/fr\/termes\/\" \/>\n<meta property=\"og:site_name\" content=\"YCI - Youth Challenge International\" \/>\n<meta property=\"article:modified_time\" content=\"2025-04-07T00:10:46+00:00\" \/>\n<meta property=\"og:image\" content=\"https:\/\/yci.org\/wp-content\/uploads\/yci-feature-image-1.jpg\" \/>\n\t<meta property=\"og:image:width\" content=\"1789\" \/>\n\t<meta property=\"og:image:height\" content=\"1208\" \/>\n\t<meta property=\"og:image:type\" content=\"image\/jpeg\" \/>\n<meta name=\"twitter:card\" content=\"summary_large_image\" \/>\n<meta name=\"twitter:label1\" content=\"Dur\u00e9e de lecture estim\u00e9e\" \/>\n\t<meta name=\"twitter:data1\" content=\"2 minutes\" \/>\n<script type=\"application\/ld+json\" class=\"yoast-schema-graph\">{\"@context\":\"https:\\\/\\\/schema.org\",\"@graph\":[{\"@type\":\"WebPage\",\"@id\":\"https:\\\/\\\/yci.org\\\/terms\\\/\",\"url\":\"https:\\\/\\\/yci.org\\\/terms\\\/\",\"name\":\"Terms - YCI - Youth Challenge International\",\"isPartOf\":{\"@id\":\"https:\\\/\\\/yci.org\\\/#website\"},\"primaryImageOfPage\":{\"@id\":\"https:\\\/\\\/yci.org\\\/terms\\\/#primaryimage\"},\"image\":{\"@id\":\"https:\\\/\\\/yci.org\\\/terms\\\/#primaryimage\"},\"thumbnailUrl\":\"https:\\\/\\\/yci.org\\\/wp-content\\\/uploads\\\/yci-feature-image-1.jpg\",\"datePublished\":\"2025-04-07T00:08:52+00:00\",\"dateModified\":\"2025-04-07T00:10:46+00:00\",\"breadcrumb\":{\"@id\":\"https:\\\/\\\/yci.org\\\/terms\\\/#breadcrumb\"},\"inLanguage\":\"fr-FR\",\"potentialAction\":[{\"@type\":\"ReadAction\",\"target\":[\"https:\\\/\\\/yci.org\\\/terms\\\/\"]}]},{\"@type\":\"ImageObject\",\"inLanguage\":\"fr-FR\",\"@id\":\"https:\\\/\\\/yci.org\\\/terms\\\/#primaryimage\",\"url\":\"https:\\\/\\\/yci.org\\\/wp-content\\\/uploads\\\/yci-feature-image-1.jpg\",\"contentUrl\":\"https:\\\/\\\/yci.org\\\/wp-content\\\/uploads\\\/yci-feature-image-1.jpg\",\"width\":1789,\"height\":1208,\"caption\":\"YCI.ORG logo with abstract human figures in a circular blue and green design on a dark background.\"},{\"@type\":\"BreadcrumbList\",\"@id\":\"https:\\\/\\\/yci.org\\\/terms\\\/#breadcrumb\",\"itemListElement\":[{\"@type\":\"ListItem\",\"position\":1,\"name\":\"Home\",\"item\":\"https:\\\/\\\/yci.org\\\/\"},{\"@type\":\"ListItem\",\"position\":2,\"name\":\"Terms\"}]},{\"@type\":\"WebSite\",\"@id\":\"https:\\\/\\\/yci.org\\\/#website\",\"url\":\"https:\\\/\\\/yci.org\\\/\",\"name\":\"YCI - Youth Challenge International\",\"description\":\"We are driven by youth and their potential to affect positive change in the world\",\"potentialAction\":[{\"@type\":\"SearchAction\",\"target\":{\"@type\":\"EntryPoint\",\"urlTemplate\":\"https:\\\/\\\/yci.org\\\/?s={search_term_string}\"},\"query-input\":{\"@type\":\"PropertyValueSpecification\",\"valueRequired\":true,\"valueName\":\"search_term_string\"}}],\"inLanguage\":\"fr-FR\"}]}<\/script>\n<!-- \/ Yoast SEO plugin. -->","yoast_head_json":{"title":"Conditions - YCI - Youth Challenge International","robots":{"index":"index","follow":"follow","max-snippet":"max-snippet:-1","max-image-preview":"max-image-preview:large","max-video-preview":"max-video-preview:-1"},"canonical":"https:\/\/yci.org\/fr\/termes\/","og_locale":"fr_FR","og_type":"article","og_title":"Terms - YCI - Youth Challenge International","og_description":"Terms of Use Copyright Copyright \u00a9 2025 Youth Challenge International. Youth Challenge International retains the copyright for all text and graphics unless otherwise credited. All rights reserved. These pages are produced and edited by Youth Challenge International from content provided by its employees, its partners and the public. No liability is accepted by Youth Challenge&hellip;","og_url":"https:\/\/yci.org\/fr\/termes\/","og_site_name":"YCI - Youth Challenge International","article_modified_time":"2025-04-07T00:10:46+00:00","og_image":[{"width":1789,"height":1208,"url":"https:\/\/yci.org\/wp-content\/uploads\/yci-feature-image-1.jpg","type":"image\/jpeg"}],"twitter_card":"summary_large_image","twitter_misc":{"Dur\u00e9e de lecture estim\u00e9e":"2 minutes"},"schema":{"@context":"https:\/\/schema.org","@graph":[{"@type":"WebPage","@id":"https:\/\/yci.org\/terms\/","url":"https:\/\/yci.org\/terms\/","name":"Conditions - YCI - Youth Challenge International","isPartOf":{"@id":"https:\/\/yci.org\/#website"},"primaryImageOfPage":{"@id":"https:\/\/yci.org\/terms\/#primaryimage"},"image":{"@id":"https:\/\/yci.org\/terms\/#primaryimage"},"thumbnailUrl":"https:\/\/yci.org\/wp-content\/uploads\/yci-feature-image-1.jpg","datePublished":"2025-04-07T00:08:52+00:00","dateModified":"2025-04-07T00:10:46+00:00","breadcrumb":{"@id":"https:\/\/yci.org\/terms\/#breadcrumb"},"inLanguage":"fr-FR","potentialAction":[{"@type":"ReadAction","target":["https:\/\/yci.org\/terms\/"]}]},{"@type":"ImageObject","inLanguage":"fr-FR","@id":"https:\/\/yci.org\/terms\/#primaryimage","url":"https:\/\/yci.org\/wp-content\/uploads\/yci-feature-image-1.jpg","contentUrl":"https:\/\/yci.org\/wp-content\/uploads\/yci-feature-image-1.jpg","width":1789,"height":1208,"caption":"YCI.ORG logo with abstract human figures in a circular blue and green design on a dark background."},{"@type":"BreadcrumbList","@id":"https:\/\/yci.org\/terms\/#breadcrumb","itemListElement":[{"@type":"ListItem","position":1,"name":"Home","item":"https:\/\/yci.org\/"},{"@type":"ListItem","position":2,"name":"Terms"}]},{"@type":"WebSite","@id":"https:\/\/yci.org\/#website","url":"https:\/\/yci.org\/","name":"YCI - Youth Challenge International","description":"Nous sommes motiv\u00e9s par les jeunes et leur potentiel \u00e0 apporter des changements positifs dans le monde.","potentialAction":[{"@type":"SearchAction","target":{"@type":"EntryPoint","urlTemplate":"https:\/\/yci.org\/?s={search_term_string}"},"query-input":{"@type":"PropertyValueSpecification","valueRequired":true,"valueName":"search_term_string"}}],"inLanguage":"fr-FR"}]}},"_links":{"self":[{"href":"https:\/\/yci.org\/fr\/wp-json\/wp\/v2\/pages\/46983","targetHints":{"allow":["GET"]}}],"collection":[{"href":"https:\/\/yci.org\/fr\/wp-json\/wp\/v2\/pages"}],"about":[{"href":"https:\/\/yci.org\/fr\/wp-json\/wp\/v2\/types\/page"}],"author":[{"embeddable":true,"href":"https:\/\/yci.org\/fr\/wp-json\/wp\/v2\/users\/8"}],"replies":[{"embeddable":true,"href":"https:\/\/yci.org\/fr\/wp-json\/wp\/v2\/comments?post=46983"}],"version-history":[{"count":0,"href":"https:\/\/yci.org\/fr\/wp-json\/wp\/v2\/pages\/46983\/revisions"}],"wp:featuredmedia":[{"embeddable":true,"href":"https:\/\/yci.org\/fr\/wp-json\/wp\/v2\/media\/46867"}],"wp:attachment":[{"href":"https:\/\/yci.org\/fr\/wp-json\/wp\/v2\/media?parent=46983"}],"curies":[{"name":"wp","href":"https:\/\/api.w.org\/{rel}","templated":true}]}}