{"id":46981,"date":"2025-04-06T18:59:26","date_gmt":"2025-04-06T23:59:26","guid":{"rendered":"https:\/\/yci2025.wpenginepowered.com\/?page_id=46981"},"modified":"2025-04-06T19:05:56","modified_gmt":"2025-04-07T00:05:56","slug":"politique-de-confidentialite","status":"publish","type":"page","link":"https:\/\/yci.org\/fr\/privacy-policy\/","title":{"rendered":"Politique de confidentialit\u00e9"},"content":{"rendered":"<h1>\n\t\tPolitique de confidentialit\u00e9\n\t<\/h1>\n<h2>\n\t\tNotre engagement\n\t<\/h2>\n\t<p>Youth Challenge International (YCI) s'engage \u00e0 prot\u00e9ger la confidentialit\u00e9 des informations personnelles de ses employ\u00e9s, membres, volontaires et autres parties prenantes. YCI accorde une grande importance \u00e0 la confiance de ceux avec qui nous traitons et du public, et nous sommes conscients que le maintien de cette confiance exige que nous soyons transparents et responsables dans la mani\u00e8re dont nous traitons les informations que vous choisissez de partager avec nous.<\/p>\n<p>Au cours de ses divers projets et activit\u00e9s, YCI recueille et utilise fr\u00e9quemment des informations personnelles. Toute personne aupr\u00e8s de laquelle nous recueillons de telles informations doit s'attendre \u00e0 ce qu'elles soient soigneusement prot\u00e9g\u00e9es et \u00e0 ce que toute utilisation ou tout autre traitement de ces informations soit soumis \u00e0 son consentement.<\/p>\n<h2>\n\t\tInformations personnelles\n\t<\/h2>\n\t<p>Les informations personnelles sont toutes les informations qui peuvent \u00eatre utilis\u00e9es pour distinguer, identifier ou contacter une personne sp\u00e9cifique. Ces informations peuvent inclure les opinions ou les croyances d'une personne, ainsi que des faits qui la concernent ou qui lui sont li\u00e9s. Les coordonn\u00e9es professionnelles et certaines informations accessibles au public, telles que les noms, adresses et num\u00e9ros de t\u00e9l\u00e9phone publi\u00e9s dans les annuaires t\u00e9l\u00e9phoniques, ne sont pas consid\u00e9r\u00e9es comme des informations personnelles.<\/p>\n<p>Lorsqu'une personne utilise ses coordonn\u00e9es personnelles comme coordonn\u00e9es professionnelles, YCI consid\u00e8re que les coordonn\u00e9es fournies sont des coordonn\u00e9es professionnelles et qu'elles ne sont donc pas prot\u00e9g\u00e9es en tant qu'informations personnelles.<\/p>\n<h2>\n\t\tPratiques en mati\u00e8re de protection de la vie priv\u00e9e\n\t<\/h2>\n\t<p>Les informations personnelles recueillies par YCI sont gard\u00e9es confidentielles. Le personnel d'YCI est autoris\u00e9 \u00e0 acc\u00e9der aux informations personnelles uniquement s'il a besoin de les traiter pour la ou les raisons pour lesquelles elles ont \u00e9t\u00e9 obtenues. Des garanties sont en place pour s'assurer que les informations ne sont pas divulgu\u00e9es ou partag\u00e9es plus largement qu'il n'est n\u00e9cessaire pour atteindre l'objectif pour lequel elles ont \u00e9t\u00e9 recueillies.<\/p>\n<p>Afin d'emp\u00eacher tout acc\u00e8s non autoris\u00e9, de pr\u00e9server l'exactitude des donn\u00e9es et de garantir l'utilisation appropri\u00e9e des informations, nous avons mis en place des proc\u00e9dures physiques, \u00e9lectroniques et de gestion pour sauvegarder et s\u00e9curiser les informations que vous nous fournissez en ligne.<\/p>\n<p>Nous pouvons modifier cette politique de temps \u00e0 autre en mettant \u00e0 jour cette page. Veuillez consulter r\u00e9guli\u00e8rement cette page pour prendre connaissance des changements. En continuant \u00e0 utiliser ce site apr\u00e8s la publication de modifications de la pr\u00e9sente politique, vous acceptez ces modifications.<\/p>\n<p>Si vous avez moins de 18 ans, veillez \u00e0 obtenir l'autorisation de vos parents ou de votre tuteur avant d'envoyer des informations vous concernant (nom, adresse, adresse \u00e9lectronique, etc.) \u00e0 nous ou \u00e0 toute autre personne sur l'internet.<\/p>\n<h2>\n\t\tInformations sur le contact\n\t<\/h2>\n\t<p>Les questions, pr\u00e9occupations ou plaintes relatives \u00e0 la politique de confidentialit\u00e9 d'YCI concernant le traitement des informations personnelles doivent \u00eatre envoy\u00e9es par courrier \u00e9lectronique \u00e0 l'adresse suivante : <a href=\"mailto:generalinfo@yci.org\">generalinfo@yci.org<\/a>.<\/p>","protected":false},"excerpt":{"rendered":"<p>Politique de confidentialit\u00e9 Notre engagement Youth Challenge International (YCI) s'engage \u00e0 prot\u00e9ger la confidentialit\u00e9 des informations personnelles de ses employ\u00e9s, membres, b\u00e9n\u00e9voles et autres parties prenantes. YCI accorde une grande importance \u00e0 la confiance de ceux avec qui nous traitons et du public, et nous sommes conscients que le maintien de cette confiance exige que nous soyons transparents et responsables dans la mani\u00e8re dont...<\/p>","protected":false},"author":8,"featured_media":46867,"parent":0,"menu_order":0,"comment_status":"closed","ping_status":"closed","template":"","meta":{"_acf_changed":false,"inline_featured_image":false,"footnotes":""},"class_list":["post-46981","page","type-page","status-publish","has-post-thumbnail","hentry"],"acf":[],"yoast_head":"<!-- This site is optimized with the Yoast SEO plugin v27.5 - https:\/\/yoast.com\/product\/yoast-seo-wordpress\/ -->\n<title>Privacy Policy - YCI - Youth Challenge International<\/title>\n<meta name=\"robots\" content=\"index, follow, max-snippet:-1, max-image-preview:large, max-video-preview:-1\" \/>\n<link rel=\"canonical\" href=\"https:\/\/yci.org\/fr\/politique-de-confidentialite\/\" \/>\n<meta property=\"og:locale\" content=\"fr_FR\" \/>\n<meta property=\"og:type\" content=\"article\" \/>\n<meta property=\"og:title\" content=\"Privacy Policy - YCI - Youth Challenge International\" \/>\n<meta property=\"og:description\" content=\"Privacy Policy Our commitment Youth Challenge International (YCI) is committed to protecting the privacy of the personal information of its employees, members, volunteers and other stakeholders. YCI values the trust of those we deal with, and of the public and we realize that maintaining this trust requires that we be transparent and accountable in how&hellip;\" \/>\n<meta property=\"og:url\" content=\"https:\/\/yci.org\/fr\/politique-de-confidentialite\/\" \/>\n<meta property=\"og:site_name\" content=\"YCI - Youth Challenge International\" \/>\n<meta property=\"article:modified_time\" content=\"2025-04-07T00:05:56+00:00\" \/>\n<meta property=\"og:image\" content=\"https:\/\/yci.org\/wp-content\/uploads\/yci-feature-image-1.jpg\" \/>\n\t<meta property=\"og:image:width\" content=\"1789\" \/>\n\t<meta property=\"og:image:height\" content=\"1208\" \/>\n\t<meta property=\"og:image:type\" content=\"image\/jpeg\" \/>\n<meta name=\"twitter:card\" content=\"summary_large_image\" \/>\n<meta name=\"twitter:label1\" content=\"Dur\u00e9e de lecture estim\u00e9e\" \/>\n\t<meta name=\"twitter:data1\" content=\"1 minute\" \/>\n<script type=\"application\/ld+json\" class=\"yoast-schema-graph\">{\"@context\":\"https:\\\/\\\/schema.org\",\"@graph\":[{\"@type\":\"WebPage\",\"@id\":\"https:\\\/\\\/yci.org\\\/privacy-policy\\\/\",\"url\":\"https:\\\/\\\/yci.org\\\/privacy-policy\\\/\",\"name\":\"Privacy Policy - YCI - Youth Challenge International\",\"isPartOf\":{\"@id\":\"https:\\\/\\\/yci.org\\\/#website\"},\"primaryImageOfPage\":{\"@id\":\"https:\\\/\\\/yci.org\\\/privacy-policy\\\/#primaryimage\"},\"image\":{\"@id\":\"https:\\\/\\\/yci.org\\\/privacy-policy\\\/#primaryimage\"},\"thumbnailUrl\":\"https:\\\/\\\/yci.org\\\/wp-content\\\/uploads\\\/yci-feature-image-1.jpg\",\"datePublished\":\"2025-04-06T23:59:26+00:00\",\"dateModified\":\"2025-04-07T00:05:56+00:00\",\"breadcrumb\":{\"@id\":\"https:\\\/\\\/yci.org\\\/privacy-policy\\\/#breadcrumb\"},\"inLanguage\":\"fr-FR\",\"potentialAction\":[{\"@type\":\"ReadAction\",\"target\":[\"https:\\\/\\\/yci.org\\\/privacy-policy\\\/\"]}]},{\"@type\":\"ImageObject\",\"inLanguage\":\"fr-FR\",\"@id\":\"https:\\\/\\\/yci.org\\\/privacy-policy\\\/#primaryimage\",\"url\":\"https:\\\/\\\/yci.org\\\/wp-content\\\/uploads\\\/yci-feature-image-1.jpg\",\"contentUrl\":\"https:\\\/\\\/yci.org\\\/wp-content\\\/uploads\\\/yci-feature-image-1.jpg\",\"width\":1789,\"height\":1208,\"caption\":\"YCI.ORG logo with abstract human figures in a circular blue and green design on a dark background.\"},{\"@type\":\"BreadcrumbList\",\"@id\":\"https:\\\/\\\/yci.org\\\/privacy-policy\\\/#breadcrumb\",\"itemListElement\":[{\"@type\":\"ListItem\",\"position\":1,\"name\":\"Home\",\"item\":\"https:\\\/\\\/yci.org\\\/\"},{\"@type\":\"ListItem\",\"position\":2,\"name\":\"Privacy Policy\"}]},{\"@type\":\"WebSite\",\"@id\":\"https:\\\/\\\/yci.org\\\/#website\",\"url\":\"https:\\\/\\\/yci.org\\\/\",\"name\":\"YCI - Youth Challenge International\",\"description\":\"We are driven by youth and their potential to affect positive change in the world\",\"potentialAction\":[{\"@type\":\"SearchAction\",\"target\":{\"@type\":\"EntryPoint\",\"urlTemplate\":\"https:\\\/\\\/yci.org\\\/?s={search_term_string}\"},\"query-input\":{\"@type\":\"PropertyValueSpecification\",\"valueRequired\":true,\"valueName\":\"search_term_string\"}}],\"inLanguage\":\"fr-FR\"}]}<\/script>\n<!-- \/ Yoast SEO plugin. -->","yoast_head_json":{"title":"Politique de confidentialit\u00e9 - YCI - Youth Challenge International","robots":{"index":"index","follow":"follow","max-snippet":"max-snippet:-1","max-image-preview":"max-image-preview:large","max-video-preview":"max-video-preview:-1"},"canonical":"https:\/\/yci.org\/fr\/politique-de-confidentialite\/","og_locale":"fr_FR","og_type":"article","og_title":"Privacy Policy - YCI - Youth Challenge International","og_description":"Privacy Policy Our commitment Youth Challenge International (YCI) is committed to protecting the privacy of the personal information of its employees, members, volunteers and other stakeholders. YCI values the trust of those we deal with, and of the public and we realize that maintaining this trust requires that we be transparent and accountable in how&hellip;","og_url":"https:\/\/yci.org\/fr\/politique-de-confidentialite\/","og_site_name":"YCI - Youth Challenge International","article_modified_time":"2025-04-07T00:05:56+00:00","og_image":[{"width":1789,"height":1208,"url":"https:\/\/yci.org\/wp-content\/uploads\/yci-feature-image-1.jpg","type":"image\/jpeg"}],"twitter_card":"summary_large_image","twitter_misc":{"Dur\u00e9e de lecture estim\u00e9e":"1 minute"},"schema":{"@context":"https:\/\/schema.org","@graph":[{"@type":"WebPage","@id":"https:\/\/yci.org\/privacy-policy\/","url":"https:\/\/yci.org\/privacy-policy\/","name":"Politique de confidentialit\u00e9 - YCI - Youth Challenge International","isPartOf":{"@id":"https:\/\/yci.org\/#website"},"primaryImageOfPage":{"@id":"https:\/\/yci.org\/privacy-policy\/#primaryimage"},"image":{"@id":"https:\/\/yci.org\/privacy-policy\/#primaryimage"},"thumbnailUrl":"https:\/\/yci.org\/wp-content\/uploads\/yci-feature-image-1.jpg","datePublished":"2025-04-06T23:59:26+00:00","dateModified":"2025-04-07T00:05:56+00:00","breadcrumb":{"@id":"https:\/\/yci.org\/privacy-policy\/#breadcrumb"},"inLanguage":"fr-FR","potentialAction":[{"@type":"ReadAction","target":["https:\/\/yci.org\/privacy-policy\/"]}]},{"@type":"ImageObject","inLanguage":"fr-FR","@id":"https:\/\/yci.org\/privacy-policy\/#primaryimage","url":"https:\/\/yci.org\/wp-content\/uploads\/yci-feature-image-1.jpg","contentUrl":"https:\/\/yci.org\/wp-content\/uploads\/yci-feature-image-1.jpg","width":1789,"height":1208,"caption":"YCI.ORG logo with abstract human figures in a circular blue and green design on a dark background."},{"@type":"BreadcrumbList","@id":"https:\/\/yci.org\/privacy-policy\/#breadcrumb","itemListElement":[{"@type":"ListItem","position":1,"name":"Home","item":"https:\/\/yci.org\/"},{"@type":"ListItem","position":2,"name":"Privacy Policy"}]},{"@type":"WebSite","@id":"https:\/\/yci.org\/#website","url":"https:\/\/yci.org\/","name":"YCI - Youth Challenge International","description":"Nous sommes motiv\u00e9s par les jeunes et leur potentiel \u00e0 apporter des changements positifs dans le monde.","potentialAction":[{"@type":"SearchAction","target":{"@type":"EntryPoint","urlTemplate":"https:\/\/yci.org\/?s={search_term_string}"},"query-input":{"@type":"PropertyValueSpecification","valueRequired":true,"valueName":"search_term_string"}}],"inLanguage":"fr-FR"}]}},"_links":{"self":[{"href":"https:\/\/yci.org\/fr\/wp-json\/wp\/v2\/pages\/46981","targetHints":{"allow":["GET"]}}],"collection":[{"href":"https:\/\/yci.org\/fr\/wp-json\/wp\/v2\/pages"}],"about":[{"href":"https:\/\/yci.org\/fr\/wp-json\/wp\/v2\/types\/page"}],"author":[{"embeddable":true,"href":"https:\/\/yci.org\/fr\/wp-json\/wp\/v2\/users\/8"}],"replies":[{"embeddable":true,"href":"https:\/\/yci.org\/fr\/wp-json\/wp\/v2\/comments?post=46981"}],"version-history":[{"count":0,"href":"https:\/\/yci.org\/fr\/wp-json\/wp\/v2\/pages\/46981\/revisions"}],"wp:featuredmedia":[{"embeddable":true,"href":"https:\/\/yci.org\/fr\/wp-json\/wp\/v2\/media\/46867"}],"wp:attachment":[{"href":"https:\/\/yci.org\/fr\/wp-json\/wp\/v2\/media?parent=46981"}],"curies":[{"name":"wp","href":"https:\/\/api.w.org\/{rel}","templated":true}]}}