{"id":46267,"date":"2025-03-12T13:24:42","date_gmt":"2025-03-12T18:24:42","guid":{"rendered":"https:\/\/yci2025.wpenginepowered.com\/?page_id=46267"},"modified":"2025-04-25T06:15:50","modified_gmt":"2025-04-25T11:15:50","slug":"herstart","status":"publish","type":"page","link":"https:\/\/yci.org\/fr\/find-an-opportunity\/herstart\/","title":{"rendered":"HerStart"},"content":{"rendered":"<img decoding=\"async\" src=\"https:\/\/yci.org\/wp-content\/uploads\/Centring-Frame-Bright-Orange.svg\" alt=\"Cadre de centrage - Orange vif\" itemprop=\"image\" title=\"Cadre de centrage - Orange vif\" onerror=\"this.style.display='none'\"  \/>\n\t\t\t<a href=\"https:\/\/yci.org\/fr\/trouver-une-opportunite\/#what\" target=\"_self\">\n\t\t\t\t\t\t\tRetour aux opportunit\u00e9s\n\t\t\t\t\t<\/a>\n<h1>\n\t\tHerStart\n\t<\/h1>\n\t<p>YCI fait progresser l'\u00e9galit\u00e9 des sexes et le d\u00e9veloppement durable gr\u00e2ce au pouvoir de l'entrepreneuriat social. L'initiative HerStart est la preuve qu'investir dans les id\u00e9es des jeunes femmes cr\u00e9e des effets d'entra\u00eenement durables dans les communaut\u00e9s.<\/p>\n<p>#HerStart #OurFuture<\/p>\n\t\t\t<a href=\"https:\/\/yci.org\/fr\/herstart\/international-fellowships\/\" target=\"_blank\" rel=\"noopener\">\n\t\t\t\t\t\t\tDemander une bourse\n\t\t\t\t\t<\/a>\n\t<p>Zainab, une entrepreneuse HerStart \u00e0 Tamale, au Ghana<\/p>\n\t\t\t<a href=\"#\" target=\"_self\" rel=\"nofollow\">\n\t\t\t\t\t\t\tSur cette page\n\t\t\t\t\t<\/a>\n\t\t\t<a href=\"#rationale\" target=\"_self\">\n\t\t\t\t\t\t\tRaison d'\u00eatre\n\t\t\t\t\t<\/a>\n\t\t\t<a href=\"#approach\" target=\"_self\">\n\t\t\t\t\t\t\tApproche\n\t\t\t\t\t<\/a>\n\t\t\t<a href=\"#impact\" target=\"_self\">\n\t\t\t\t\t\t\tImpact\n\t\t\t\t\t<\/a>\n\t\t\t<a href=\"#stories\" target=\"_self\">\n\t\t\t\t\t\t\tHistoires\n\t\t\t\t\t<\/a>\n\t\t\t<a href=\"#apply\" target=\"_self\">\n\t\t\t\t\t\t\tPostuler\n\t\t\t\t\t<\/a>\n<h2>\n\t\tLe monde a besoin d'une innovation int\u00e9grant la dimension de genre\n\t<\/h2>\n\t<p>Les jeunes femmes du monde entier sont souvent confront\u00e9es \u00e0 des obstacles qui limitent leur plein potentiel. Pourtant, nous savons que lorsque les femmes prosp\u00e8rent, tout le monde en profite. HerStart est un pas en avant audacieux, qui s'appuie sur des outils de transformation des genres, du mentorat et du financement pour uniformiser les r\u00e8gles du jeu.<\/p>\n\t\t\t\t<img decoding=\"async\" src=\"https:\/\/yci.org\/wp-content\/uploads\/YCI-Icon-Gender-Balance.svg\" alt=\"YCI - Ic\u00f4ne - \u00c9quilibre entre les sexes\" itemprop=\"image\" title=\"YCI - Ic\u00f4ne - \u00c9quilibre entre les sexes\" onerror=\"this.style.display='none'\"  \/>\n\t\t$5T\n\t<p>Si les femmes et les hommes \u00e9taient soutenus sur un pied d'\u00e9galit\u00e9 en tant qu'entrepreneurs, le produit int\u00e9rieur brut (PIB) mondial pourrait augmenter de 6% - stimulant ainsi l'\u00e9conomie mondiale de $5 trillions (BCG, 2019).<\/p>\n\t\t2X\n\t<p>Les entreprises fond\u00e9es par des femmes offrent souvent un retour sur investissement nettement plus \u00e9lev\u00e9 ; des \u00e9tudes montrent que les startups dirig\u00e9es par des femmes g\u00e9n\u00e8rent deux fois plus de revenus par dollar (BCG, 2018).<\/p>\n\t\t40%\n\t<p>des petites et moyennes entreprises en Afrique sont dirig\u00e9es par des femmes, mais seulement 2% acc\u00e8dent avec succ\u00e8s au financement. Il existe un \u00e9cart financier de $42 milliards entre les sexes (FinDev Canada, 2019).<\/p>\n<h2>\n\t\tL'approche HerStart : <br \/>Les fonds propres via l'esprit d'entreprise\n\t<\/h2>\n\t<p>Notre exp\u00e9rience a montr\u00e9 que l'esprit d'entreprise est un catalyseur de l'autonomisation \u00e9conomique - avec des retomb\u00e9es positives infinies. C'est pourquoi nous nous sommes associ\u00e9s \u00e0 des organisations locales, \u00e0 des volontaires internationaux et aux principaux bailleurs de fonds pour aider les femmes \u00e0 devenir des leaders et des innovatrices au sein de la communaut\u00e9.<\/p>\n\t\t\t\t<img decoding=\"async\" src=\"https:\/\/yci.org\/wp-content\/uploads\/Asset-1.svg\" alt=\"Deux silhouettes avec une fl\u00e8che pointant de l&#039;une \u00e0 l&#039;autre, \u00e0 l&#039;int\u00e9rieur d&#039;un cercle violet avec un point rouge.\" itemprop=\"image\" title=\"Actif 1\" onerror=\"this.style.display='none'\"  \/>\n\t<p>Formation, mentorat et financement de jeunes femmes pour lancer et d\u00e9velopper des entreprises sociales innovantes<\/p>\n\t\t\t<a href=\"https:\/\/yci.org\/fr\/herstart\/the-program\/#program-elements\" target=\"_blank\" rel=\"noopener\">\n\t\t\t\t\t\t\tD\u00e9couvrez notre approche\n\t\t\t\t\t<\/a>\n\t\t\t\t<img decoding=\"async\" src=\"https:\/\/yci.org\/wp-content\/uploads\/Asset-5.svg\" alt=\"Deux mains se serrent sous un soleil orange, le tout dans un cercle violet soulign\u00e9 d&#039;orange et de blanc.\" itemprop=\"image\" title=\"Actif 5\" onerror=\"this.style.display='none'\"  \/>\n\t<p>Cr\u00e9er des partenariats locaux, tirer parti de l'expertise et renforcer l'apprentissage organisationnel<\/p>\n\t\t\t<a href=\"https:\/\/yci.org\/fr\/herstart\/the-program\/#partners\" target=\"_blank\" rel=\"noopener\">\n\t\t\t\t\t\t\tRencontrez nos partenaires\n\t\t\t\t\t<\/a>\n\t\t\t\t<img decoding=\"async\" src=\"https:\/\/yci.org\/wp-content\/uploads\/Asset-3.svg\" alt=\"Ic\u00f4ne de trois personnes reli\u00e9es \u00e0 un chef, symbolisant la hi\u00e9rarchie ou la structure organisationnelle, sur un cercle violet.\" itemprop=\"image\" title=\"Actif 3\" onerror=\"this.style.display='none'\"  \/>\n\t<p>Mettre en relation l'\u00e9quipe YCI, les entrepreneurs et les partenaires avec des volontaires canadiens qualifi\u00e9s dans des domaines critiques.<\/p>\n\t\t\t<a href=\"https:\/\/yci.org\/fr\/herstart\/international-fellowships\/\" target=\"_blank\" rel=\"noopener\">\n\t\t\t\t\t\t\tDemander une bourse\n\t\t\t\t\t<\/a>\n<h2>\n\t\tSusciter, ensemencer, faire cro\u00eetre l'impact\n\t<\/h2>\n\t<p>HerStart n'en est qu'\u00e0 ses d\u00e9buts et nous constatons d\u00e9j\u00e0 des r\u00e9sultats probants en Tanzanie, au Ghana et en Ouganda. D\u00e9couvrez les r\u00e9sultats obtenus jusqu'\u00e0 pr\u00e9sent :<\/p>\n\t\t\t\t<img decoding=\"async\" src=\"https:\/\/yci.org\/wp-content\/uploads\/YCI-Icon-Catalyst-Fund.svg\" alt=\"YCI - Icon - Catalyst Fund\" itemprop=\"image\" title=\"YCI - Icon - Catalyst Fund\" onerror=\"this.style.display='none'\"  \/>\n\t\t8,250+\n\t<p>jeunes femmes form\u00e9es \u00e0 l'entreprenariat social, et au moins 1 750 de plus \u00e0 venir !<\/p>\n\t\t$300,000+\n\t<p>en subventions vers\u00e9es \u00e0 de jeunes femmes entrepreneurs par l'interm\u00e9diaire du Fonds Catalyst.<\/p>\n\t\t88%\n\t<p>des femmes entrepreneurs financ\u00e9es g\u00e8rent toujours leur entreprise avec succ\u00e8s.<\/p>\n<h2>\n\t\tHistoires de femmes qui s'\u00e9l\u00e8vent et de partenaires qui prosp\u00e8rent\n\t<\/h2>\n\t\t\t<a href=\"\/fr\/feed\/\" target=\"_self\">\n\t\t\t\t\t\t\tEn savoir plus sur le flux\n\t\t\t\t\t<\/a>\n\t<div class='post-wedge  media'>            <div class=\"post post-row\">\r\n                <div class=\"post-col img-col\">\r\n                    <img decoding=\"async\" width=\"580\" height=\"800\" src=\"https:\/\/yci.org\/wp-content\/uploads\/Ghana_Media-Challenge-1_Photoshoot_sara-tess-ishan-2-scaled-e1768526435998-580x800.jpg\" class=\"post-grid-img\" alt=\"\" srcset=\"https:\/\/yci.org\/wp-content\/uploads\/Ghana_Media-Challenge-1_Photoshoot_sara-tess-ishan-2-scaled-e1768526435998-580x800.jpg 580w, https:\/\/yci.org\/wp-content\/uploads\/Ghana_Media-Challenge-1_Photoshoot_sara-tess-ishan-2-scaled-e1768526435998-1159x1600.jpg 1159w, https:\/\/yci.org\/wp-content\/uploads\/Ghana_Media-Challenge-1_Photoshoot_sara-tess-ishan-2-scaled-e1768526435998-768x1060.jpg 768w, https:\/\/yci.org\/wp-content\/uploads\/Ghana_Media-Challenge-1_Photoshoot_sara-tess-ishan-2-scaled-e1768526435998-1113x1536.jpg 1113w, https:\/\/yci.org\/wp-content\/uploads\/Ghana_Media-Challenge-1_Photoshoot_sara-tess-ishan-2-scaled-e1768526435998-1484x2048.jpg 1484w, https:\/\/yci.org\/wp-content\/uploads\/Ghana_Media-Challenge-1_Photoshoot_sara-tess-ishan-2-scaled-e1768526435998-9x12.jpg 9w, https:\/\/yci.org\/wp-content\/uploads\/Ghana_Media-Challenge-1_Photoshoot_sara-tess-ishan-2-scaled-e1768526435998.jpg 1626w\" sizes=\"(max-width: 580px) 100vw, 580px\" \/>                    <div class=\"tags\">\r\n                        Opportunit\u00e9                    <\/div>\r\n                <\/div>\r\n                <div class=\"post-col title-col\">\r\n                    <div class=\"tags\">\r\n                        Opportunit\u00e9                    <\/div>\r\n                    <h3 class='h4'>Thinking about applying for YCI\u2019s HerStart International Fellowship?<\/h3>\r\n                    <p class='post-desc'>2026-01-15<\/p>\r\n                    <div class=\"fl-module fl-module-button arrowlink\">\r\n\t                    <div class=\"fl-module-content fl-node-content\">\r\n\t\t                    <div class=\"fl-button-wrap fl-button-width-auto fl-button-left\">\r\n\t\t\t                    <a href=\"https:\/\/yci.org\/fr\/herstart\/story\/thinking-about-applying-for-ycis-herstart-international-fellowship\/\" target=\"_blank\" class=\"fl-button\" role=\"button\">\r\n\t\t\t\t\t\t\t        <span class=\"fl-button-text\">Lire la suite<\/span>\r\n\t\t\t\t\t            <\/a>\r\n                            <\/div>\r\n\t                    <\/div>\r\n                    <\/div>\r\n                <\/div>\r\n            <\/div>\r\n                        <div class=\"post post-row\">\r\n                <div class=\"post-col img-col\">\r\n                    <img decoding=\"async\" width=\"640\" height=\"389\" src=\"https:\/\/yci.org\/wp-content\/uploads\/social-entrepreneurship-trends-blog-photo-e1768526535248.png\" class=\"post-grid-img\" alt=\"\" srcset=\"https:\/\/yci.org\/wp-content\/uploads\/social-entrepreneurship-trends-blog-photo-e1768526535248.png 640w, https:\/\/yci.org\/wp-content\/uploads\/social-entrepreneurship-trends-blog-photo-e1768526535248-18x12.png 18w\" sizes=\"(max-width: 640px) 100vw, 640px\" \/>                    <div class=\"tags\">\r\n                        Morceau de pens\u00e9e                    <\/div>\r\n                <\/div>\r\n                <div class=\"post-col title-col\">\r\n                    <div class=\"tags\">\r\n                        Morceau de pens\u00e9e                    <\/div>\r\n                    <h3 class='h4'>What\u2019s trending for social entrepreneurship this year?<\/h3>\r\n                    <p class='post-desc'>2025-10-23<\/p>\r\n                    <div class=\"fl-module fl-module-button arrowlink\">\r\n\t                    <div class=\"fl-module-content fl-node-content\">\r\n\t\t                    <div class=\"fl-button-wrap fl-button-width-auto fl-button-left\">\r\n\t\t\t                    <a href=\"https:\/\/yci.org\/fr\/herstart\/story\/whats-trending-for-social-entrepreneurship-this-year\/\" target=\"_blank\" class=\"fl-button\" role=\"button\">\r\n\t\t\t\t\t\t\t        <span class=\"fl-button-text\">Lire la suite<\/span>\r\n\t\t\t\t\t            <\/a>\r\n                            <\/div>\r\n\t                    <\/div>\r\n                    <\/div>\r\n                <\/div>\r\n            <\/div>\r\n                        <div class=\"post post-row\">\r\n                <div class=\"post-col img-col\">\r\n                    <img decoding=\"async\" width=\"800\" height=\"600\" src=\"https:\/\/yci.org\/wp-content\/uploads\/Liam_SINA-800x600.jpeg\" class=\"post-grid-img\" alt=\"\" srcset=\"https:\/\/yci.org\/wp-content\/uploads\/Liam_SINA-800x600.jpeg 800w, https:\/\/yci.org\/wp-content\/uploads\/Liam_SINA-768x576.jpeg 768w, https:\/\/yci.org\/wp-content\/uploads\/Liam_SINA-16x12.jpeg 16w, https:\/\/yci.org\/wp-content\/uploads\/Liam_SINA.jpeg 1280w\" sizes=\"(max-width: 800px) 100vw, 800px\" \/>                    <div class=\"tags\">\r\n                        Histoire de l'impact                    <\/div>\r\n                <\/div>\r\n                <div class=\"post-col title-col\">\r\n                    <div class=\"tags\">\r\n                        Histoire de l'impact                    <\/div>\r\n                    <h3 class='h4'>Fellowship Alumni Spotlight: How Liam Redefined Success<\/h3>\r\n                    <p class='post-desc'>2025-09-11<\/p>\r\n                    <div class=\"fl-module fl-module-button arrowlink\">\r\n\t                    <div class=\"fl-module-content fl-node-content\">\r\n\t\t                    <div class=\"fl-button-wrap fl-button-width-auto fl-button-left\">\r\n\t\t\t                    <a href=\"https:\/\/yci.org\/fr\/herstart\/story\/alumni-spotlight-how-liam-redefined-success-as-a-herstart-fellow\/\" target=\"_blank\" class=\"fl-button\" role=\"button\">\r\n\t\t\t\t\t\t\t        <span class=\"fl-button-text\">Lire la suite<\/span>\r\n\t\t\t\t\t            <\/a>\r\n                            <\/div>\r\n\t                    <\/div>\r\n                    <\/div>\r\n                <\/div>\r\n            <\/div>\r\n            <\/div>\n\t\t\t\t<img decoding=\"async\" src=\"https:\/\/yci.org\/wp-content\/uploads\/partnerrship-canada.jpg\" alt=\"partenariat-canada\" itemprop=\"image\" title=\"partenariat-canada\" onerror=\"this.style.display='none'\"  \/>\n<h2>\n\t\tMerci \u00e0 notre bailleur de fonds\n\t<\/h2>\n\t<p>Le programme HerStart Innovate the Future d'YCI est financ\u00e9 par le Programme de coop\u00e9ration volontaire du gouvernement du Canada. Il offre \u00e0 des Canadiens qualifi\u00e9s la possibilit\u00e9 de faire du b\u00e9n\u00e9volat aupr\u00e8s de partenaires internationaux et de faire progresser les objectifs du Canada en mati\u00e8re de d\u00e9veloppement durable. <a href=\"https:\/\/www.international.gc.ca\/world-monde\/issues_development-enjeux_developpement\/priorities-priorites\/policy-politique.aspx?lang=eng\">Politique f\u00e9ministe d'aide internationale<\/a>.<\/p>\n<h2>\n\t\tPr\u00eat \u00e0 participer \u00e0 une v\u00e9ritable transformation ?\n\t<\/h2>\n\t\t\t<a href=\"https:\/\/www.herstart.org\" target=\"_blank\" rel=\"noopener\">\n\t\t\t\t\t\t\tVisitez herstart.org\n\t\t\t\t\t<\/a>\n\t\t\t<a href=\"https:\/\/yci.org\/fr\/herstart\/international-fellowships\/\" target=\"_blank\" rel=\"noopener\">\n\t\t\t\t\t\t\tDemander une bourse\n\t\t\t\t\t<\/a>\n\t\t\t<a href=\"https:\/\/yci.akaraisin.com\/ui\/CirclesofImpact\" target=\"_blank\" rel=\"noopener\">\n\t\t\t\t\t\t\tInvestir dans l'innovation\n\t\t\t\t\t<\/a>\n\t<ul>\n\t\t<li>\t\t\n\t\t\t\t<img decoding=\"async\" src=\"https:\/\/yci.org\/wp-content\/uploads\/icon-circle.svg\" alt=\"ic\u00f4ne-cercle\" title=\"ic\u00f4ne-cercle\" itemprop=\"image\"\/>\n\t\t<p><strong>Photo<\/strong>:  Sheila (personnel YCI) et Nyasha (International Fellow) apportent leur soutien lors d'un \u00e9v\u00e9nement du march\u00e9 de la Journ\u00e9e internationale de la femme pour HerStart au Ghana.<\/p><\/li>\t<\/ul>","protected":false},"excerpt":{"rendered":"<p>Retour aux opportunit\u00e9s HerStart YCI fait progresser l'\u00e9galit\u00e9 des sexes et le d\u00e9veloppement durable gr\u00e2ce au pouvoir de l'entrepreneuriat social. L'initiative HerStart est la preuve qu'investir dans les id\u00e9es des jeunes femmes cr\u00e9e des effets d'entra\u00eenement durables dans les communaut\u00e9s. #HerStart #OurFuture Demander une bourse Zainab, une entrepreneuse HerStart \u00e0 Tamale, au Ghana Sur cette page Raison d'\u00eatre Approche Histoires d'impact...<\/p>","protected":false},"author":7,"featured_media":46867,"parent":46261,"menu_order":0,"comment_status":"closed","ping_status":"closed","template":"","meta":{"_acf_changed":false,"inline_featured_image":false,"footnotes":""},"class_list":["post-46267","page","type-page","status-publish","has-post-thumbnail","hentry"],"acf":[],"yoast_head":"<!-- This site is optimized with the Yoast SEO plugin v27.4 - https:\/\/yoast.com\/product\/yoast-seo-wordpress\/ -->\n<title>HerStart | Youth Challenge International<\/title>\n<meta name=\"description\" content=\"YCI is advancing gender equality and sustainable development through the power of social entrepreneurship.\" \/>\n<meta name=\"robots\" content=\"index, follow, max-snippet:-1, max-image-preview:large, max-video-preview:-1\" \/>\n<link rel=\"canonical\" href=\"https:\/\/yci.org\/fr\/trouver-une-opportunite\/herstart\/\" \/>\n<meta property=\"og:locale\" content=\"fr_FR\" \/>\n<meta property=\"og:type\" content=\"article\" \/>\n<meta property=\"og:title\" content=\"HerStart | Youth Challenge International\" \/>\n<meta property=\"og:description\" content=\"YCI is advancing gender equality and sustainable development through the power of social entrepreneurship.\" \/>\n<meta property=\"og:url\" content=\"https:\/\/yci.org\/fr\/trouver-une-opportunite\/herstart\/\" \/>\n<meta property=\"og:site_name\" content=\"YCI - Youth Challenge International\" \/>\n<meta property=\"article:modified_time\" content=\"2025-04-25T11:15:50+00:00\" \/>\n<meta property=\"og:image\" content=\"https:\/\/yci.org\/wp-content\/uploads\/yci-feature-image-1.jpg\" \/>\n\t<meta property=\"og:image:width\" content=\"1789\" \/>\n\t<meta property=\"og:image:height\" content=\"1208\" \/>\n\t<meta property=\"og:image:type\" content=\"image\/jpeg\" \/>\n<meta name=\"twitter:card\" content=\"summary_large_image\" \/>\n<meta name=\"twitter:label1\" content=\"Dur\u00e9e de lecture estim\u00e9e\" \/>\n\t<meta name=\"twitter:data1\" content=\"4 minutes\" \/>\n<script type=\"application\/ld+json\" class=\"yoast-schema-graph\">{\"@context\":\"https:\\\/\\\/schema.org\",\"@graph\":[{\"@type\":\"WebPage\",\"@id\":\"https:\\\/\\\/yci.org\\\/find-an-opportunity\\\/herstart\\\/\",\"url\":\"https:\\\/\\\/yci.org\\\/find-an-opportunity\\\/herstart\\\/\",\"name\":\"HerStart | Youth Challenge International\",\"isPartOf\":{\"@id\":\"https:\\\/\\\/yci.org\\\/#website\"},\"primaryImageOfPage\":{\"@id\":\"https:\\\/\\\/yci.org\\\/find-an-opportunity\\\/herstart\\\/#primaryimage\"},\"image\":{\"@id\":\"https:\\\/\\\/yci.org\\\/find-an-opportunity\\\/herstart\\\/#primaryimage\"},\"thumbnailUrl\":\"https:\\\/\\\/yci.org\\\/wp-content\\\/uploads\\\/yci-feature-image-1.jpg\",\"datePublished\":\"2025-03-12T18:24:42+00:00\",\"dateModified\":\"2025-04-25T11:15:50+00:00\",\"description\":\"YCI is advancing gender equality and sustainable development through the power of social entrepreneurship.\",\"breadcrumb\":{\"@id\":\"https:\\\/\\\/yci.org\\\/find-an-opportunity\\\/herstart\\\/#breadcrumb\"},\"inLanguage\":\"fr-FR\",\"potentialAction\":[{\"@type\":\"ReadAction\",\"target\":[\"https:\\\/\\\/yci.org\\\/find-an-opportunity\\\/herstart\\\/\"]}]},{\"@type\":\"ImageObject\",\"inLanguage\":\"fr-FR\",\"@id\":\"https:\\\/\\\/yci.org\\\/find-an-opportunity\\\/herstart\\\/#primaryimage\",\"url\":\"https:\\\/\\\/yci.org\\\/wp-content\\\/uploads\\\/yci-feature-image-1.jpg\",\"contentUrl\":\"https:\\\/\\\/yci.org\\\/wp-content\\\/uploads\\\/yci-feature-image-1.jpg\",\"width\":1789,\"height\":1208,\"caption\":\"YCI.ORG logo with abstract human figures in a circular blue and green design on a dark background.\"},{\"@type\":\"BreadcrumbList\",\"@id\":\"https:\\\/\\\/yci.org\\\/find-an-opportunity\\\/herstart\\\/#breadcrumb\",\"itemListElement\":[{\"@type\":\"ListItem\",\"position\":1,\"name\":\"Home\",\"item\":\"https:\\\/\\\/yci.org\\\/\"},{\"@type\":\"ListItem\",\"position\":2,\"name\":\"Find An Opportunity\",\"item\":\"https:\\\/\\\/yci.org\\\/find-an-opportunity\\\/\"},{\"@type\":\"ListItem\",\"position\":3,\"name\":\"HerStart\"}]},{\"@type\":\"WebSite\",\"@id\":\"https:\\\/\\\/yci.org\\\/#website\",\"url\":\"https:\\\/\\\/yci.org\\\/\",\"name\":\"YCI - Youth Challenge International\",\"description\":\"We are driven by youth and their potential to affect positive change in the world\",\"potentialAction\":[{\"@type\":\"SearchAction\",\"target\":{\"@type\":\"EntryPoint\",\"urlTemplate\":\"https:\\\/\\\/yci.org\\\/?s={search_term_string}\"},\"query-input\":{\"@type\":\"PropertyValueSpecification\",\"valueRequired\":true,\"valueName\":\"search_term_string\"}}],\"inLanguage\":\"fr-FR\"}]}<\/script>\n<!-- \/ Yoast SEO plugin. -->","yoast_head_json":{"title":"HerStart | Youth Challenge International","description":"YCI fait progresser l'\u00e9galit\u00e9 des sexes et le d\u00e9veloppement durable gr\u00e2ce au pouvoir de l'entrepreneuriat social.","robots":{"index":"index","follow":"follow","max-snippet":"max-snippet:-1","max-image-preview":"max-image-preview:large","max-video-preview":"max-video-preview:-1"},"canonical":"https:\/\/yci.org\/fr\/trouver-une-opportunite\/herstart\/","og_locale":"fr_FR","og_type":"article","og_title":"HerStart | Youth Challenge International","og_description":"YCI is advancing gender equality and sustainable development through the power of social entrepreneurship.","og_url":"https:\/\/yci.org\/fr\/trouver-une-opportunite\/herstart\/","og_site_name":"YCI - Youth Challenge International","article_modified_time":"2025-04-25T11:15:50+00:00","og_image":[{"width":1789,"height":1208,"url":"https:\/\/yci.org\/wp-content\/uploads\/yci-feature-image-1.jpg","type":"image\/jpeg"}],"twitter_card":"summary_large_image","twitter_misc":{"Dur\u00e9e de lecture estim\u00e9e":"4 minutes"},"schema":{"@context":"https:\/\/schema.org","@graph":[{"@type":"WebPage","@id":"https:\/\/yci.org\/find-an-opportunity\/herstart\/","url":"https:\/\/yci.org\/find-an-opportunity\/herstart\/","name":"HerStart | Youth Challenge International","isPartOf":{"@id":"https:\/\/yci.org\/#website"},"primaryImageOfPage":{"@id":"https:\/\/yci.org\/find-an-opportunity\/herstart\/#primaryimage"},"image":{"@id":"https:\/\/yci.org\/find-an-opportunity\/herstart\/#primaryimage"},"thumbnailUrl":"https:\/\/yci.org\/wp-content\/uploads\/yci-feature-image-1.jpg","datePublished":"2025-03-12T18:24:42+00:00","dateModified":"2025-04-25T11:15:50+00:00","description":"YCI fait progresser l'\u00e9galit\u00e9 des sexes et le d\u00e9veloppement durable gr\u00e2ce au pouvoir de l'entrepreneuriat social.","breadcrumb":{"@id":"https:\/\/yci.org\/find-an-opportunity\/herstart\/#breadcrumb"},"inLanguage":"fr-FR","potentialAction":[{"@type":"ReadAction","target":["https:\/\/yci.org\/find-an-opportunity\/herstart\/"]}]},{"@type":"ImageObject","inLanguage":"fr-FR","@id":"https:\/\/yci.org\/find-an-opportunity\/herstart\/#primaryimage","url":"https:\/\/yci.org\/wp-content\/uploads\/yci-feature-image-1.jpg","contentUrl":"https:\/\/yci.org\/wp-content\/uploads\/yci-feature-image-1.jpg","width":1789,"height":1208,"caption":"YCI.ORG logo with abstract human figures in a circular blue and green design on a dark background."},{"@type":"BreadcrumbList","@id":"https:\/\/yci.org\/find-an-opportunity\/herstart\/#breadcrumb","itemListElement":[{"@type":"ListItem","position":1,"name":"Home","item":"https:\/\/yci.org\/"},{"@type":"ListItem","position":2,"name":"Find An Opportunity","item":"https:\/\/yci.org\/find-an-opportunity\/"},{"@type":"ListItem","position":3,"name":"HerStart"}]},{"@type":"WebSite","@id":"https:\/\/yci.org\/#website","url":"https:\/\/yci.org\/","name":"YCI - Youth Challenge International","description":"Nous sommes motiv\u00e9s par les jeunes et leur potentiel \u00e0 apporter des changements positifs dans le monde.","potentialAction":[{"@type":"SearchAction","target":{"@type":"EntryPoint","urlTemplate":"https:\/\/yci.org\/?s={search_term_string}"},"query-input":{"@type":"PropertyValueSpecification","valueRequired":true,"valueName":"search_term_string"}}],"inLanguage":"fr-FR"}]}},"_links":{"self":[{"href":"https:\/\/yci.org\/fr\/wp-json\/wp\/v2\/pages\/46267","targetHints":{"allow":["GET"]}}],"collection":[{"href":"https:\/\/yci.org\/fr\/wp-json\/wp\/v2\/pages"}],"about":[{"href":"https:\/\/yci.org\/fr\/wp-json\/wp\/v2\/types\/page"}],"author":[{"embeddable":true,"href":"https:\/\/yci.org\/fr\/wp-json\/wp\/v2\/users\/7"}],"replies":[{"embeddable":true,"href":"https:\/\/yci.org\/fr\/wp-json\/wp\/v2\/comments?post=46267"}],"version-history":[{"count":0,"href":"https:\/\/yci.org\/fr\/wp-json\/wp\/v2\/pages\/46267\/revisions"}],"up":[{"embeddable":true,"href":"https:\/\/yci.org\/fr\/wp-json\/wp\/v2\/pages\/46261"}],"wp:featuredmedia":[{"embeddable":true,"href":"https:\/\/yci.org\/fr\/wp-json\/wp\/v2\/media\/46867"}],"wp:attachment":[{"href":"https:\/\/yci.org\/fr\/wp-json\/wp\/v2\/media?parent=46267"}],"curies":[{"name":"wp","href":"https:\/\/api.w.org\/{rel}","templated":true}]}}