{"id":46269,"date":"2025-03-12T14:03:23","date_gmt":"2025-03-12T19:03:23","guid":{"rendered":"https:\/\/yci2025.wpenginepowered.com\/?page_id=46269"},"modified":"2026-03-05T07:06:55","modified_gmt":"2026-03-05T12:06:55","slug":"carrieres","status":"publish","type":"page","link":"http:\/\/yci.org\/fr\/careers\/","title":{"rendered":"Travailler avec nous"},"content":{"rendered":"\n\n\t\t\t\t<img decoding=\"async\" src=\"https:\/\/yci.org\/wp-content\/uploads\/Centring-Frame-Innovation-Green.svg\" alt=\"Centring Frame - Innovation Green\" itemprop=\"image\" title=\"Centring Frame - Innovation Green\" onerror=\"this.style.display='none'\"  \/>\n<h1>\n\t\t\tWork With Us\t<\/h1>\n\t<p>Working with Youth Challenge International means being part of something bigger-backing the young leaders and innovators who are redefining what&#8217;s next, all over the world.<\/p>\n\t\t\t<a href=\"#openings\"  target=\"_blank\" rel=\"noopener\"    rel=\"noopener\">\n\t\t\t\t\t\t\tSee Current Openings\n\t\t\t\t\t<\/a>\n\t<p>Team of volunteers and staff collaborate in Tamale, Ghana<\/p>\n<h2>\n\t\t\tCurrent Openings\t<\/h2>\n\t<p>Do you have the skills, energy and drive to accelerate youth innovation?<\/p>\n<p>Sign up to <a href=\"#join\">our newsletter<\/a> and follow along on <a href=\"#join\">social media<\/a> to be the first to learn about new career opportunities with YCI.<\/p>\n\t<p><strong>Volunteer | Canada | Remote<\/strong><\/p>\n<h3>\n\t\t\tCampaign Advisor\t<\/h3>\n\t<p>We are looking for a motivated volunteer to join our Time to Act campaign! This is a unique chance to contribute to the strategic growth of a national movement in partnership with 15 Canadian organizations.<\/p>\n\t\t\t<a href=\"https:\/\/yci.org\/careers\/campaign-advisor_time-to-act\/\"  target=\"_self\">\n\t\t\t\t\t\t\tSee More &#038; Apply\n\t\t\t\t\t<\/a>\n\t\t\t\t<img decoding=\"async\" src=\"https:\/\/yci.org\/wp-content\/uploads\/800x600-4-1.jpg\" alt=\"A group of people in purple &quot;HerStart&quot; shirts smile and raise their hands outdoors by green trees and bushes.\" itemprop=\"image\" title=\"800x600 (4)\" onerror=\"this.style.display='none'\"  \/>\n\t\t\t\t<img decoding=\"async\" src=\"https:\/\/yci.org\/wp-content\/uploads\/800x600-3-1.jpg\" alt=\"Eight people pose and smile together indoors, some wearing name tags; one person is wearing a mask.\" itemprop=\"image\" title=\"800x600 (3)\" onerror=\"this.style.display='none'\"  \/>\n<h2>\n\t\t\tJoin a dynamic global team who are ideating and innovating solutions that propel positive impacts for young people.\t<\/h2>\n\t\t\t<a href=\"https:\/\/yci.org\/who-we-are\/#team\"  target=\"_self\">\n\t\t\t\t\t\t\tMeet Our Team\n\t\t\t\t\t<\/a>\n\t\t\t\t<img decoding=\"async\" src=\"https:\/\/yci.org\/wp-content\/uploads\/800x600-19-1.jpg\" alt=\"Two women with braids, smiling at one another and laughing joyfully in a room full of table stands adorned with vibrant African table coverings.\" itemprop=\"image\" title=\"800x600 (19)\" onerror=\"this.style.display='none'\"  \/>\n\t\t\t\t<img decoding=\"async\" src=\"https:\/\/yci.org\/wp-content\/uploads\/800x600-5-1.jpg\" alt=\"A woman in blue speaks into a microphone while seated on a panel at an event in Ghana.\" itemprop=\"image\" title=\"800x600 (5)\" onerror=\"this.style.display='none'\"  \/>\n<h2>\n\t\t\tYour Purpose is Youth Innovation. Our Purpose is to Collaborate with You.\t<\/h2>\n\t<p>Our team is made up of talented, ambitious people producing high quality results. We support them to do what they do best, by providing:<\/p>\n<ul>\n<li><strong>Fulfilling Projects<\/strong> &#8211; Contribute to meaningful work that is driving impact globally with a team of incredible people.<\/li>\n<li><strong>Constant Learning<\/strong> &#8211; Access training, mentorship and professional development opportunities to grow in your role and beyond.<\/li>\n<li><strong>Room to Experiment<\/strong> &#8211; We walk the talk, testing out the team&#8217;s innovative ideas to improve results, failing smart and iterating towards better outcomes.<\/li>\n<li><strong>Transparency &amp; Openness<\/strong> &#8211; From job posting salaries to strategic decisions, we strive to be clear and open in what we do and how we do it.<\/li>\n<li><strong>Wellbeing &amp; Connection<\/strong> &#8211; We take both our work and wellbeing seriously. This looks like team building sessions, celebrating team champions and empowering team members to take care of themselves and others.<\/li>\n<\/ul>\n\t\t\t\t<img decoding=\"async\" src=\"https:\/\/yci.org\/wp-content\/uploads\/Untitled-design-6.jpg\" alt=\"Two women smiling and working on a laptop at an outdoor table with greenery and buildings in the background.\" itemprop=\"image\" title=\"Untitled design (6)\" onerror=\"this.style.display='none'\"  \/>\n\t<p>Ma\u00eblle (HerStart International Fellow) collaborating on the business development process with Ancillia (entrepreneur) in Uganda<\/p>\n<h2>\n\t\t\tHear It from Our Team of Innovators\t<\/h2>\n\t\t\t\t<img decoding=\"async\" src=\"https:\/\/yci.org\/wp-content\/uploads\/sheila-headshot-yci.jpg\" alt=\"Smiling woman in sunglasses and green headband stands in front of leafy green plant and orange wall.\" itemprop=\"image\" title=\"sheila-headshot-yci\" onerror=\"this.style.display='none'\"  \/>\n<blockquote><p>&#8220;Every day at YCI brings new possibilities and fresh ways of approaching challenges. The culture encourages agile thinking and pushes me to explore innovative solutions. It&#8217;s an exciting environment where there&#8217;s always room to grow.&#8221;<\/p><\/blockquote>\nSheila, Country Manager, Ghana\t\n\t\t\t\t<img decoding=\"async\" src=\"https:\/\/yci.org\/wp-content\/uploads\/plaxeda-headshot-yci.jpg\" alt=\"Smiling woman with braided hair, wearing a dark top and necklace, in front of an orange background.\" itemprop=\"image\" title=\"plaxeda-headshot-yci\" onerror=\"this.style.display='none'\"  \/>\n<blockquote><p>&#8220;Being part of the incredible YCI team is an unmatched experience, you&#8217;ll never find a space that fosters innovation and resourcefulness like YCI does. YCI has an environment where meaningful change is not just a goal, but a tangible reality.&#8221;<\/p><\/blockquote>\nPlaxeda, Partnership &#038; Training Coordinator, Uganda\t\n\t\t\t\t<img decoding=\"async\" src=\"https:\/\/yci.org\/wp-content\/uploads\/erinkim-headshot-yci.jpg\" alt=\"Woman with long dark hair wearing a cream blouse, gold necklace, and earrings, smiling at the camera.\" itemprop=\"image\" title=\"erinkim-headshot-yci\" onerror=\"this.style.display='none'\"  \/>\n<blockquote><p>&#8220;I love how YCI fosters a more equitable and prosperous future through creative, tangible solutions. Through empowering youth and social innovation, YCI has an exponential meaningful impact and I am proud to serve on the board.&#8221;<\/p><\/blockquote>\nErin, Advisor, Board of Directors\t\n\t\t\t\t<img decoding=\"async\" src=\"https:\/\/yci.org\/wp-content\/uploads\/taylor-headshot-yci.jpg\" alt=\"Smiling woman with straight blonde hair stands in front of a bright blue and green painted brick wall.\" itemprop=\"image\" title=\"taylor-headshot-yci\" onerror=\"this.style.display='none'\"  \/>\n<blockquote><p>&#8220;Working at YCI has greatly expanded my professional development in ways I never expected. It&#8217;s the right place for people who are ready to get out of their comfort zones and generate real impact through collaboration and creativity.&#8221;<\/p><\/blockquote>\nTaylor, Communications &#038; Development Manager, Canada\t\n\t\t\t\t<img decoding=\"async\" src=\"https:\/\/yci.org\/wp-content\/uploads\/kevin-headshot-yci.jpg\" alt=\"A smiling man in a striped shirt sits in front of a chalkboard with mathematical equations.\" itemprop=\"image\" title=\"kevin-headshot-yci\" onerror=\"this.style.display='none'\"  \/>\n<blockquote><p>&#8220;It has been fantastic to see the tremendous impact that YCI has had on so many people over the years that I have been involved. It is incredible to see the power of youth transforming our communities and planet.&#8221;<\/p><\/blockquote>\nKevin, Secretary, Board of Directors\t\n<h2>\n\t\t\tGet Opportunity Alerts.\t<\/h2>\n\t<style id=\"wpforms-css-vars-46039\">\n\t\t\t\t#wpforms-46039 {\n\t\t\t\t\n\t\t\t}\n\t\t\t<\/style><div class=\"wpforms-container wpforms-container-full wpforms-render-modern\" id=\"wpforms-46039\"><form id=\"wpforms-form-46039\" class=\"wpforms-validate wpforms-form wpforms-ajax-form\" data-formid=\"46039\" method=\"post\" enctype=\"multipart\/form-data\" action=\"\/fr\/wp-json\/wp\/v2\/pages\/46269\" data-token=\"a3dd88d3ed1cb94579591d0d56e7e770\" data-token-time=\"1775410791\"><noscript class=\"wpforms-error-noscript\">Veuillez activer JavaScript dans votre navigateur pour remplir ce formulaire.<\/noscript><div id=\"wpforms-error-noscript\" style=\"display: none;\">Veuillez activer JavaScript dans votre navigateur pour remplir ce formulaire.<\/div><div class=\"wpforms-field-container\"><div id=\"wpforms-46039-field_12-container\" class=\"wpforms-field wpforms-field-layout\" data-field-id=\"12\"><div class=\"wpforms-field-layout-rows wpforms-field-large\"><div class=\"wpforms-layout-row\"><div class=\"wpforms-layout-column wpforms-layout-column-50\"><div id=\"wpforms-46039-field_9-container\" class=\"wpforms-field wpforms-field-name\" data-field-id=\"9\"><label class=\"wpforms-field-label\" for=\"wpforms-46039-field_9\">Name (Required) <span class=\"wpforms-required-label\" aria-hidden=\"true\">*<\/span><\/label><input type=\"text\" id=\"wpforms-46039-field_9\" class=\"wpforms-field-large wpforms-field-required\" name=\"wpforms[fields][9]\" aria-errormessage=\"wpforms-46039-field_9-error\" required><\/div><\/div><div class=\"wpforms-layout-column wpforms-layout-column-50\"><div id=\"wpforms-46039-field_10-container\" class=\"wpforms-field wpforms-field-email\" data-field-id=\"10\"><label class=\"wpforms-field-label\" for=\"wpforms-46039-field_10\">Email (Required) <span class=\"wpforms-required-label\" aria-hidden=\"true\">*<\/span><\/label><input type=\"email\" id=\"wpforms-46039-field_10\" class=\"wpforms-field-large wpforms-field-required\" name=\"wpforms[fields][10]\" spellcheck=\"false\" aria-errormessage=\"wpforms-46039-field_10-error\" required><\/div><\/div><\/div><\/div><\/div><\/div><!-- .wpforms-field-container --><div class=\"wpforms-submit-container\" ><input type=\"hidden\" name=\"wpforms[id]\" value=\"46039\"><input type=\"hidden\" name=\"page_title\" value=\"\"><input type=\"hidden\" name=\"page_url\" value=\"http:\/\/yci.org\/fr\/wp-json\/wp\/v2\/pages\/46269\"><input type=\"hidden\" name=\"url_referer\" value=\"\"><button type=\"submit\" name=\"wpforms[submit]\" id=\"wpforms-submit-46039\" class=\"wpforms-submit btn-round orange\" data-alt-text=\"Submitting...\" data-submit-text=\"Sign Me Up\" aria-live=\"assertive\" value=\"wpforms-submit\">Sign Me Up<\/button><img decoding=\"async\" src=\"http:\/\/yci.org\/wp-content\/plugins\/wpforms\/assets\/images\/submit-spin.svg\" class=\"wpforms-submit-spinner\" style=\"display: none;\" width=\"26\" height=\"26\" alt=\"Chargement en cours\"><\/div><\/form><\/div>  <!-- .wpforms-container -->\n<h3>\n\t\t\tSee the Impact. Follow Along.\t<\/h3>\n\n","protected":false},"excerpt":{"rendered":"<p>Travailler avec nous Travailler avec Youth Challenge International signifie faire partie de quelque chose de plus grand, en soutenant les jeunes leaders et innovateurs qui red\u00e9finissent l'avenir, partout dans le monde. Voir les offres d'emploi actuelles Une \u00e9quipe de b\u00e9n\u00e9voles et d'employ\u00e9s collabore \u00e0 Tamale, au Ghana Offres d'emploi actuelles Vous avez les comp\u00e9tences, l'\u00e9nergie et la volont\u00e9 d'acc\u00e9l\u00e9rer l'innovation chez les jeunes ? Signez...<\/p>","protected":false},"author":7,"featured_media":46867,"parent":0,"menu_order":0,"comment_status":"closed","ping_status":"closed","template":"","meta":{"_acf_changed":false,"inline_featured_image":false,"footnotes":""},"class_list":["post-46269","page","type-page","status-publish","has-post-thumbnail","hentry"],"acf":[],"yoast_head":"<!-- This site is optimized with the Yoast SEO plugin v27.3 - https:\/\/yoast.com\/product\/yoast-seo-wordpress\/ -->\n<title>Work With Us | Youth Challenge International<\/title>\n<meta name=\"description\" content=\"Join a dynamic global team who are ideating, innovating and iterating solutions that propel positive impacts for young people.\" \/>\n<meta name=\"robots\" content=\"index, follow, max-snippet:-1, max-image-preview:large, max-video-preview:-1\" \/>\n<link rel=\"canonical\" href=\"https:\/\/yci.org\/fr\/carrieres\/\" \/>\n<meta property=\"og:locale\" content=\"fr_FR\" \/>\n<meta property=\"og:type\" content=\"article\" \/>\n<meta property=\"og:title\" content=\"Work With Us | Youth Challenge International\" \/>\n<meta property=\"og:description\" content=\"Join a dynamic global team who are ideating, innovating and iterating solutions that propel positive impacts for young people.\" \/>\n<meta property=\"og:url\" content=\"https:\/\/yci.org\/fr\/carrieres\/\" \/>\n<meta property=\"og:site_name\" content=\"YCI - Youth Challenge International\" \/>\n<meta property=\"article:modified_time\" content=\"2026-03-05T12:06:55+00:00\" \/>\n<meta property=\"og:image\" content=\"https:\/\/yci.org\/wp-content\/uploads\/yci-feature-image-1.jpg\" \/>\n\t<meta property=\"og:image:width\" content=\"1789\" \/>\n\t<meta property=\"og:image:height\" content=\"1208\" \/>\n\t<meta property=\"og:image:type\" content=\"image\/jpeg\" \/>\n<meta name=\"twitter:card\" content=\"summary_large_image\" \/>\n<meta name=\"twitter:label1\" content=\"Dur\u00e9e de lecture estim\u00e9e\" \/>\n\t<meta name=\"twitter:data1\" content=\"4 minutes\" \/>\n<script type=\"application\/ld+json\" class=\"yoast-schema-graph\">{\"@context\":\"https:\\\/\\\/schema.org\",\"@graph\":[{\"@type\":\"WebPage\",\"@id\":\"https:\\\/\\\/yci.org\\\/careers\\\/\",\"url\":\"https:\\\/\\\/yci.org\\\/careers\\\/\",\"name\":\"Work With Us | Youth Challenge International\",\"isPartOf\":{\"@id\":\"https:\\\/\\\/yci.org\\\/#website\"},\"primaryImageOfPage\":{\"@id\":\"https:\\\/\\\/yci.org\\\/careers\\\/#primaryimage\"},\"image\":{\"@id\":\"https:\\\/\\\/yci.org\\\/careers\\\/#primaryimage\"},\"thumbnailUrl\":\"https:\\\/\\\/yci.org\\\/wp-content\\\/uploads\\\/yci-feature-image-1.jpg\",\"datePublished\":\"2025-03-12T19:03:23+00:00\",\"dateModified\":\"2026-03-05T12:06:55+00:00\",\"description\":\"Join a dynamic global team who are ideating, innovating and iterating solutions that propel positive impacts for young people.\",\"breadcrumb\":{\"@id\":\"https:\\\/\\\/yci.org\\\/careers\\\/#breadcrumb\"},\"inLanguage\":\"fr-FR\",\"potentialAction\":[{\"@type\":\"ReadAction\",\"target\":[\"https:\\\/\\\/yci.org\\\/careers\\\/\"]}]},{\"@type\":\"ImageObject\",\"inLanguage\":\"fr-FR\",\"@id\":\"https:\\\/\\\/yci.org\\\/careers\\\/#primaryimage\",\"url\":\"https:\\\/\\\/yci.org\\\/wp-content\\\/uploads\\\/yci-feature-image-1.jpg\",\"contentUrl\":\"https:\\\/\\\/yci.org\\\/wp-content\\\/uploads\\\/yci-feature-image-1.jpg\",\"width\":1789,\"height\":1208,\"caption\":\"YCI.ORG logo with abstract human figures in a circular blue and green design on a dark background.\"},{\"@type\":\"BreadcrumbList\",\"@id\":\"https:\\\/\\\/yci.org\\\/careers\\\/#breadcrumb\",\"itemListElement\":[{\"@type\":\"ListItem\",\"position\":1,\"name\":\"Home\",\"item\":\"https:\\\/\\\/yci.org\\\/\"},{\"@type\":\"ListItem\",\"position\":2,\"name\":\"Work With Us\"}]},{\"@type\":\"WebSite\",\"@id\":\"https:\\\/\\\/yci.org\\\/#website\",\"url\":\"https:\\\/\\\/yci.org\\\/\",\"name\":\"YCI - Youth Challenge International\",\"description\":\"We are driven by youth and their potential to affect positive change in the world\",\"potentialAction\":[{\"@type\":\"SearchAction\",\"target\":{\"@type\":\"EntryPoint\",\"urlTemplate\":\"https:\\\/\\\/yci.org\\\/?s={search_term_string}\"},\"query-input\":{\"@type\":\"PropertyValueSpecification\",\"valueRequired\":true,\"valueName\":\"search_term_string\"}}],\"inLanguage\":\"fr-FR\"}]}<\/script>\n<!-- \/ Yoast SEO plugin. -->","yoast_head_json":{"title":"Travailler avec nous | Youth Challenge International","description":"Rejoignez une \u00e9quipe mondiale dynamique qui con\u00e7oit, innove et d\u00e9veloppe des solutions qui ont un impact positif sur les jeunes.","robots":{"index":"index","follow":"follow","max-snippet":"max-snippet:-1","max-image-preview":"max-image-preview:large","max-video-preview":"max-video-preview:-1"},"canonical":"https:\/\/yci.org\/fr\/carrieres\/","og_locale":"fr_FR","og_type":"article","og_title":"Work With Us | Youth Challenge International","og_description":"Join a dynamic global team who are ideating, innovating and iterating solutions that propel positive impacts for young people.","og_url":"https:\/\/yci.org\/fr\/carrieres\/","og_site_name":"YCI - Youth Challenge International","article_modified_time":"2026-03-05T12:06:55+00:00","og_image":[{"width":1789,"height":1208,"url":"https:\/\/yci.org\/wp-content\/uploads\/yci-feature-image-1.jpg","type":"image\/jpeg"}],"twitter_card":"summary_large_image","twitter_misc":{"Dur\u00e9e de lecture estim\u00e9e":"4 minutes"},"schema":{"@context":"https:\/\/schema.org","@graph":[{"@type":"WebPage","@id":"https:\/\/yci.org\/careers\/","url":"https:\/\/yci.org\/careers\/","name":"Travailler avec nous | Youth Challenge International","isPartOf":{"@id":"https:\/\/yci.org\/#website"},"primaryImageOfPage":{"@id":"https:\/\/yci.org\/careers\/#primaryimage"},"image":{"@id":"https:\/\/yci.org\/careers\/#primaryimage"},"thumbnailUrl":"https:\/\/yci.org\/wp-content\/uploads\/yci-feature-image-1.jpg","datePublished":"2025-03-12T19:03:23+00:00","dateModified":"2026-03-05T12:06:55+00:00","description":"Rejoignez une \u00e9quipe mondiale dynamique qui con\u00e7oit, innove et d\u00e9veloppe des solutions qui ont un impact positif sur les jeunes.","breadcrumb":{"@id":"https:\/\/yci.org\/careers\/#breadcrumb"},"inLanguage":"fr-FR","potentialAction":[{"@type":"ReadAction","target":["https:\/\/yci.org\/careers\/"]}]},{"@type":"ImageObject","inLanguage":"fr-FR","@id":"https:\/\/yci.org\/careers\/#primaryimage","url":"https:\/\/yci.org\/wp-content\/uploads\/yci-feature-image-1.jpg","contentUrl":"https:\/\/yci.org\/wp-content\/uploads\/yci-feature-image-1.jpg","width":1789,"height":1208,"caption":"YCI.ORG logo with abstract human figures in a circular blue and green design on a dark background."},{"@type":"BreadcrumbList","@id":"https:\/\/yci.org\/careers\/#breadcrumb","itemListElement":[{"@type":"ListItem","position":1,"name":"Home","item":"https:\/\/yci.org\/"},{"@type":"ListItem","position":2,"name":"Work With Us"}]},{"@type":"WebSite","@id":"https:\/\/yci.org\/#website","url":"https:\/\/yci.org\/","name":"YCI - Youth Challenge International","description":"Nous sommes motiv\u00e9s par les jeunes et leur potentiel \u00e0 apporter des changements positifs dans le monde.","potentialAction":[{"@type":"SearchAction","target":{"@type":"EntryPoint","urlTemplate":"https:\/\/yci.org\/?s={search_term_string}"},"query-input":{"@type":"PropertyValueSpecification","valueRequired":true,"valueName":"search_term_string"}}],"inLanguage":"fr-FR"}]}},"_links":{"self":[{"href":"http:\/\/yci.org\/fr\/wp-json\/wp\/v2\/pages\/46269","targetHints":{"allow":["GET"]}}],"collection":[{"href":"http:\/\/yci.org\/fr\/wp-json\/wp\/v2\/pages"}],"about":[{"href":"http:\/\/yci.org\/fr\/wp-json\/wp\/v2\/types\/page"}],"author":[{"embeddable":true,"href":"http:\/\/yci.org\/fr\/wp-json\/wp\/v2\/users\/7"}],"replies":[{"embeddable":true,"href":"http:\/\/yci.org\/fr\/wp-json\/wp\/v2\/comments?post=46269"}],"version-history":[{"count":0,"href":"http:\/\/yci.org\/fr\/wp-json\/wp\/v2\/pages\/46269\/revisions"}],"wp:featuredmedia":[{"embeddable":true,"href":"http:\/\/yci.org\/fr\/wp-json\/wp\/v2\/media\/46867"}],"wp:attachment":[{"href":"http:\/\/yci.org\/fr\/wp-json\/wp\/v2\/media?parent=46269"}],"curies":[{"name":"wp","href":"https:\/\/api.w.org\/{rel}","templated":true}]}}