{"id":46261,"date":"2025-03-12T09:14:35","date_gmt":"2025-03-12T14:14:35","guid":{"rendered":"https:\/\/yci2025.wpenginepowered.com\/?page_id=46261"},"modified":"2025-05-16T17:06:05","modified_gmt":"2025-05-16T22:06:05","slug":"trouver-une-opportunite","status":"publish","type":"page","link":"http:\/\/yci.org\/fr\/find-an-opportunity\/","title":{"rendered":"Trouver une opportunit\u00e9"},"content":{"rendered":"<img decoding=\"async\" src=\"https:\/\/yci.org\/wp-content\/uploads\/Centring-Frame-Sky-Blue.svg\" alt=\"Cadre de centrage - Bleu ciel\" itemprop=\"image\" title=\"Cadre de centrage - Bleu ciel\" onerror=\"this.style.display='none'\"  \/>\n<h1>\n\t\t\tTrouvez votre prochaine opportunit\u00e9 avec YCI\t<\/h1>\n\t<p>Lorsque l'ambition et la cr\u00e9ativit\u00e9 rencontrent l'opportunit\u00e9, des choses incroyables se produisent.<\/p>\n<p>D\u00e9couvrez les programmes, les \u00e9v\u00e9nements et les fonds qui vous permettront de passer \u00e0 la vitesse sup\u00e9rieure, car le meilleur moment pour commencer, c'est maintenant.<\/p>\n\t\t\t<a href=\"#what\" target=\"_self\">\n\t\t\t\t\t\t\tAcc\u00e9der aux opportunit\u00e9s actuelles\n\t\t\t\t\t<\/a>\n\t<p>L'\u00e9quipe Seedlings pr\u00e9sente son projet d'innovation verte lors du Sommet de l'action climatique de l'YCI<\/p>\n\t\t\t<a href=\"#\" target=\"_self\" rel=\"nofollow\">\n\t\t\t\t\t\t\tSur cette page\n\t\t\t\t\t<\/a>\n\t\t\t<a href=\"#who\" target=\"_self\">\n\t\t\t\t\t\t\tQui\n\t\t\t\t\t<\/a>\n\t\t\t<a href=\"#how\" target=\"_self\">\n\t\t\t\t\t\t\tComment\n\t\t\t\t\t<\/a>\n\t\t\t<a href=\"#what\" target=\"_self\">\n\t\t\t\t\t\t\tCe qu'il faut faire\n\t\t\t\t\t<\/a>\n\t\t\t<a href=\"#why\" target=\"_self\">\n\t\t\t\t\t\t\tPourquoi\n\t\t\t\t\t<\/a>\n\t\t\t\t<img decoding=\"async\" src=\"https:\/\/yci.org\/wp-content\/uploads\/1000x1000-climate-lab.jpg\" alt=\"Quatre personnes sont assises autour d&#039;une feuille de papier avec un dessin d&#039;ampoule, \u00e9crivant sur des notes autocollantes color\u00e9es dans des quadrants.\" itemprop=\"image\" title=\"Laboratoire climatique 1000x1000\" onerror=\"this.style.display='none'\"  \/>\n\t<p>Une \u00e9quipe de catalyseurs climatiques s'engageant dans un processus d'id\u00e9ation interactif au cours d'un laboratoire de conception centr\u00e9e sur l'homme.<\/p>\n<h2>\n\t\t\tQui peut rejoindre YCI ?\t<\/h2>\n\t<p>Quel que soit votre \u00e2ge, vos ant\u00e9c\u00e9dents ou votre lieu de r\u00e9sidence, vous pouvez apprendre et agir avec YCI. Voici 4 fa\u00e7ons de vous impliquer d\u00e8s maintenant :<\/p>\n<ol>\n<li><strong><a href=\"#what\">Candidature \u00e0 un programme<\/a> <\/strong>pour d\u00e9velopper vos connaissances, vos comp\u00e9tences et vos r\u00e9seaux<\/li>\n<li>Inscrivez-vous \u00e0 un \u00e9v\u00e9nement de l'YCI, comme notre inoubliable <strong><a href=\"https:\/\/yci.org\/fr\/sommet-pour-limpact\/\">Sommet pour l'impact<\/a> <\/strong>escalades dans le monde<\/li>\n<li>D\u00e9marrer un <strong><a href=\"https:\/\/yci.akaraisin.com\/ui\/CirclesofImpact\">Le cercle de l'impact<\/a><\/strong> collecte de fonds ou <strong><a href=\"https:\/\/yci.akaraisin.com\/ui\/Donate\/donations\/start?it=1&amp;amt=25\" target=\"_blank\" rel=\"noopener\">donner <\/a><\/strong>directement \u00e0 l'innovation des jeunes<\/li>\n<li>Suivez-nous sur <strong><a href=\"https:\/\/www.instagram.com\/yci_org\/\">Instagram<\/a>, <a href=\"https:\/\/www.facebook.com\/yci.org\">Facebook<\/a> ou <a href=\"https:\/\/www.linkedin.com\/company\/youth-challenge-international\/\">LinkedIn <\/a><\/strong>et partagez \u00e0 nouveau les articles qui vous inspirent<\/li>\n<\/ol>\n<p>Si vous \u00eates passionn\u00e9 par l'autonomisation des jeunes, que vous cherchez \u00e0 nouer de nouvelles relations et que vous \u00eates pr\u00eat \u00e0 acqu\u00e9rir de nouvelles comp\u00e9tences, vous \u00eates au bon endroit.<\/p>\n<h2>\n\t\t\tYCI est le point de rencontre entre l'innovation et l'impact de la jeunesse\t<\/h2>\n\t\t\t<a href=\"javascript:void(0)\" title=\"Cliquez ici\" target=\"_self\"  data-modal=  \"role=\"button\"\" aria-label=\"Lire la vid\u00e9o\">\n\t\t\t\t\t\t\tLire la vid\u00e9o\n\t\t<\/a>\n\t\t\t\t<img decoding=\"async\" src=\"https:\/\/yci.org\/wp-content\/uploads\/1000x1000-42.jpg\" alt=\"Un homme et une femme discutent de notes autocollantes color\u00e9es \u00e0 une table o\u00f9 se trouvent un ordinateur portable et des marqueurs.\" itemprop=\"image\" title=\"1000x1000 (42)\" onerror=\"this.style.display='none'\"  \/>\n\t<p>Deux boursiers internationaux HerStart d\u00e9veloppant leurs id\u00e9es de micro-projets cr\u00e9atifs en Tanzanie.<\/p>\n<h2>\n\t\t\tL'exp\u00e9rience YCI\t<\/h2>\n\t\t\t\t<img decoding=\"async\" src=\"https:\/\/yci.org\/wp-content\/uploads\/YCI-Icon-Building-Knowledge.svg\" alt=\"YCI - Icon - Construire la connaissance\" itemprop=\"image\" title=\"YCI - Icon - Construire la connaissance\" onerror=\"this.style.display='none'\"  \/>\n\t<strong>Acqu\u00e9rir des connaissances tr\u00e8s demand\u00e9es<\/strong><br \/>\nL'apprentissage est le premier ingr\u00e9dient de toute bonne recette d'impact. En rejoignant YCI, vous aurez acc\u00e8s \u00e0 des experts en la mati\u00e8re et \u00e0 des r\u00e9flexions men\u00e9es par des pairs qui vous permettront d'approfondir vos connaissances sur les questions et les solutions essentielles auxquelles le monde est confront\u00e9 aujourd'hui.\n\t\t\t\t<img decoding=\"async\" src=\"https:\/\/yci.org\/wp-content\/uploads\/YCI-Icon-Matsering-Skills.svg\" alt=\"YCI - Ic\u00f4ne - Matsering Skills\" itemprop=\"image\" title=\"YCI - Ic\u00f4ne - Matsering Skills\" onerror=\"this.style.display='none'\"  \/>\n\t<strong>Ma\u00eetriser les comp\u00e9tences futures<\/strong><br \/>\nGr\u00e2ce \u00e0 un apprentissage pratique, vous acquerrez des comp\u00e9tences polyvalentes qui stimuleront votre croissance personnelle et professionnelle. Les opportunit\u00e9s offertes par YCI sont con\u00e7ues pour stimuler votre d\u00e9veloppement avec de nouvelles capacit\u00e9s qui sont demand\u00e9es dans tous les secteurs, y compris la conscience de soi, le leadership, la r\u00e9flexion sur la conception et la communication efficace.\n\t\t\t\t<img decoding=\"async\" src=\"https:\/\/yci.org\/wp-content\/uploads\/YCI-Icon-Accessing-Resources.svg\" alt=\"YCI - Ic\u00f4ne - Acc\u00e8s aux ressources\" itemprop=\"image\" title=\"YCI - Ic\u00f4ne - Acc\u00e8s aux ressources\" onerror=\"this.style.display='none'\"  \/>\n\t<strong>Acc\u00e8s aux outils et ressources<\/strong><br \/>\nApportez votre curiosit\u00e9, vos id\u00e9es et votre \u00e9nergie - YCI vous fournira les ressources n\u00e9cessaires pour les transformer en impact. Nous travaillons avec nos partenaires pour fournir les opportunit\u00e9s d'apprentissage, les liens de mentorat et les ressources de financement n\u00e9cessaires pour alimenter le progr\u00e8s pour les personnes et la plan\u00e8te.\n\t\t\t\t<img decoding=\"async\" src=\"https:\/\/yci.org\/wp-content\/uploads\/YCI-Icon-Connected-Collective.svg\" alt=\"YCI - Icon - Connected Collective\" itemprop=\"image\" title=\"YCI - Icon - Connected Collective\" onerror=\"this.style.display='none'\"  \/>\n\t<strong>Construire des r\u00e9seaux solides<\/strong><br \/>\nYCI est une communaut\u00e9 florissante de personnes inspirantes, partageant les m\u00eames id\u00e9es et talentueuses. Vous rejoindrez un r\u00e9seau de milliers d'anciens et d'actuels participants, d'employ\u00e9s et de partenaires qui se soutiennent mutuellement pour \u00eatre et faire de leur mieux dans le monde.\n\t\t\t\t<img decoding=\"async\" src=\"https:\/\/yci.org\/wp-content\/uploads\/YCI-Icon-Real-Results.svg\" alt=\"Ic\u00f4ne simple d&#039;une montagne surmont\u00e9e d&#039;un drapeau \u00e0 l&#039;int\u00e9rieur d&#039;une bordure circulaire aux accents verts et bleus.\" itemprop=\"image\" title=\"YCI - Icon - R\u00e9sultats r\u00e9els\" onerror=\"this.style.display='none'\"  \/>\n\t<strong>G\u00e9n\u00e9rer de vrais r\u00e9sultats<\/strong><br \/>\nLorsque vous additionnez les connaissances, les comp\u00e9tences, les ressources et les r\u00e9seaux que vous acqu\u00e9rez \u00e0 YCI, vous obtenez un potentiel d'impact illimit\u00e9. Avec les conseils de notre \u00e9quipe mondiale, vous verrez les r\u00e9sultats de premi\u00e8re main en exploitant l'innovation pour acc\u00e9l\u00e9rer le bien.\n<h2>\n\t\t\tVotre prochain grand d\u00e9m\u00e9nagement commence ici\t<\/h2>\n\t\t\t\t\t<a href=\"#\" id=\"fl-tabs--label-0\" data-index=\"0\" aria-selected=\"true\" aria-controls=\"fl-tabs--panel-0\" aria-expanded=\"true\" role=\"tab\" tabindex=\"0\">\t\t\t\tHerStart : Innover pour l'avenir\t\t\t<\/a>\n\t\t\t\t\t<a href=\"#\" id=\"fl-tabs--label-1\" data-index=\"1\" aria-selected=\"false\" aria-controls=\"fl-tabs--panel-1\" aria-expanded=\"false\" role=\"tab\" tabindex=\"0\">\t\t\t\tBourses internationales HerStart\t\t\t<\/a>\n\t\t\t\t\t<a href=\"#\" id=\"fl-tabs--label-2\" data-index=\"2\" aria-selected=\"false\" aria-controls=\"fl-tabs--panel-2\" aria-expanded=\"false\" role=\"tab\" tabindex=\"0\">\t\t\t\tR\u00e9seau d'action pour le climat\t\t\t<\/a>\n\t\t\t\t\t<a href=\"#\" id=\"fl-tabs--label-3\" data-index=\"3\" aria-selected=\"false\" aria-controls=\"fl-tabs--panel-3\" aria-expanded=\"false\" role=\"tab\" tabindex=\"0\">\t\t\t\tSommet pour l'impact\t\t\t<\/a>\n\t\t\t\tHerStart : Innover pour l'avenir\n                                        <img decoding=\"async\" src=\"https:\/\/yci.org\/wp-content\/uploads\/1000x600-tab-1-1.jpg\" alt=\"Une jeune femme entrepreneur portant une robe \u00e0 pois rouges et un foulard noir, souriant et posant avec des bo\u00eetes de th\u00e9 aux graines de criquets.\"\/>                    <img decoding=\"async\" src=\"https:\/\/yci.org\/wp-content\/uploads\/button-herstart.svg\" alt=\"Une jeune femme entrepreneur portant une robe \u00e0 pois rouges et un foulard noir, souriant et posant avec des bo\u00eetes de th\u00e9 aux graines de criquets.\" \/><p>HerStart est une initiative d'YCI qui fait progresser l'\u00e9galit\u00e9 des sexes, l'action climatique et l'autonomisation \u00e9conomique par le biais de l'entrepreneuriat social. YCI et ses partenaires locaux offrent une formation dynamique, un mentorat et un financement aux jeunes femmes qui font avancer l'innovation sociale dans leurs communaut\u00e9s.<\/p>\n\t\t\t\t\t\t\t\t<a href=\"\/fr\/trouver-une-opportunite\/herstart\/\" target=\"_self\">\n\t\t\t\t\t\t\t\t\tFaire avancer les femmes\n\t\t\t\t\t\t\t\t<\/a>\n\t\t\t\tBourses internationales HerStart\n                                        <img decoding=\"async\" src=\"https:\/\/yci.org\/wp-content\/uploads\/1800x1200-2.jpg\" alt=\"Deux femmes souriant \u00e0 des ordinateurs portables devant une banni\u00e8re de HerStart et de Youth Challenge International.\"\/>                    <img decoding=\"async\" src=\"https:\/\/yci.org\/wp-content\/uploads\/button-herstart.svg\" alt=\"Deux femmes souriant \u00e0 des ordinateurs portables devant une banni\u00e8re de HerStart et de Youth Challenge International.\" \/><p>Les bourses internationales HerStart sont des placements b\u00e9n\u00e9voles uniques pour les jeunes professionnels et les \u00e9tudiants canadiens au Ghana, en Tanzanie et en Ouganda. D\u00e9veloppez des comp\u00e9tences recherch\u00e9es, renforcez vos r\u00e9seaux mondiaux et faites progresser le d\u00e9veloppement durable avec YCI et nos incroyables partenaires. Cette opportunit\u00e9 est financ\u00e9e par le gouvernement du Canada.<\/p>\n\t\t\t\t\t\t\t\t<a href=\"https:\/\/yci.org\/fr\/herstart\/international-fellowships\/\" target=\"_self\">\n\t\t\t\t\t\t\t\t\tEn savoir plus et postuler\n\t\t\t\t\t\t\t\t<\/a>\n\t\t\t\tR\u00e9seau d'action pour le climat\n                                        <img decoding=\"async\" src=\"https:\/\/yci.org\/wp-content\/uploads\/home-opportunities-climate-action.jpg\" alt=\"Cinq jeunes gens tiennent des panneaux d&#039;action climatique lors d&#039;un rassemblement en plein air devant un b\u00e2timent en pierre.\"\/>                    <p>Gr\u00e2ce \u00e0 des programmes tels que Climate Futures Lab, Youth Climate Leadership Program et Innovate MY Future, YCI met en relation des milliers de jeunes, de partenaires et de mentors \u00e0 travers le Canada. Ensemble, ils s'attaquent aux probl\u00e8mes climatiques locaux, d\u00e9veloppent des comp\u00e9tences essentielles pour l'avenir et font avancer des projets men\u00e9s par des jeunes qui ont un impact.<\/p>\n\t\t\t\t\t\t\t\t<a href=\"\/fr\/trouver-une-opportunite\/reseau-daction-pour-le-climat\/\" target=\"_self\">\n\t\t\t\t\t\t\t\t\tExplorer le r\u00e9seau\n\t\t\t\t\t\t\t\t<\/a>\n\t\t\t\tSommet pour l'impact\n                                        <img decoding=\"async\" src=\"https:\/\/yci.org\/wp-content\/uploads\/1000x800-5.jpg\" alt=\"Un groupe de randonneurs gravit un sentier de montagne rocailleux au lever du soleil, en marchant en file indienne.\"\/>                    <p>Rejoignez YCI pour vivre l'aventure de votre vie et escalader les merveilles du monde (comme le Kilimandjaro ou le Machu Picchu), tout en soutenant des entreprises sociales dirig\u00e9es par des femmes pour qu'elles se lancent et prennent de l'ampleur. YCI fournit toute la logistique, le soutien et la motivation dont vous avez besoin pour r\u00e9aliser les exp\u00e9riences de la liste des choses \u00e0 faire avec un impact !<\/p>\n\t\t\t\t\t\t\t\t<a href=\"\/fr\/sommet-pour-limpact\/\" target=\"_self\">\n\t\t\t\t\t\t\t\t\tPr\u00e9parez-vous \u00e0 grimper\n\t\t\t\t\t\t\t\t<\/a>\n<h2>\n\t\t\tNos anciens \u00e9l\u00e8ves s'expriment\t<\/h2>\n\t\t\t<a href=\"\/fr\/feed\/\" target=\"_self\">\n\t\t\t\t\t\t\tExplorer les histoires d'impact\n\t\t\t\t\t<\/a>\n\t\t\t\t<img decoding=\"async\" src=\"https:\/\/yci.org\/wp-content\/uploads\/1000x1000-38.jpg\" alt=\"Un homme \u00e0 lunettes est assis et \u00e9coute pr\u00e8s d&#039;une banni\u00e8re de HerStart Youth Challenge International.\" itemprop=\"image\" title=\"1000x1000 (38)\" onerror=\"this.style.display='none'\"  \/>\n<blockquote><p>\"YCI offre une opportunit\u00e9 unique de s'immerger dans un travail significatif qui contribue au changement global. C'est l'occasion d'avoir un impact r\u00e9el, d'acqu\u00e9rir des comp\u00e9tences pr\u00e9cieuses et de collaborer avec des personnes passionn\u00e9es qui se consacrent \u00e0 l'am\u00e9lioration des vies et des communaut\u00e9s\".<\/p><\/blockquote>\nLeo, boursier international HerStart, Tanzanie\t\n\t\t\t\t<img decoding=\"async\" src=\"https:\/\/yci.org\/wp-content\/uploads\/1000x1000-39.jpg\" alt=\"Une jeune femme v\u00eatue d&#039;un blazer noir et d&#039;un jean sourit sur un trottoir de la ville au cr\u00e9puscule.\" itemprop=\"image\" title=\"1000x1000 (39)\" onerror=\"this.style.display='none'\"  \/>\n<blockquote><p>\"Je n'avais jamais fait de b\u00e9n\u00e9volat ni particip\u00e9 \u00e0 une action environnementale auparavant ; cela m'a ouvert un tout nouveau monde de passion et d'enthousiasme pour l'avenir.<\/p><\/blockquote>\nWateen, chef d'\u00e9quipe du Climate Futures Lab, Canada\t\n\t\t\t\t<img decoding=\"async\" src=\"https:\/\/yci.org\/wp-content\/uploads\/1000x1000-41.jpg\" alt=\"Une femme souriante est assise devant un ordinateur portable HP avec une banni\u00e8re de Youth Challenge International derri\u00e8re elle.\" itemprop=\"image\" title=\"1000x1000 (41)\" onerror=\"this.style.display='none'\"  \/>\n<blockquote><p>\"J'ai rejoint HerStart parce que j'y ai vu une chance de transformer mon id\u00e9e en une entreprise sociale qui b\u00e9n\u00e9ficierait \u00e0 l'environnement et \u00e0 ma communaut\u00e9. Le programme m'a aid\u00e9e \u00e0 apprendre la gestion financi\u00e8re et \u00e0 pr\u00e9senter mon entreprise au reste du monde.\"<\/p><\/blockquote>\nEmily, entrepreneuse HerStart, Ouganda\t\n\t\t\t\t<img decoding=\"async\" src=\"https:\/\/yci.org\/wp-content\/uploads\/1000x1000-40.jpg\" alt=\"Une femme souriante aux longs cheveux noirs se tient \u00e0 l&#039;int\u00e9rieur \u00e0 c\u00f4t\u00e9 d&#039;une banni\u00e8re de Youth Challenge International.\" itemprop=\"image\" title=\"1000x1000 (40)\" onerror=\"this.style.display='none'\"  \/>\n<blockquote><p>\"Si vous avez le privil\u00e8ge de participer \u00e0 la bourse HerStart, vous serez \u00e9tonn\u00e9 de la croissance que vous conna\u00eetrez et de l'impact dont vous serez t\u00e9moin, \u00e0 la fois en vous-m\u00eame et dans les incroyables communaut\u00e9s que vous aiderez \u00e0 soutenir\".<\/p><\/blockquote>\nShania, boursi\u00e8re internationale HerStart, Ghana\t\n\t\t\t\t<img decoding=\"async\" src=\"https:\/\/yci.org\/wp-content\/uploads\/1000x600-tab-2.jpg\" alt=\"Quatre personnes peignent ensemble \u00e0 une table couverte de mat\u00e9riel d&#039;art dans une pi\u00e8ce lumineuse et anim\u00e9e.\" itemprop=\"image\" title=\"Onglet 1000x600 (2)\" onerror=\"this.style.display='none'\"  \/>\n<blockquote><p>\"C'est exaltant d'avoir transform\u00e9 un sujet qui me passionne tant en un projet concret dans le monde r\u00e9el, tout en \u00e9tant soutenu par un groupe formidable de mentors et de pairs\".<\/p><\/blockquote>\nClimate Leader, Youth Climate Leadership Program, Canada","protected":false},"excerpt":{"rendered":"<p>Trouvez votre prochaine opportunit\u00e9 avec YCI Quand l'ambition et la cr\u00e9ativit\u00e9 rencontrent l'opportunit\u00e9, des choses incroyables se produisent. D\u00e9couvrez les programmes, les \u00e9v\u00e9nements et les fonds qui vous permettront de passer \u00e0 la vitesse sup\u00e9rieure, car le meilleur moment pour commencer, c'est maintenant. Jump to Current Opportunities L'\u00e9quipe Seedlings pr\u00e9sente son projet d'innovation verte lors du Climate Action Summit d'YCI Sur cette page...<\/p>","protected":false},"author":7,"featured_media":46867,"parent":0,"menu_order":0,"comment_status":"closed","ping_status":"closed","template":"","meta":{"_acf_changed":false,"inline_featured_image":false,"footnotes":""},"class_list":["post-46261","page","type-page","status-publish","has-post-thumbnail","hentry"],"acf":[],"yoast_head":"<!-- This site is optimized with the Yoast SEO plugin v27.4 - https:\/\/yoast.com\/product\/yoast-seo-wordpress\/ -->\n<title>Find An Opportunity - YCI - Youth Challenge International<\/title>\n<meta name=\"description\" content=\"Explore international and domestic programs for young people to build knowledge, skills and networks to accelerate youth innovation.\" \/>\n<meta name=\"robots\" content=\"index, follow, max-snippet:-1, max-image-preview:large, max-video-preview:-1\" \/>\n<link rel=\"canonical\" href=\"https:\/\/yci.org\/fr\/trouver-une-opportunite\/\" \/>\n<meta property=\"og:locale\" content=\"fr_FR\" \/>\n<meta property=\"og:type\" content=\"article\" \/>\n<meta property=\"og:title\" content=\"Find An Opportunity - YCI - Youth Challenge International\" \/>\n<meta property=\"og:description\" content=\"Explore international and domestic programs for young people to build knowledge, skills and networks to accelerate youth innovation.\" \/>\n<meta property=\"og:url\" content=\"https:\/\/yci.org\/fr\/trouver-une-opportunite\/\" \/>\n<meta property=\"og:site_name\" content=\"YCI - Youth Challenge International\" \/>\n<meta property=\"article:modified_time\" content=\"2025-05-16T22:06:05+00:00\" \/>\n<meta property=\"og:image\" content=\"https:\/\/yci.org\/wp-content\/uploads\/yci-feature-image-1.jpg\" \/>\n\t<meta property=\"og:image:width\" content=\"1789\" \/>\n\t<meta property=\"og:image:height\" content=\"1208\" \/>\n\t<meta property=\"og:image:type\" content=\"image\/jpeg\" \/>\n<meta name=\"twitter:card\" content=\"summary_large_image\" \/>\n<meta name=\"twitter:label1\" content=\"Dur\u00e9e de lecture estim\u00e9e\" \/>\n\t<meta name=\"twitter:data1\" content=\"8 minutes\" \/>\n<script type=\"application\/ld+json\" class=\"yoast-schema-graph\">{\"@context\":\"https:\\\/\\\/schema.org\",\"@graph\":[{\"@type\":\"WebPage\",\"@id\":\"https:\\\/\\\/yci.org\\\/find-an-opportunity\\\/\",\"url\":\"https:\\\/\\\/yci.org\\\/find-an-opportunity\\\/\",\"name\":\"Find An Opportunity - YCI - Youth Challenge International\",\"isPartOf\":{\"@id\":\"https:\\\/\\\/yci.org\\\/#website\"},\"primaryImageOfPage\":{\"@id\":\"https:\\\/\\\/yci.org\\\/find-an-opportunity\\\/#primaryimage\"},\"image\":{\"@id\":\"https:\\\/\\\/yci.org\\\/find-an-opportunity\\\/#primaryimage\"},\"thumbnailUrl\":\"https:\\\/\\\/yci.org\\\/wp-content\\\/uploads\\\/yci-feature-image-1.jpg\",\"datePublished\":\"2025-03-12T14:14:35+00:00\",\"dateModified\":\"2025-05-16T22:06:05+00:00\",\"description\":\"Explore international and domestic programs for young people to build knowledge, skills and networks to accelerate youth innovation.\",\"breadcrumb\":{\"@id\":\"https:\\\/\\\/yci.org\\\/find-an-opportunity\\\/#breadcrumb\"},\"inLanguage\":\"fr-FR\",\"potentialAction\":[{\"@type\":\"ReadAction\",\"target\":[\"https:\\\/\\\/yci.org\\\/find-an-opportunity\\\/\"]}]},{\"@type\":\"ImageObject\",\"inLanguage\":\"fr-FR\",\"@id\":\"https:\\\/\\\/yci.org\\\/find-an-opportunity\\\/#primaryimage\",\"url\":\"https:\\\/\\\/yci.org\\\/wp-content\\\/uploads\\\/yci-feature-image-1.jpg\",\"contentUrl\":\"https:\\\/\\\/yci.org\\\/wp-content\\\/uploads\\\/yci-feature-image-1.jpg\",\"width\":1789,\"height\":1208,\"caption\":\"YCI.ORG logo with abstract human figures in a circular blue and green design on a dark background.\"},{\"@type\":\"BreadcrumbList\",\"@id\":\"https:\\\/\\\/yci.org\\\/find-an-opportunity\\\/#breadcrumb\",\"itemListElement\":[{\"@type\":\"ListItem\",\"position\":1,\"name\":\"Home\",\"item\":\"https:\\\/\\\/yci.org\\\/\"},{\"@type\":\"ListItem\",\"position\":2,\"name\":\"Find An Opportunity\"}]},{\"@type\":\"WebSite\",\"@id\":\"https:\\\/\\\/yci.org\\\/#website\",\"url\":\"https:\\\/\\\/yci.org\\\/\",\"name\":\"YCI - Youth Challenge International\",\"description\":\"We are driven by youth and their potential to affect positive change in the world\",\"potentialAction\":[{\"@type\":\"SearchAction\",\"target\":{\"@type\":\"EntryPoint\",\"urlTemplate\":\"https:\\\/\\\/yci.org\\\/?s={search_term_string}\"},\"query-input\":{\"@type\":\"PropertyValueSpecification\",\"valueRequired\":true,\"valueName\":\"search_term_string\"}}],\"inLanguage\":\"fr-FR\"}]}<\/script>\n<!-- \/ Yoast SEO plugin. -->","yoast_head_json":{"title":"Trouver une opportunit\u00e9 - YCI - Youth Challenge International","description":"\u00c9tudier les programmes nationaux et internationaux destin\u00e9s aux jeunes afin d'acqu\u00e9rir des connaissances, des comp\u00e9tences et des r\u00e9seaux pour acc\u00e9l\u00e9rer l'innovation chez les jeunes.","robots":{"index":"index","follow":"follow","max-snippet":"max-snippet:-1","max-image-preview":"max-image-preview:large","max-video-preview":"max-video-preview:-1"},"canonical":"https:\/\/yci.org\/fr\/trouver-une-opportunite\/","og_locale":"fr_FR","og_type":"article","og_title":"Find An Opportunity - YCI - Youth Challenge International","og_description":"Explore international and domestic programs for young people to build knowledge, skills and networks to accelerate youth innovation.","og_url":"https:\/\/yci.org\/fr\/trouver-une-opportunite\/","og_site_name":"YCI - Youth Challenge International","article_modified_time":"2025-05-16T22:06:05+00:00","og_image":[{"width":1789,"height":1208,"url":"https:\/\/yci.org\/wp-content\/uploads\/yci-feature-image-1.jpg","type":"image\/jpeg"}],"twitter_card":"summary_large_image","twitter_misc":{"Dur\u00e9e de lecture estim\u00e9e":"8 minutes"},"schema":{"@context":"https:\/\/schema.org","@graph":[{"@type":"WebPage","@id":"https:\/\/yci.org\/find-an-opportunity\/","url":"https:\/\/yci.org\/find-an-opportunity\/","name":"Trouver une opportunit\u00e9 - YCI - Youth Challenge International","isPartOf":{"@id":"https:\/\/yci.org\/#website"},"primaryImageOfPage":{"@id":"https:\/\/yci.org\/find-an-opportunity\/#primaryimage"},"image":{"@id":"https:\/\/yci.org\/find-an-opportunity\/#primaryimage"},"thumbnailUrl":"https:\/\/yci.org\/wp-content\/uploads\/yci-feature-image-1.jpg","datePublished":"2025-03-12T14:14:35+00:00","dateModified":"2025-05-16T22:06:05+00:00","description":"\u00c9tudier les programmes nationaux et internationaux destin\u00e9s aux jeunes afin d'acqu\u00e9rir des connaissances, des comp\u00e9tences et des r\u00e9seaux pour acc\u00e9l\u00e9rer l'innovation chez les jeunes.","breadcrumb":{"@id":"https:\/\/yci.org\/find-an-opportunity\/#breadcrumb"},"inLanguage":"fr-FR","potentialAction":[{"@type":"ReadAction","target":["https:\/\/yci.org\/find-an-opportunity\/"]}]},{"@type":"ImageObject","inLanguage":"fr-FR","@id":"https:\/\/yci.org\/find-an-opportunity\/#primaryimage","url":"https:\/\/yci.org\/wp-content\/uploads\/yci-feature-image-1.jpg","contentUrl":"https:\/\/yci.org\/wp-content\/uploads\/yci-feature-image-1.jpg","width":1789,"height":1208,"caption":"YCI.ORG logo with abstract human figures in a circular blue and green design on a dark background."},{"@type":"BreadcrumbList","@id":"https:\/\/yci.org\/find-an-opportunity\/#breadcrumb","itemListElement":[{"@type":"ListItem","position":1,"name":"Home","item":"https:\/\/yci.org\/"},{"@type":"ListItem","position":2,"name":"Find An Opportunity"}]},{"@type":"WebSite","@id":"https:\/\/yci.org\/#website","url":"https:\/\/yci.org\/","name":"YCI - Youth Challenge International","description":"Nous sommes motiv\u00e9s par les jeunes et leur potentiel \u00e0 apporter des changements positifs dans le monde.","potentialAction":[{"@type":"SearchAction","target":{"@type":"EntryPoint","urlTemplate":"https:\/\/yci.org\/?s={search_term_string}"},"query-input":{"@type":"PropertyValueSpecification","valueRequired":true,"valueName":"search_term_string"}}],"inLanguage":"fr-FR"}]}},"_links":{"self":[{"href":"http:\/\/yci.org\/fr\/wp-json\/wp\/v2\/pages\/46261","targetHints":{"allow":["GET"]}}],"collection":[{"href":"http:\/\/yci.org\/fr\/wp-json\/wp\/v2\/pages"}],"about":[{"href":"http:\/\/yci.org\/fr\/wp-json\/wp\/v2\/types\/page"}],"author":[{"embeddable":true,"href":"http:\/\/yci.org\/fr\/wp-json\/wp\/v2\/users\/7"}],"replies":[{"embeddable":true,"href":"http:\/\/yci.org\/fr\/wp-json\/wp\/v2\/comments?post=46261"}],"version-history":[{"count":0,"href":"http:\/\/yci.org\/fr\/wp-json\/wp\/v2\/pages\/46261\/revisions"}],"wp:featuredmedia":[{"embeddable":true,"href":"http:\/\/yci.org\/fr\/wp-json\/wp\/v2\/media\/46867"}],"wp:attachment":[{"href":"http:\/\/yci.org\/fr\/wp-json\/wp\/v2\/media?parent=46261"}],"curies":[{"name":"wp","href":"https:\/\/api.w.org\/{rel}","templated":true}]}}